{"id":109856,"date":"2024-01-25T12:31:37","date_gmt":"2024-01-25T12:31:37","guid":{"rendered":"https:\/\/globecore.com\/products\/instrumentos\/tor-8-tester-for-residual-gas-content-of-insulating-oil\/"},"modified":"2026-03-06T13:45:45","modified_gmt":"2026-03-06T13:45:45","slug":"tor-8-tester-for-residual-gas-content-of-insulating-oil","status":"publish","type":"page","link":"https:\/\/globecore.com\/es\/products\/instrumentos\/tor-8-tester-for-residual-gas-content-of-insulating-oil\/","title":{"rendered":"TOR-8 Dispositivo para medir el contenido de gas residual del aceite aislante"},"content":{"rendered":"","protected":false},"excerpt":{"rendered":"<p>El TOR-8 se utiliza para medir los gases disueltos en aceites aislantes durante el proceso de desgasificaci\u00f3n en las m\u00e1quinas de desgasificaci\u00f3n. Su objetivo principal es evaluar con precisi\u00f3n la eficiencia de la eliminaci\u00f3n de gases del aceite de transformador, lo que permite a los profesionales monitorear la velocidad de desgasificaci\u00f3n y garantizar un tratamiento adecuado del aceite. El proceso de medici\u00f3n dura hasta 10 minutos y el dispositivo incluye una impresora t\u00e9rmica integrada para imprimir los resultados. El TOR-8 es ampliamente utilizado por empresas dedicadas a la instalaci\u00f3n, reparaci\u00f3n y operaci\u00f3n de sistemas de aceite para transformadores, siendo una herramienta esencial para el mantenimiento y servicio de equipos de transformadores.<\/p>\n","protected":false},"author":7,"featured_media":109847,"parent":31947,"menu_order":0,"comment_status":"closed","ping_status":"closed","template":"templates\/single-product.php","meta":{"_acf_changed":false,"_bbp_topic_count":0,"_bbp_reply_count":0,"_bbp_total_topic_count":0,"_bbp_total_reply_count":0,"_bbp_voice_count":0,"_bbp_anonymous_reply_count":0,"_bbp_topic_count_hidden":0,"_bbp_reply_count_hidden":0,"_bbp_forum_subforum_count":0,"footnotes":""},"categories":[1635],"class_list":["post-109856","page","type-page","status-publish","has-post-thumbnail","hentry","category-instrumentos","oil_type-aceite-de-silicona","oil_type-aceite-para-transformadores","oil_type-fluido-dielectrico-fr3","oil_type-fluido-dielectrico-midel-7131","process_type-test-de-gas-residual"],"acf":[],"language":"es","_links":{"self":[{"href":"https:\/\/globecore.com\/es\/wp-json\/wp\/v2\/pages\/109856","targetHints":{"allow":["GET"]}}],"collection":[{"href":"https:\/\/globecore.com\/es\/wp-json\/wp\/v2\/pages"}],"about":[{"href":"https:\/\/globecore.com\/es\/wp-json\/wp\/v2\/types\/page"}],"author":[{"embeddable":true,"href":"https:\/\/globecore.com\/es\/wp-json\/wp\/v2\/users\/7"}],"replies":[{"embeddable":true,"href":"https:\/\/globecore.com\/es\/wp-json\/wp\/v2\/comments?post=109856"}],"version-history":[{"count":2,"href":"https:\/\/globecore.com\/es\/wp-json\/wp\/v2\/pages\/109856\/revisions"}],"predecessor-version":[{"id":336204,"href":"https:\/\/globecore.com\/es\/wp-json\/wp\/v2\/pages\/109856\/revisions\/336204"}],"up":[{"embeddable":true,"href":"https:\/\/globecore.com\/es\/wp-json\/wp\/v2\/pages\/31947"}],"wp:featuredmedia":[{"embeddable":true,"href":"https:\/\/globecore.com\/es\/wp-json\/wp\/v2\/media\/109847"}],"wp:attachment":[{"href":"https:\/\/globecore.com\/es\/wp-json\/wp\/v2\/media?parent=109856"}],"wp:term":[{"taxonomy":"category","embeddable":true,"href":"https:\/\/globecore.com\/es\/wp-json\/wp\/v2\/categories?post=109856"}],"curies":[{"name":"wp","href":"https:\/\/api.w.org\/{rel}","templated":true}]}}