{"id":110048,"date":"2024-01-22T12:05:41","date_gmt":"2024-01-22T12:05:41","guid":{"rendered":"https:\/\/globecore.com\/products\/online-transformer-dry-out-systems\/tor-4-online-transformer-dry-out-system\/"},"modified":"2026-03-06T09:10:39","modified_gmt":"2026-03-06T09:10:39","slug":"tor-4-online-transformer-dry-out-system","status":"publish","type":"page","link":"https:\/\/globecore.com\/es\/products\/online-transformer-dry-out-systems\/tor-4-online-transformer-dry-out-system\/","title":{"rendered":"TOR-4 Sistema de secado continuo de los transformadores"},"content":{"rendered":"","protected":false},"excerpt":{"rendered":"<p>La unidad de secado de aceite de transformador TOR-4 elimina eficientemente el agua de los transformadores, manteniendo el aceite seco sin importar la temperatura o el estado del agua. El aceite circula a trav\u00e9s de filtros y adsorbentes antes de regresar al transformador. Un controlador l\u00f3gico integrado supervisa el contenido de humedad, la presi\u00f3n del filtro, el funcionamiento de la bomba y el nivel de aceite del transformador. En caso de fuga, las v\u00e1lvulas autom\u00e1ticas detienen el flujo de aceite y apagan la unidad. La TOR-4 tiene una capacidad de secado de 30\u202fl\/h, puede conectarse en menos de una hora, funciona sin calefacci\u00f3n, no requiere supervisi\u00f3n constante y puede instalarse de manera temporal o permanente.<\/p>\n","protected":false},"author":7,"featured_media":67017,"parent":104875,"menu_order":0,"comment_status":"closed","ping_status":"closed","template":"templates\/single-product.php","meta":{"_acf_changed":false,"_bbp_topic_count":0,"_bbp_reply_count":0,"_bbp_total_topic_count":0,"_bbp_total_reply_count":0,"_bbp_voice_count":0,"_bbp_anonymous_reply_count":0,"_bbp_topic_count_hidden":0,"_bbp_reply_count_hidden":0,"_bbp_forum_subforum_count":0,"footnotes":""},"categories":[2478,1338],"class_list":["post-110048","page","type-page","status-publish","has-post-thumbnail","hentry","category-mantenimiento-de-transformadores","category-oil-maintenance-es","oil_type-transformadores-de-distribucion","oil_type-transformadores-elevadores-es","oil_type-transformadores-para-fines-especiales","oil_type-transformadores-reductores","process_type-deshidratacion"],"acf":[],"language":"es","_links":{"self":[{"href":"https:\/\/globecore.com\/es\/wp-json\/wp\/v2\/pages\/110048","targetHints":{"allow":["GET"]}}],"collection":[{"href":"https:\/\/globecore.com\/es\/wp-json\/wp\/v2\/pages"}],"about":[{"href":"https:\/\/globecore.com\/es\/wp-json\/wp\/v2\/types\/page"}],"author":[{"embeddable":true,"href":"https:\/\/globecore.com\/es\/wp-json\/wp\/v2\/users\/7"}],"replies":[{"embeddable":true,"href":"https:\/\/globecore.com\/es\/wp-json\/wp\/v2\/comments?post=110048"}],"version-history":[{"count":1,"href":"https:\/\/globecore.com\/es\/wp-json\/wp\/v2\/pages\/110048\/revisions"}],"predecessor-version":[{"id":336107,"href":"https:\/\/globecore.com\/es\/wp-json\/wp\/v2\/pages\/110048\/revisions\/336107"}],"up":[{"embeddable":true,"href":"https:\/\/globecore.com\/es\/wp-json\/wp\/v2\/pages\/104875"}],"wp:featuredmedia":[{"embeddable":true,"href":"https:\/\/globecore.com\/es\/wp-json\/wp\/v2\/media\/67017"}],"wp:attachment":[{"href":"https:\/\/globecore.com\/es\/wp-json\/wp\/v2\/media?parent=110048"}],"wp:term":[{"taxonomy":"category","embeddable":true,"href":"https:\/\/globecore.com\/es\/wp-json\/wp\/v2\/categories?post=110048"}],"curies":[{"name":"wp","href":"https:\/\/api.w.org\/{rel}","templated":true}]}}