{"id":11007,"date":"2017-09-20T07:50:32","date_gmt":"2017-09-20T07:50:32","guid":{"rendered":"https:\/\/globecore.com\/products\/oil-processing-equipment\/oil-filtration-pumping.html"},"modified":"2025-09-25T12:20:09","modified_gmt":"2025-09-25T12:20:09","slug":"filtrado-de-aceite","status":"publish","type":"page","link":"https:\/\/globecore.com\/es\/products\/filtrado-de-aceite\/","title":{"rendered":"Filtraci\u00f3n de aceite"},"content":{"rendered":"<h2 style=\"text-align: center;\"><b>Filtraci\u00f3n de aceite hidr\u00e1ulico<\/b><\/h2>\n<p>Los aceites hidr\u00e1ulicos se utilizan en diversos equipos industriales (manipuladores, m\u00e1quinas herramientas, robots, prensas, etc.).Su objetivo principal es transferir energ\u00eda mec\u00e1nica desde el lugar de producci\u00f3n al lugar de uso directo.<\/p>\n<p>Cuanto m\u00e1s limpio, m\u00e1s eficaz ser\u00e1 su funci\u00f3n como fluido hidr\u00e1ulico. Por lo tanto, se usa filtraci\u00f3n de aceite.<\/p>\n<p><b>Para mantener la pureza del l\u00edquido en el nivel adecuado, se utiliza un tratamiento de m\u00faltiples etapas:<\/b><\/p>\n<ul>\n<li><b>filtraci\u00f3n antes de rellenar el sistema;<\/b><\/li>\n<\/ul>\n<ul>\n<li>filtraci\u00f3n estacionaria durante la operaci\u00f3n;<\/li>\n<\/ul>\n<ul>\n<li>filtraci\u00f3n de aceite usado para reutilizar.<\/li>\n<\/ul>\n<p>Cada una de las etapas enumeradas tiene sus propias caracter\u00edsticas. En este art\u00edculo, consideraremos en detalle las reglas b\u00e1sicas para seleccionar filtros estacionarios de sistemas hidr\u00e1ulicos.<\/p>\n<p>La primera regla recomienda la m\u00e1quina de filtros en las l\u00edneas de succi\u00f3n de las bombas. Esto proteger\u00e1 todos los componentes del accionamiento hidr\u00e1ulico, incluidas las bombas centr\u00edfugas. Si esto no es posible por razones t\u00e9cnicas, la m\u00e1quina debe llevarse a cabo en las l\u00edneas de inyecci\u00f3n y drenaje.<\/p>\n<p>Los componentes especialmente responsables del accionamiento hidr\u00e1ulico (carretes, estranguladores) requieren dispositivos de protecci\u00f3n adicionales, que se instalan en la l\u00ednea de inyecci\u00f3n. La finura de la filtraci\u00f3n de aceite debe seleccionarse dependiendo de las condiciones de operaci\u00f3n.<\/p>\n<p>El trabajo de m\u00e1quina en los filtros debe llevarse a cabo sin quitar la tuber\u00eda, abrir el tanque de aceite o desmontar los componentes individuales del sistema hidr\u00e1ulico. En presencia de \u00a0l\u00edneas caudales autom\u00e1ticas, es aconsejable instalar filtros en las l\u00edneas de succi\u00f3n, cuyos elementos pueden reemplazarse sin detener el funcionamiento de las bombas.<\/p>\n<p>El tama\u00f1o del filtro se calcula teniendo en cuenta los siguientes par\u00e1metros: ca\u00edda de presi\u00f3n en la l\u00ednea, caudal y viscosidad del fluido de trabajo. Por lo general, las caracter\u00edsticas enumeradas se indican en el pasaporte.<\/p>\n<p>La filtraci\u00f3n de aceite es un proceso bastante responsable, por lo tanto, es necesario probar los filtros antes de la puesta en servicio.<\/p>\n<p>Hay aceptaci\u00f3n y pruebas de laboratorio. En el primer caso, todas las acciones necesarias se realizan en la f\u00e1brica. Las pruebas de aceptaci\u00f3n se llevan a cabo seg\u00fan un programa simplificado e incluyen la determinaci\u00f3n de las caracter\u00edsticas hidr\u00e1ulicas y de resistencia tanto del filtro como del elemento filtrante. En las pruebas de laboratorio, adem\u00e1s de las caracter\u00edsticas anteriores, tambi\u00e9n se determinan las dimensiones geom\u00e9tricas y la precisi\u00f3n de fabricaci\u00f3n.<b><\/b><\/p>\n<h2 style=\"text-align: center;\"><b> Filtraci\u00f3n de aceites de turbina \u00a0\u00a0<\/b><\/h2>\n<p>La industria energ\u00e9tica moderna es muy dif\u00edcil de imaginar sin un dispositivo como una turbina.<\/p>\n<p>Se usa activamente en energ\u00eda hidroel\u00e9ctrica, e\u00f3lica y nuclear.<\/p>\n<p>Las condiciones de operaci\u00f3n pesadas de las turbinas requieren el uso de aceites especiales que proporcionan lubricaci\u00f3n de cojinetes y cajas de engranajes, previenen y reducen la fricci\u00f3n, reducen el desgaste de los dientes.<\/p>\n<p><img loading=\"lazy\" decoding=\"async\" class=\"wp-image-12792 size-medium aligncenter lazyload\" title=\"filtraci\u00f3n de aceite\" src=\"data:image\/gif;base64,R0lGODlhAQABAAAAACH5BAEKAAEALAAAAAABAAEAAAICTAEAOw==\" alt=\"filtraci\u00f3n de aceite\" width=\"600\" height=\"400\" sizes=\"auto, (max-width: 600px) 100vw, 600px\" data-src=\"https:\/\/globecore.com\/wp-content\/uploads\/2014\/10\/Depositphotos_38054711-624x416-600x400.jpg\" data-srcset=\"https:\/\/globecore.com\/wp-content\/uploads\/2014\/10\/Depositphotos_38054711-624x416-600x400.jpg 600w, https:\/\/globecore.com\/wp-content\/uploads\/2014\/10\/Depositphotos_38054711-624x416.jpg 624w\"><\/p>\n<p>Cuanto m\u00e1s limpio es el aceite, mejor desempe\u00f1a las funciones que se le asignan. Pero las condiciones severas son t\u00edpicas no solo para las turbinas, sino tambi\u00e9n para los aceites. La acumulaci\u00f3n en ellos de varias impurezas da\u00f1inas y productos que envejecen es inevitable y puede conducir a una parada de emergencia de la turbina, reparaciones no programadas, mayores costos de reposici\u00f3n de aceite y producci\u00f3n insuficiente de electricidad.<\/p>\n<p>La filtraci\u00f3n de aceites de turbina puede corregir la situaci\u00f3n.<\/p>\n<p>GlobeCore es uno de los principales fabricantes y proveedores de equipos de filtraci\u00f3n para aceites industriales. Para resolver la tarea de limpiar el aceite de la turbina, se ha dise\u00f1ado especialmente una planta de tipo CMM-T. El principio de su funcionamiento se basa en el efecto complejo de alta temperatura y vac\u00edo profundo, as\u00ed como el paso repetido del aceite procesado a trav\u00e9s de la unidad de filtro. La finura de la filtraci\u00f3n no es m\u00e1s de 5 \u03bcm, y el contenido de humedad en masa del aceite no es m\u00e1s de 10 g \/ t.<\/p>\n<p><b>Dependiendo de la naturaleza de las tareas actuales, la instalaci\u00f3n de CMM-T se puede utilizar en uno de estos tres modos:<\/b><\/p>\n<ul>\n<li>filtraci\u00f3n y calentamiento de aceite;<\/li>\n<li>filtraci\u00f3n, deshumidificaci\u00f3n y desgasificaci\u00f3n del aceite;<\/li>\n<li>rarefacci\u00f3n de equipos.<\/li>\n<\/ul>\n<p>Tambi\u00e9n puede elegir el rendimiento requerido: estacionario o m\u00f3vil.<\/p>\n<p><b>Filtraci\u00f3n oportuna de aceites de turbina evita una serie de consecuencias desagradables y proporciona:<\/b><\/p>\n<ol>\n<li>disminuci\u00f3n de gastos para la operaci\u00f3n de turbinas de potencia;<\/li>\n<li>reducci\u00f3n del consumo de aceite de la turbina prolongando su vida \u00fatil;<\/li>\n<li>reducci\u00f3n de residuos, en primer lugar, aceite residual;<\/li>\n<li>eliminaci\u00f3n de paradas no planificadas de unidades de potencia;<\/li>\n<li>disminuci\u00f3n de gastos por reparaciones de cojinetes, bombas y otros equipos.<\/li>\n<\/ol>\n<p>A petici\u00f3n suya, los equipos GlobeCore para la filtraci\u00f3n de aceites de turbinas pueden complementarse:<\/p>\n<ul>\n<li>sensores y medidores adicionales de varios par\u00e1metros (humedad, part\u00edculas mec\u00e1nicas, etc.);<\/li>\n<li>sistema que controla el funcionamiento de la instalaci\u00f3n mediante comunicaci\u00f3n m\u00f3vil;<\/li>\n<li>remolque, rodillos o ruedas neum\u00e1ticas;<\/li>\n<li>medios de ajuste del rendimiento.<\/li>\n<\/ul>\n<p>A prueba de explosiones y equipo a prueba de inoxidable tambi\u00e9n es posible.<\/p>\n<h2 style=\"text-align: center;\"><b>Filtraci\u00f3n de aceite de transformador<br \/>\n<\/b><\/h2>\n<p>Sin transformadores de potencia, es dif\u00edcil imaginar procesos modernos de transmisi\u00f3n y distribuci\u00f3n de energ\u00eda el\u00e9ctrica. Dichos dispositivos deber\u00edan estar bien refrigerados y protegidos de posibles aver\u00edas del aislamiento. Esta funci\u00f3n est\u00e1 asignada a aceites minerales.<\/p>\n<p>El funcionamiento a largo plazo de los equipos de transformadores generalmente conduce al envejecimiento de los aceites.<\/p>\n<p><b>Es una consecuencia del impacto complejo de una serie de factores:<\/b><\/p>\n<ul>\n<li>ingreso de agua en formas libres y emulsionadas;<\/li>\n<li>aumentaci\u00f3n de la cantidad de part\u00edculas mec\u00e1nicas y la viscosidad;<\/li>\n<li>acumulaci\u00f3n de productos de degradaci\u00f3n de aislamiento s\u00f3lido;<\/li>\n<li>acumulaci\u00f3n de productos de descomposici\u00f3n de aditivos;<\/li>\n<li>acumulaci\u00f3n de productos de descomposici\u00f3n de hidrocarburos.<\/li>\n<\/ul>\n<p>Para reducir el envejecimiento y prolongar la vida \u00fatil del l\u00edquido aislante, se utiliza la filtraci\u00f3n de aceite. <b>Si el intervalo de procesamiento es incorrecto, son posibles los siguientes fen\u00f3menos negativos:<\/b><\/p>\n<ul>\n<li>reducci\u00f3n de la eficiencia de enfriamiento;<\/li>\n<li>reducci\u00f3n de la resistencia diel\u00e9ctrica;<\/li>\n<li>corrosi\u00f3n del n\u00facleo y del cuerpo de la bobina del transformador;<\/li>\n<li>acumulaci\u00f3n de sedimentos en las superficies internas;<\/li>\n<li>aumentaci\u00f3n del riesgo de situaciones de emergencia.<\/li>\n<\/ul>\n<p>Filtraci\u00f3n de aceite de los transformadores de fuerza permite eliminar las impurezas mec\u00e1nicas a tiempo. <b>No son el \u00fanico contaminante, pero, sin embargo, representan un gran peligro:<\/b><\/p>\n<ul>\n<li>sedimento de varias capas en el circuito magn\u00e9tico y devanado;<\/li>\n<li>provocan la formaci\u00f3n de agua emulsionada;<\/li>\n<li>interrumpen el proceso de eliminaci\u00f3n de calor y reduce la eficiencia de enfriamiento;<\/li>\n<li>se crean una capa bajo la cual los procesos de corrosi\u00f3n y destrucci\u00f3n del aislamiento proceden m\u00e1s intensamente.<\/li>\n<\/ul>\n<p>GlobeCore desarroll\u00f3 plantas de filtraci\u00f3n m\u00f3viles para aceites de transformadores como CMM-4,0F. Este equipo es f\u00e1cil de mantener y operar.Implementa el principio de filtraci\u00f3n de aceite compleja: filtros gruesos y finos, as\u00ed como los efectos de la temperatura y el vac\u00edo.Este enfoque permite limpiar el aceite del transformador no solo de impurezas mec\u00e1nicas, sino tambi\u00e9n del agua.<\/p>\n<p>Despu\u00e9s de filtraci\u00f3n de aceite se caracteriza por los siguientes par\u00e1metros:<\/p>\n<ul>\n<li>grado de purificaci\u00f3n del agua &#8211; hasta 98%;<\/li>\n<li>grado de purificaci\u00f3n de las impurezas mec\u00e1nicas, hasta 97%.<\/li>\n<\/ul>\n<p>El uso oportuno del equipo de filtraci\u00f3n GlobeCore permite aumentar la confiabilidad del transformador de potencia, eliminar las reparaciones no programadas y el tiempo de inactividad, y ahorrar dinero en compras de aceites frescos.<\/p>\n<p>A pedido del cliente, GlobeCore puede producir plantas de filtraci\u00f3n de aceite de acuerdo con pedidos individuales, realizar supervisi\u00f3n de instalaci\u00f3n y ayudar con la puesta en marcha de los equipos. Adem\u00e1s, es posible agregar nuevas caracter\u00edsticas y funciones (por ejemplo, un contador mec\u00e1nico de part\u00edculas o monitoreo del rendimiento a trav\u00e9s de la comunicaci\u00f3n m\u00f3vil).<\/p>\n","protected":false},"excerpt":{"rendered":"<p>Filtraci\u00f3n de aceite hidr\u00e1ulico Los aceites hidr\u00e1ulicos se utilizan en diversos equipos industriales (manipuladores, m\u00e1quinas herramientas, robots, prensas, etc.).Su objetivo principal es transferir energ\u00eda mec\u00e1nica desde el lugar de producci\u00f3n al lugar de uso directo. Cuanto m\u00e1s limpio, m\u00e1s eficaz ser\u00e1 su funci\u00f3n como fluido hidr\u00e1ulico. Por lo tanto, se usa filtraci\u00f3n de aceite. Para<a class=\"cg-read-more\" href=\"https:\/\/globecore.com\/es\/products\/filtrado-de-aceite\/\" target=\"_blank\">Leer m\u00e1s <\/a><\/p>\n","protected":false},"author":7,"featured_media":38281,"parent":10793,"menu_order":0,"comment_status":"closed","ping_status":"closed","template":"templates\/products-sidebar.php","meta":{"_acf_changed":false,"_bbp_topic_count":0,"_bbp_reply_count":0,"_bbp_total_topic_count":0,"_bbp_total_reply_count":0,"_bbp_voice_count":0,"_bbp_anonymous_reply_count":0,"_bbp_topic_count_hidden":0,"_bbp_reply_count_hidden":0,"_bbp_forum_subforum_count":0,"footnotes":""},"categories":[],"class_list":["post-11007","page","type-page","status-publish","has-post-thumbnail","hentry"],"acf":[],"language":"es","_links":{"self":[{"href":"https:\/\/globecore.com\/es\/wp-json\/wp\/v2\/pages\/11007","targetHints":{"allow":["GET"]}}],"collection":[{"href":"https:\/\/globecore.com\/es\/wp-json\/wp\/v2\/pages"}],"about":[{"href":"https:\/\/globecore.com\/es\/wp-json\/wp\/v2\/types\/page"}],"author":[{"embeddable":true,"href":"https:\/\/globecore.com\/es\/wp-json\/wp\/v2\/users\/7"}],"replies":[{"embeddable":true,"href":"https:\/\/globecore.com\/es\/wp-json\/wp\/v2\/comments?post=11007"}],"version-history":[{"count":0,"href":"https:\/\/globecore.com\/es\/wp-json\/wp\/v2\/pages\/11007\/revisions"}],"up":[{"embeddable":true,"href":"https:\/\/globecore.com\/es\/wp-json\/wp\/v2\/pages\/10793"}],"wp:featuredmedia":[{"embeddable":true,"href":"https:\/\/globecore.com\/es\/wp-json\/wp\/v2\/media\/38281"}],"wp:attachment":[{"href":"https:\/\/globecore.com\/es\/wp-json\/wp\/v2\/media?parent=11007"}],"wp:term":[{"taxonomy":"category","embeddable":true,"href":"https:\/\/globecore.com\/es\/wp-json\/wp\/v2\/categories?post=11007"}],"curies":[{"name":"wp","href":"https:\/\/api.w.org\/{rel}","templated":true}]}}