{"id":111447,"date":"2024-03-18T12:40:57","date_gmt":"2024-03-18T12:40:57","guid":{"rendered":"https:\/\/globecore.com\/products\/molino-magnetico\/avsp-150-vortex-layer-device-semi-automated\/"},"modified":"2026-04-16T12:54:04","modified_gmt":"2026-04-16T12:54:04","slug":"avsp-150-vortex-layer-device-semi-automated","status":"publish","type":"page","link":"https:\/\/globecore.com\/es\/products\/molino-magnetico\/avsp-150-vortex-layer-device-semi-automated\/","title":{"rendered":"AVSp-150 Aparato de capa v\u00f3rtex (semiautom\u00e1tico)"},"content":{"rendered":"","protected":false},"excerpt":{"rendered":"<p>GlobeCore es la \u00fanica empresa de alta tecnolog\u00eda en el mundo que fabrica dispositivos industriales de capa de v\u00f3rtice con un rendimiento probado y predecible. El dispositivo de capa de v\u00f3rtice semiautomatizado AVSp-150 est\u00e1 dise\u00f1ado para intensificar procesos f\u00edsicos y qu\u00edmicos, garantizando una dispersi\u00f3n eficiente y la mezcla en seco de materiales a granel, incluidos los micropolvos, as\u00ed como la activaci\u00f3n y modificaci\u00f3n de aditivos, la pulverizaci\u00f3n de polvos de ferrita y el procesamiento de materiales en polvo tanto en estado seco como l\u00edquido.<\/p>\n","protected":false},"author":7,"featured_media":111210,"parent":12521,"menu_order":0,"comment_status":"closed","ping_status":"closed","template":"templates\/single-product.php","meta":{"_acf_changed":false,"_bbp_topic_count":0,"_bbp_reply_count":0,"_bbp_total_topic_count":0,"_bbp_total_reply_count":0,"_bbp_voice_count":0,"_bbp_anonymous_reply_count":0,"_bbp_topic_count_hidden":0,"_bbp_reply_count_hidden":0,"_bbp_forum_subforum_count":0,"footnotes":""},"categories":[1360],"class_list":["post-111447","page","type-page","status-publish","has-post-thumbnail","hentry","category-molienda","oil_type-industria-de-la-construccion","oil_type-industria-quimica-es","process_type-activacion","process_type-mezcla","process_type-molienda"],"acf":[],"language":"es","_links":{"self":[{"href":"https:\/\/globecore.com\/es\/wp-json\/wp\/v2\/pages\/111447","targetHints":{"allow":["GET"]}}],"collection":[{"href":"https:\/\/globecore.com\/es\/wp-json\/wp\/v2\/pages"}],"about":[{"href":"https:\/\/globecore.com\/es\/wp-json\/wp\/v2\/types\/page"}],"author":[{"embeddable":true,"href":"https:\/\/globecore.com\/es\/wp-json\/wp\/v2\/users\/7"}],"replies":[{"embeddable":true,"href":"https:\/\/globecore.com\/es\/wp-json\/wp\/v2\/comments?post=111447"}],"version-history":[{"count":4,"href":"https:\/\/globecore.com\/es\/wp-json\/wp\/v2\/pages\/111447\/revisions"}],"predecessor-version":[{"id":342833,"href":"https:\/\/globecore.com\/es\/wp-json\/wp\/v2\/pages\/111447\/revisions\/342833"}],"up":[{"embeddable":true,"href":"https:\/\/globecore.com\/es\/wp-json\/wp\/v2\/pages\/12521"}],"wp:featuredmedia":[{"embeddable":true,"href":"https:\/\/globecore.com\/es\/wp-json\/wp\/v2\/media\/111210"}],"wp:attachment":[{"href":"https:\/\/globecore.com\/es\/wp-json\/wp\/v2\/media?parent=111447"}],"wp:term":[{"taxonomy":"category","embeddable":true,"href":"https:\/\/globecore.com\/es\/wp-json\/wp\/v2\/categories?post=111447"}],"curies":[{"name":"wp","href":"https:\/\/api.w.org\/{rel}","templated":true}]}}