{"id":11791,"date":"2017-05-30T10:42:32","date_gmt":"2017-05-30T10:42:32","guid":{"rendered":"https:\/\/globecore.com\/products\/biodiesel-equipment.html"},"modified":"2026-03-09T12:17:59","modified_gmt":"2026-03-09T12:17:59","slug":"biodiesel-equipment","status":"publish","type":"page","link":"https:\/\/globecore.com\/es\/products\/biodiesel-equipment\/biodiesel-equipment\/","title":{"rendered":"USB-1 M\u00e1quinas de biodiesel"},"content":{"rendered":"","protected":false},"excerpt":{"rendered":"<p>La unidad de producci\u00f3n de biodi\u00e9sel USB-1 tiene una capacidad de 4\u202fm\u00b3\/h y se basa en tecnolog\u00eda de reacci\u00f3n continua, lo que acelera el proceso y mejora la calidad del producto, consumiendo de 5 a 7 veces menos energ\u00eda en comparaci\u00f3n con los equipos convencionales. La unidad se caracteriza por su operaci\u00f3n sencilla y alta eficiencia. El desarrollo y las pruebas continuas han permitido a GlobeCore mejorar el dise\u00f1o, logrando un mayor rendimiento del producto y un menor consumo de energ\u00eda.<br \/>\nLas plantas de biodi\u00e9sel de GlobeCore est\u00e1n disponibles con capacidades que van de 1,000 a 16,000\u202flitros\/h, lo que permite la producci\u00f3n de biodi\u00e9sel a partir de cualquier aceite vegetal o grasa animal.<\/p>\n","protected":false},"author":7,"featured_media":11793,"parent":105048,"menu_order":0,"comment_status":"closed","ping_status":"closed","template":"templates\/single-product.php","meta":{"_acf_changed":false,"_bbp_topic_count":0,"_bbp_reply_count":0,"_bbp_total_topic_count":0,"_bbp_total_reply_count":0,"_bbp_voice_count":0,"_bbp_anonymous_reply_count":0,"_bbp_topic_count_hidden":0,"_bbp_reply_count_hidden":0,"_bbp_forum_subforum_count":0,"footnotes":""},"categories":[2565],"class_list":["post-11791","page","type-page","status-publish","has-post-thumbnail","hentry","category-energias-renovables-biocombustibles","oil_type-industria-quimica-es","process_type-blending-es"],"acf":[],"language":"es","_links":{"self":[{"href":"https:\/\/globecore.com\/es\/wp-json\/wp\/v2\/pages\/11791","targetHints":{"allow":["GET"]}}],"collection":[{"href":"https:\/\/globecore.com\/es\/wp-json\/wp\/v2\/pages"}],"about":[{"href":"https:\/\/globecore.com\/es\/wp-json\/wp\/v2\/types\/page"}],"author":[{"embeddable":true,"href":"https:\/\/globecore.com\/es\/wp-json\/wp\/v2\/users\/7"}],"replies":[{"embeddable":true,"href":"https:\/\/globecore.com\/es\/wp-json\/wp\/v2\/comments?post=11791"}],"version-history":[{"count":1,"href":"https:\/\/globecore.com\/es\/wp-json\/wp\/v2\/pages\/11791\/revisions"}],"predecessor-version":[{"id":341866,"href":"https:\/\/globecore.com\/es\/wp-json\/wp\/v2\/pages\/11791\/revisions\/341866"}],"up":[{"embeddable":true,"href":"https:\/\/globecore.com\/es\/wp-json\/wp\/v2\/pages\/105048"}],"wp:featuredmedia":[{"embeddable":true,"href":"https:\/\/globecore.com\/es\/wp-json\/wp\/v2\/media\/11793"}],"wp:attachment":[{"href":"https:\/\/globecore.com\/es\/wp-json\/wp\/v2\/media?parent=11791"}],"wp:term":[{"taxonomy":"category","embeddable":true,"href":"https:\/\/globecore.com\/es\/wp-json\/wp\/v2\/categories?post=11791"}],"curies":[{"name":"wp","href":"https:\/\/api.w.org\/{rel}","templated":true}]}}