{"id":11838,"date":"2016-04-01T07:28:13","date_gmt":"2016-04-01T07:28:13","guid":{"rendered":"https:\/\/globecore.com\/products\/oil-processing-equipment\/degassing-thermal-vacuum-drying-oil.html"},"modified":"2025-10-16T14:19:26","modified_gmt":"2025-10-16T14:19:26","slug":"desgasificacion-de-aceite","status":"publish","type":"page","link":"https:\/\/globecore.com\/es\/products\/desgasificacion-de-aceite\/","title":{"rendered":"Purificaci\u00f3n de aceite y desgasificaci\u00f3n"},"content":{"rendered":"<p class=\"p1\">La m\u00e1quina de purificaci\u00f3n y desgasificaci\u00f3n de aceite GlobeCore elimina de manera eficiente gases, humedad y part\u00edculas s\u00f3lidas de aceites de transformador, hidr\u00e1ulicos, de turbina e industriales usados.<\/p>\n","protected":false},"excerpt":{"rendered":"<p>La m\u00e1quina de purificaci\u00f3n y desgasificaci\u00f3n de aceite GlobeCore elimina de manera eficiente gases, humedad y part\u00edculas s\u00f3lidas de aceites de transformador, hidr\u00e1ulicos, de turbina e industriales usados.<\/p>\n","protected":false},"author":7,"featured_media":38313,"parent":10793,"menu_order":0,"comment_status":"closed","ping_status":"closed","template":"templates\/products-sidebar.php","meta":{"_acf_changed":false,"_bbp_topic_count":0,"_bbp_reply_count":0,"_bbp_total_topic_count":0,"_bbp_total_reply_count":0,"_bbp_voice_count":0,"_bbp_anonymous_reply_count":0,"_bbp_topic_count_hidden":0,"_bbp_reply_count_hidden":0,"_bbp_forum_subforum_count":0,"footnotes":""},"categories":[],"class_list":["post-11838","page","type-page","status-publish","has-post-thumbnail","hentry"],"acf":[],"language":"es","_links":{"self":[{"href":"https:\/\/globecore.com\/es\/wp-json\/wp\/v2\/pages\/11838","targetHints":{"allow":["GET"]}}],"collection":[{"href":"https:\/\/globecore.com\/es\/wp-json\/wp\/v2\/pages"}],"about":[{"href":"https:\/\/globecore.com\/es\/wp-json\/wp\/v2\/types\/page"}],"author":[{"embeddable":true,"href":"https:\/\/globecore.com\/es\/wp-json\/wp\/v2\/users\/7"}],"replies":[{"embeddable":true,"href":"https:\/\/globecore.com\/es\/wp-json\/wp\/v2\/comments?post=11838"}],"version-history":[{"count":0,"href":"https:\/\/globecore.com\/es\/wp-json\/wp\/v2\/pages\/11838\/revisions"}],"up":[{"embeddable":true,"href":"https:\/\/globecore.com\/es\/wp-json\/wp\/v2\/pages\/10793"}],"wp:featuredmedia":[{"embeddable":true,"href":"https:\/\/globecore.com\/es\/wp-json\/wp\/v2\/media\/38313"}],"wp:attachment":[{"href":"https:\/\/globecore.com\/es\/wp-json\/wp\/v2\/media?parent=11838"}],"wp:term":[{"taxonomy":"category","embeddable":true,"href":"https:\/\/globecore.com\/es\/wp-json\/wp\/v2\/categories?post=11838"}],"curies":[{"name":"wp","href":"https:\/\/api.w.org\/{rel}","templated":true}]}}