{"id":11952,"date":"2016-04-06T08:50:39","date_gmt":"2016-04-06T08:50:39","guid":{"rendered":"https:\/\/globecore.com\/products\/road-construction-equipment\/collection-tank\/sbm-15-modified-bitumen-collection-tank-uvb-2.html\/"},"modified":"2026-03-09T10:26:21","modified_gmt":"2026-03-09T10:26:21","slug":"sbm-15-modified-bitumen-collection-tank-uvb-2","status":"publish","type":"page","link":"https:\/\/globecore.com\/es\/products\/betunes-modificados\/sbm-15-modified-bitumen-collection-tank-uvb-2\/","title":{"rendered":"USB-4 Almacenamiento para asfalto modificado (USB-3)"},"content":{"rendered":"","protected":false},"excerpt":{"rendered":"<p>El tanque de almacenamiento de bet\u00fan modificado USB-4 est\u00e1 dise\u00f1ado para el almacenamiento de bet\u00fan modificado, bet\u00fan convencional y emulsiones de bet\u00fan. Puede suministrarse como una unidad independiente o integrarse en l\u00edneas existentes de producci\u00f3n de bet\u00fan modificado. El tanque est\u00e1 equipado con un agitador autom\u00e1tico y un circuito de calentamiento para mantener la uniformidad del producto y la temperatura requerida.<br \/>\nVersiones disponibles: USB-4 (15) con un volumen \u00fatil m\u00ednimo de 15 m\u00b3 (volumen total 16 m\u00b3) y USB-4 (30) con un volumen \u00fatil m\u00ednimo de 30 m\u00b3 (volumen total 33 m\u00b3).<\/p>\n","protected":false},"author":7,"featured_media":21378,"parent":12075,"menu_order":0,"comment_status":"closed","ping_status":"closed","template":"templates\/single-product.php","meta":{"_acf_changed":false,"_bbp_topic_count":0,"_bbp_reply_count":0,"_bbp_total_topic_count":0,"_bbp_total_reply_count":0,"_bbp_voice_count":0,"_bbp_anonymous_reply_count":0,"_bbp_topic_count_hidden":0,"_bbp_reply_count_hidden":0,"_bbp_forum_subforum_count":0,"footnotes":""},"categories":[2391],"class_list":["post-11952","page","type-page","status-publish","has-post-thumbnail","hentry","category-produccion-de-betun","oil_type-industria-de-la-construccion","process_type-mezcla"],"acf":[],"language":"es","_links":{"self":[{"href":"https:\/\/globecore.com\/es\/wp-json\/wp\/v2\/pages\/11952","targetHints":{"allow":["GET"]}}],"collection":[{"href":"https:\/\/globecore.com\/es\/wp-json\/wp\/v2\/pages"}],"about":[{"href":"https:\/\/globecore.com\/es\/wp-json\/wp\/v2\/types\/page"}],"author":[{"embeddable":true,"href":"https:\/\/globecore.com\/es\/wp-json\/wp\/v2\/users\/7"}],"replies":[{"embeddable":true,"href":"https:\/\/globecore.com\/es\/wp-json\/wp\/v2\/comments?post=11952"}],"version-history":[{"count":1,"href":"https:\/\/globecore.com\/es\/wp-json\/wp\/v2\/pages\/11952\/revisions"}],"predecessor-version":[{"id":341850,"href":"https:\/\/globecore.com\/es\/wp-json\/wp\/v2\/pages\/11952\/revisions\/341850"}],"up":[{"embeddable":true,"href":"https:\/\/globecore.com\/es\/wp-json\/wp\/v2\/pages\/12075"}],"wp:featuredmedia":[{"embeddable":true,"href":"https:\/\/globecore.com\/es\/wp-json\/wp\/v2\/media\/21378"}],"wp:attachment":[{"href":"https:\/\/globecore.com\/es\/wp-json\/wp\/v2\/media?parent=11952"}],"wp:term":[{"taxonomy":"category","embeddable":true,"href":"https:\/\/globecore.com\/es\/wp-json\/wp\/v2\/categories?post=11952"}],"curies":[{"name":"wp","href":"https:\/\/api.w.org\/{rel}","templated":true}]}}