{"id":11958,"date":"2016-04-06T09:00:32","date_gmt":"2016-04-06T09:00:32","guid":{"rendered":"https:\/\/globecore.com\/products\/road-construction-equipment\/fbs-1-bitumen-filter.html\/"},"modified":"2026-03-09T09:47:41","modified_gmt":"2026-03-09T09:47:41","slug":"fbs-1-bitumen-filter","status":"publish","type":"page","link":"https:\/\/globecore.com\/es\/products\/emulsion-bituminosa\/fbs-1-bitumen-filter\/","title":{"rendered":"FB Filtro bituminoso"},"content":{"rendered":"","protected":false},"excerpt":{"rendered":"<p>El filtro de bet\u00fan FB est\u00e1 dise\u00f1ado para eliminar contaminantes s\u00f3lidos del bet\u00fan y otros l\u00edquidos no corrosivos. Est\u00e1 destinado a su uso en los procesos de entrada, almacenamiento y salida que involucren bet\u00fan regular o modificado, emulsiones de bet\u00fan y otros l\u00edquidos de alta viscosidad que requieran calentamiento. El filtro tiene una capacidad de 15\u202fm\u00b3\/h y cuenta con dos cartuchos filtrantes para operaci\u00f3n continua, junto con sensores de temperatura y presi\u00f3n para garantizar un rendimiento confiable y seguro.<\/p>\n","protected":false},"author":7,"featured_media":22593,"parent":12132,"menu_order":0,"comment_status":"closed","ping_status":"closed","template":"templates\/single-product.php","meta":{"_acf_changed":false,"_bbp_topic_count":0,"_bbp_reply_count":0,"_bbp_total_topic_count":0,"_bbp_total_reply_count":0,"_bbp_voice_count":0,"_bbp_anonymous_reply_count":0,"_bbp_topic_count_hidden":0,"_bbp_reply_count_hidden":0,"_bbp_forum_subforum_count":0,"footnotes":""},"categories":[2391],"class_list":["post-11958","page","type-page","status-publish","has-post-thumbnail","hentry","category-produccion-de-betun","oil_type-industria-de-la-construccion","process_type-filtracion"],"acf":[],"language":"es","_links":{"self":[{"href":"https:\/\/globecore.com\/es\/wp-json\/wp\/v2\/pages\/11958","targetHints":{"allow":["GET"]}}],"collection":[{"href":"https:\/\/globecore.com\/es\/wp-json\/wp\/v2\/pages"}],"about":[{"href":"https:\/\/globecore.com\/es\/wp-json\/wp\/v2\/types\/page"}],"author":[{"embeddable":true,"href":"https:\/\/globecore.com\/es\/wp-json\/wp\/v2\/users\/7"}],"replies":[{"embeddable":true,"href":"https:\/\/globecore.com\/es\/wp-json\/wp\/v2\/comments?post=11958"}],"version-history":[{"count":1,"href":"https:\/\/globecore.com\/es\/wp-json\/wp\/v2\/pages\/11958\/revisions"}],"predecessor-version":[{"id":341832,"href":"https:\/\/globecore.com\/es\/wp-json\/wp\/v2\/pages\/11958\/revisions\/341832"}],"up":[{"embeddable":true,"href":"https:\/\/globecore.com\/es\/wp-json\/wp\/v2\/pages\/12132"}],"wp:featuredmedia":[{"embeddable":true,"href":"https:\/\/globecore.com\/es\/wp-json\/wp\/v2\/media\/22593"}],"wp:attachment":[{"href":"https:\/\/globecore.com\/es\/wp-json\/wp\/v2\/media?parent=11958"}],"wp:term":[{"taxonomy":"category","embeddable":true,"href":"https:\/\/globecore.com\/es\/wp-json\/wp\/v2\/categories?post=11958"}],"curies":[{"name":"wp","href":"https:\/\/api.w.org\/{rel}","templated":true}]}}