{"id":11970,"date":"2016-04-06T09:12:48","date_gmt":"2016-04-06T09:12:48","guid":{"rendered":"https:\/\/globecore.com\/products\/road-construction-equipment\/laboratory-system.html\/"},"modified":"2024-12-16T13:46:44","modified_gmt":"2024-12-16T13:46:44","slug":"sistema-de-laboratorio","status":"publish","type":"page","link":"https:\/\/globecore.com\/es\/products\/sistema-de-laboratorio\/","title":{"rendered":"Sistema de laboratorio para muestras de emulsi\u00f3n bituminosas"},"content":{"rendered":"<div id=\"pl-1911\" class=\"panel-layout\">\n<div id=\"pg-1911-0\" class=\"panel-grid panel-no-style\" data-style=\"{&quot;background_display&quot;:&quot;tile&quot;}\">\n<div id=\"pgc-1911-0-0\" class=\"panel-grid-cell\" data-weight=\"1\">\n<div id=\"panel-1911-0-0-0\" class=\"so-panel widget widget_sow-editor panel-first-child panel-last-child\" data-index=\"0\" data-style=\"{&quot;class&quot;:&quot;category_block&quot;,&quot;background_display&quot;:&quot;tile&quot;}\">\n<div class=\"category_block panel-widget-style panel-widget-style-for-1911-0-0-0\">\n<div class=\"so-widget-sow-editor so-widget-sow-editor-base\">\n<div class=\"siteorigin-widget-tinymce textwidget\">\n<p>Este equipo est\u00e1 dise\u00f1ado para experimentos de formulaciones conocidas de emulsiones, imprimadores y caucho l\u00edquido. Tambi\u00e9n se puede usar para desarrollar nuevos materiales y emulsionantes, y en investigaciones y experimentos relevantes.<\/p>\n<p>El sistema se basa, en un proceso continuo de mezcla de bet\u00fan en una corriente con una mayor dispersi\u00f3n de bet\u00fan y pol\u00edmero en la planta. El dise\u00f1o permite la adici\u00f3n de otros componentes l\u00edquidos a la mezcla durante la modificaci\u00f3n del bet\u00fan.<\/p>\n<p>La planta puede ser utilizada, por empresas petroqu\u00edmicas para optimizar los procesos de producci\u00f3n de bet\u00fan, determinar la cantidad requerida de modificador y luego usar el bet\u00fan preparado como muestra en el laboratorio. La instalaci\u00f3n \u00a0de modificaci\u00f3n de bet\u00fan UVB-2-L, est\u00e1 dise\u00f1ada para preparar peque\u00f1as porciones (hasta diez litros) de bet\u00fan modificado.<\/p>\n<\/div>\n<\/div>\n<\/div>\n<\/div>\n<\/div>\n<\/div>\n<\/div>\n","protected":false},"excerpt":{"rendered":"<p>Este equipo est\u00e1 dise\u00f1ado para experimentos de formulaciones conocidas de emulsiones, imprimadores y caucho l\u00edquido. Tambi\u00e9n se puede usar para desarrollar nuevos materiales y emulsionantes, y en investigaciones y experimentos relevantes. El sistema se basa, en un proceso continuo de mezcla de bet\u00fan en una corriente con una mayor dispersi\u00f3n de bet\u00fan y pol\u00edmero en<a class=\"cg-read-more\" href=\"https:\/\/globecore.com\/es\/products\/sistema-de-laboratorio\/\" target=\"_blank\">Leer m\u00e1s <\/a><\/p>\n","protected":false},"author":7,"featured_media":38409,"parent":10793,"menu_order":0,"comment_status":"closed","ping_status":"closed","template":"templates\/products-sidebar.php","meta":{"_acf_changed":false,"_bbp_topic_count":0,"_bbp_reply_count":0,"_bbp_total_topic_count":0,"_bbp_total_reply_count":0,"_bbp_voice_count":0,"_bbp_anonymous_reply_count":0,"_bbp_topic_count_hidden":0,"_bbp_reply_count_hidden":0,"_bbp_forum_subforum_count":0,"footnotes":""},"categories":[],"class_list":["post-11970","page","type-page","status-publish","has-post-thumbnail","hentry"],"acf":[],"language":"es","_links":{"self":[{"href":"https:\/\/globecore.com\/es\/wp-json\/wp\/v2\/pages\/11970","targetHints":{"allow":["GET"]}}],"collection":[{"href":"https:\/\/globecore.com\/es\/wp-json\/wp\/v2\/pages"}],"about":[{"href":"https:\/\/globecore.com\/es\/wp-json\/wp\/v2\/types\/page"}],"author":[{"embeddable":true,"href":"https:\/\/globecore.com\/es\/wp-json\/wp\/v2\/users\/7"}],"replies":[{"embeddable":true,"href":"https:\/\/globecore.com\/es\/wp-json\/wp\/v2\/comments?post=11970"}],"version-history":[{"count":0,"href":"https:\/\/globecore.com\/es\/wp-json\/wp\/v2\/pages\/11970\/revisions"}],"up":[{"embeddable":true,"href":"https:\/\/globecore.com\/es\/wp-json\/wp\/v2\/pages\/10793"}],"wp:featuredmedia":[{"embeddable":true,"href":"https:\/\/globecore.com\/es\/wp-json\/wp\/v2\/media\/38409"}],"wp:attachment":[{"href":"https:\/\/globecore.com\/es\/wp-json\/wp\/v2\/media?parent=11970"}],"wp:term":[{"taxonomy":"category","embeddable":true,"href":"https:\/\/globecore.com\/es\/wp-json\/wp\/v2\/categories?post=11970"}],"curies":[{"name":"wp","href":"https:\/\/api.w.org\/{rel}","templated":true}]}}