{"id":12034,"date":"2016-04-06T09:15:56","date_gmt":"2016-04-06T09:15:56","guid":{"rendered":"https:\/\/globecore.com\/products\/road-construction-equipment\/laboratory-system\/uvb-2-l-bitumen-modification-laboratory-system.html\/"},"modified":"2026-03-09T10:37:40","modified_gmt":"2026-03-09T10:37:40","slug":"uvb-2-l-bitumen-modification-laboratory-system","status":"publish","type":"page","link":"https:\/\/globecore.com\/es\/products\/sistema-de-laboratorio\/uvb-2-l-bitumen-modification-laboratory-system\/","title":{"rendered":"USB-3 Unidad de asfalto modificado (laboratorio)"},"content":{"rendered":"","protected":false},"excerpt":{"rendered":"<p>El sistema de laboratorio USB-3 para la modificaci\u00f3n de bet\u00fan est\u00e1 dise\u00f1ado para preparar peque\u00f1os lotes de bet\u00fan modificado con un volumen de hasta 10 litros por ciclo.<br \/>\nEl sistema funciona mediante un proceso continuo de mezcla de bet\u00fan, seguido de la dispersi\u00f3n del bet\u00fan y el pol\u00edmero en un molino. Su dise\u00f1o permite la incorporaci\u00f3n de componentes l\u00edquidos adicionales durante el proceso de modificaci\u00f3n, lo que proporciona flexibilidad en el desarrollo de formulaciones.<\/p>\n","protected":false},"author":7,"featured_media":30852,"parent":11970,"menu_order":0,"comment_status":"closed","ping_status":"closed","template":"templates\/single-product.php","meta":{"_acf_changed":false,"_bbp_topic_count":0,"_bbp_reply_count":0,"_bbp_total_topic_count":0,"_bbp_total_reply_count":0,"_bbp_voice_count":0,"_bbp_anonymous_reply_count":0,"_bbp_topic_count_hidden":0,"_bbp_reply_count_hidden":0,"_bbp_forum_subforum_count":0,"footnotes":""},"categories":[2391],"class_list":["post-12034","page","type-page","status-publish","has-post-thumbnail","hentry","category-produccion-de-betun","oil_type-industria-de-la-construccion","process_type-mezcla","process_type-molienda"],"acf":[],"language":"es","_links":{"self":[{"href":"https:\/\/globecore.com\/es\/wp-json\/wp\/v2\/pages\/12034","targetHints":{"allow":["GET"]}}],"collection":[{"href":"https:\/\/globecore.com\/es\/wp-json\/wp\/v2\/pages"}],"about":[{"href":"https:\/\/globecore.com\/es\/wp-json\/wp\/v2\/types\/page"}],"author":[{"embeddable":true,"href":"https:\/\/globecore.com\/es\/wp-json\/wp\/v2\/users\/7"}],"replies":[{"embeddable":true,"href":"https:\/\/globecore.com\/es\/wp-json\/wp\/v2\/comments?post=12034"}],"version-history":[{"count":1,"href":"https:\/\/globecore.com\/es\/wp-json\/wp\/v2\/pages\/12034\/revisions"}],"predecessor-version":[{"id":341858,"href":"https:\/\/globecore.com\/es\/wp-json\/wp\/v2\/pages\/12034\/revisions\/341858"}],"up":[{"embeddable":true,"href":"https:\/\/globecore.com\/es\/wp-json\/wp\/v2\/pages\/11970"}],"wp:featuredmedia":[{"embeddable":true,"href":"https:\/\/globecore.com\/es\/wp-json\/wp\/v2\/media\/30852"}],"wp:attachment":[{"href":"https:\/\/globecore.com\/es\/wp-json\/wp\/v2\/media?parent=12034"}],"wp:term":[{"taxonomy":"category","embeddable":true,"href":"https:\/\/globecore.com\/es\/wp-json\/wp\/v2\/categories?post=12034"}],"curies":[{"name":"wp","href":"https:\/\/api.w.org\/{rel}","templated":true}]}}