{"id":12071,"date":"2016-04-06T08:26:22","date_gmt":"2016-04-06T08:26:22","guid":{"rendered":"https:\/\/globecore.com\/bitumen-modification-unit-4-m3hour-production-capacity.html\/"},"modified":"2025-12-19T07:56:08","modified_gmt":"2025-12-19T07:56:08","slug":"bitumen-modification-unit-4-m3hour-production-capacity","status":"publish","type":"page","link":"https:\/\/globecore.com\/es\/products\/custom-equipment\/bitumen-modification-unit-4-m3hour-production-capacity\/","title":{"rendered":"USB-3 Plantas de asfalto modificado"},"content":{"rendered":"","protected":false},"excerpt":{"rendered":"<p>La planta de modificaci\u00f3n de bet\u00fan USB-3 est\u00e1 dise\u00f1ada para modificar bet\u00fan para construcci\u00f3n de carreteras mediante la adici\u00f3n de pol\u00edmeros, aditivos de adhesi\u00f3n y plastificantes. El bet\u00fan modificado se utiliza en capas superiores de asfalto y concreto, capas de protecci\u00f3n de cemento y selladores de grietas. La unidad tiene una capacidad m\u00ednima de producci\u00f3n de 4\u202fm\u00b3\/h y es capaz de implementar pr\u00e1cticamente cualquier proceso de modificaci\u00f3n del bet\u00fan utilizando una amplia gama de modificadores, incluidos pol\u00edmeros y ceras.<\/p>\n","protected":false},"author":7,"featured_media":12073,"parent":105040,"menu_order":0,"comment_status":"closed","ping_status":"closed","template":"templates\/single-product.php","meta":{"_acf_changed":false,"_bbp_topic_count":0,"_bbp_reply_count":0,"_bbp_total_topic_count":0,"_bbp_total_reply_count":0,"_bbp_voice_count":0,"_bbp_anonymous_reply_count":0,"_bbp_topic_count_hidden":0,"_bbp_reply_count_hidden":0,"_bbp_forum_subforum_count":0,"footnotes":""},"categories":[1311],"class_list":["post-12071","page","type-page","status-publish","has-post-thumbnail","hentry","category-news"],"acf":[],"language":"es","_links":{"self":[{"href":"https:\/\/globecore.com\/es\/wp-json\/wp\/v2\/pages\/12071","targetHints":{"allow":["GET"]}}],"collection":[{"href":"https:\/\/globecore.com\/es\/wp-json\/wp\/v2\/pages"}],"about":[{"href":"https:\/\/globecore.com\/es\/wp-json\/wp\/v2\/types\/page"}],"author":[{"embeddable":true,"href":"https:\/\/globecore.com\/es\/wp-json\/wp\/v2\/users\/7"}],"replies":[{"embeddable":true,"href":"https:\/\/globecore.com\/es\/wp-json\/wp\/v2\/comments?post=12071"}],"version-history":[{"count":0,"href":"https:\/\/globecore.com\/es\/wp-json\/wp\/v2\/pages\/12071\/revisions"}],"up":[{"embeddable":true,"href":"https:\/\/globecore.com\/es\/wp-json\/wp\/v2\/pages\/105040"}],"wp:featuredmedia":[{"embeddable":true,"href":"https:\/\/globecore.com\/es\/wp-json\/wp\/v2\/media\/12073"}],"wp:attachment":[{"href":"https:\/\/globecore.com\/es\/wp-json\/wp\/v2\/media?parent=12071"}],"wp:term":[{"taxonomy":"category","embeddable":true,"href":"https:\/\/globecore.com\/es\/wp-json\/wp\/v2\/categories?post=12071"}],"curies":[{"name":"wp","href":"https:\/\/api.w.org\/{rel}","templated":true}]}}