{"id":12075,"date":"2016-04-06T08:24:06","date_gmt":"2016-04-06T08:24:06","guid":{"rendered":"https:\/\/globecore.com\/products\/road-construction-equipment\/bitumen-modification-unit.html\/"},"modified":"2026-01-16T06:45:26","modified_gmt":"2026-01-16T06:45:26","slug":"betunes-modificados","status":"publish","type":"page","link":"https:\/\/globecore.com\/es\/products\/betunes-modificados\/","title":{"rendered":"Betunes modificados con pol\u00edmeros"},"content":{"rendered":"<div id=\"pl-1857\" class=\"panel-layout\">\n<div id=\"pg-1857-0\" class=\"panel-grid panel-no-style\">\n<div id=\"pgc-1857-0-0\" class=\"panel-grid-cell\">\n<div id=\"panel-1857-0-0-0\" class=\"so-panel widget widget_sow-editor panel-first-child panel-last-child\">\n<div class=\"category_block panel-widget-style panel-widget-style-for-1857-0-0-0\">\n<div class=\"so-widget-sow-editor so-widget-sow-editor-base\">\n<div class=\"siteorigin-widget-tinymce textwidget\">\n<p>El uso de pol\u00edmeros, hace posible el uso de bet\u00fan en condiciones clim\u00e1ticas desfavorables y bajo altas cargas. Para modificaci\u00f3n del bet\u00fan, los pol\u00edmeros SBS (estireno-butadieno-estireno) se usan con mayor frecuencia. Por su naturaleza, son de goma (caucho). Al interactuar con el bet\u00fan, los pol\u00edmeros SBS aumentan su flexibilidad, elasticidad y resistencia. Tales pol\u00edmeros reducen la sensibilidad del aglutinante a las fluctuaciones de temperatura y pueden mejorar significativamente sus propiedades en comparaci\u00f3n con el bet\u00fan convencional. \u00a0Para obtener un producto de alta calidad, la compatibilidad de bet\u00fan y pol\u00edmeros es muy importante. En este caso, el pol\u00edmero puede absorber los componentes del aceite del bet\u00fan mientras se mantiene la estructura. Debido al proceso de modificaci\u00f3n, el bet\u00fan se convierte en un elast\u00f3mero y adquiere una mayor elasticidad.<\/p>\n<p>En la industria petroqu\u00edmica moderna, los especialistas maximizan el rendimiento de los productos de petr\u00f3leo ligero y seleccionan la mayor\u00eda de las fracciones paraf\u00ednicas y naft\u00e9nicas del bet\u00fan. Esto empeora su flexibilidad a bajas temperaturas, as\u00ed como el punto de reblandecimiento. La mayor\u00eda del bet\u00fan moderno est\u00e1 perdiendo su elasticidad a temperaturas de alrededor de 20 \u00b0 C y comienza a ablandarse a temperaturas de + 45 \u00b0 C a 48 \u00b0 C. El uso de bet\u00fan no modificado, de la misma manera, en la construcci\u00f3n de carreteras, donde se requiere un aglutinante con un rango de temperatura de -40 \u00b0 C a + 70 \u00b0 C, y el techado donde las temperaturas a menudo alcanzan los 90 \u00b0 C, es ineficiente. Afortunadamente, hay formas de cambiar y mejorar las propiedades del bet\u00fan mezcl\u00e1ndolo con varios aditivos. Este proceso se lleva a cabo mejor en dispositivos especiales de modificaci\u00f3n de bet\u00fan, como las instalaciones de tipo USB de <b><i>GlobeCore<\/i><\/b>.<\/p>\n<p>El m\u00e9todo m\u00e1s barato de mejorar el rango de temperatura del bet\u00fan, es agregar una gran cantidad (hasta 15%) de un relleno mineral, como tiza o talco. El resultado es un producto muy denso, utilizado principalmente como masilla.<\/p>\n<p>Un m\u00e9todo mucho m\u00e1s popular para modificar el bet\u00fan es el uso de productos secundarios de otros procesos, como gr\u00e1nulos de goma de neum\u00e1ticos viejos o espuma reciclados. Desafortunadamente, la tecnolog\u00eda de mezclar dicho relleno con bet\u00fan requiere temperaturas superiores a 180 \u00b0 C. A temperaturas tan altas, la estructura del caucho se destruye y el bet\u00fan se oxida. El resultado es un bet\u00fan modificado con un alto punto de reblandecimiento, pero con baja elasticidad y alta fragilidad a bajas temperaturas, lo que hace que su uso en la construcci\u00f3n de carreteras sea problem\u00e1tico. Una alternativa al proceso de alta temperatura es la adici\u00f3n de m\u00e1s componentes (aceleradores de hinchamiento, plastificantes y adhesivos), lo que aumenta significativamente el costo del bitumen modificado.<\/p>\n<\/div>\n<\/div>\n<\/div>\n<\/div>\n<\/div>\n<\/div>\n<\/div>\n","protected":false},"excerpt":{"rendered":"<p>El uso de pol\u00edmeros, hace posible el uso de bet\u00fan en condiciones clim\u00e1ticas desfavorables y bajo altas cargas. Para modificaci\u00f3n del bet\u00fan, los pol\u00edmeros SBS (estireno-butadieno-estireno) se usan con mayor frecuencia. Por su naturaleza, son de goma (caucho). Al interactuar con el bet\u00fan, los pol\u00edmeros SBS aumentan su flexibilidad, elasticidad y resistencia. Tales pol\u00edmeros reducen<a class=\"cg-read-more\" href=\"https:\/\/globecore.com\/es\/products\/betunes-modificados\/\" target=\"_blank\">Leer m\u00e1s <\/a><\/p>\n","protected":false},"author":7,"featured_media":0,"parent":10793,"menu_order":0,"comment_status":"closed","ping_status":"closed","template":"templates\/products-sidebar.php","meta":{"_acf_changed":false,"_bbp_topic_count":0,"_bbp_reply_count":0,"_bbp_total_topic_count":0,"_bbp_total_reply_count":0,"_bbp_voice_count":0,"_bbp_anonymous_reply_count":0,"_bbp_topic_count_hidden":0,"_bbp_reply_count_hidden":0,"_bbp_forum_subforum_count":0,"footnotes":""},"categories":[],"class_list":["post-12075","page","type-page","status-publish","hentry"],"acf":[],"language":"es","_links":{"self":[{"href":"https:\/\/globecore.com\/es\/wp-json\/wp\/v2\/pages\/12075","targetHints":{"allow":["GET"]}}],"collection":[{"href":"https:\/\/globecore.com\/es\/wp-json\/wp\/v2\/pages"}],"about":[{"href":"https:\/\/globecore.com\/es\/wp-json\/wp\/v2\/types\/page"}],"author":[{"embeddable":true,"href":"https:\/\/globecore.com\/es\/wp-json\/wp\/v2\/users\/7"}],"replies":[{"embeddable":true,"href":"https:\/\/globecore.com\/es\/wp-json\/wp\/v2\/comments?post=12075"}],"version-history":[{"count":1,"href":"https:\/\/globecore.com\/es\/wp-json\/wp\/v2\/pages\/12075\/revisions"}],"predecessor-version":[{"id":330162,"href":"https:\/\/globecore.com\/es\/wp-json\/wp\/v2\/pages\/12075\/revisions\/330162"}],"up":[{"embeddable":true,"href":"https:\/\/globecore.com\/es\/wp-json\/wp\/v2\/pages\/10793"}],"wp:attachment":[{"href":"https:\/\/globecore.com\/es\/wp-json\/wp\/v2\/media?parent=12075"}],"wp:term":[{"taxonomy":"category","embeddable":true,"href":"https:\/\/globecore.com\/es\/wp-json\/wp\/v2\/categories?post=12075"}],"curies":[{"name":"wp","href":"https:\/\/api.w.org\/{rel}","templated":true}]}}