{"id":12132,"date":"2016-04-06T07:48:07","date_gmt":"2016-04-06T07:48:07","guid":{"rendered":"https:\/\/globecore.com\/products\/road-construction-equipment\/bitumen-emulsion-unit.html\/"},"modified":"2026-01-16T06:44:48","modified_gmt":"2026-01-16T06:44:48","slug":"emulsion-bituminosa","status":"publish","type":"page","link":"https:\/\/globecore.com\/es\/products\/emulsion-bituminosa\/","title":{"rendered":"M\u00e1quina de emulsi\u00f3n bituminosa"},"content":{"rendered":"<div id=\"pl-1826\" class=\"panel-layout\">\n<div id=\"pg-1826-0\" class=\"panel-grid panel-no-style\">\n<div id=\"pgc-1826-0-0\" class=\"panel-grid-cell\" data-weight=\"1\">\n<div id=\"panel-1826-0-0-0\" class=\"so-panel widget widget_sow-editor panel-first-child panel-last-child\" data-index=\"0\" data-style=\"{&quot;class&quot;:&quot;category_block&quot;,&quot;background_display&quot;:&quot;tile&quot;}\">\n<div class=\"category_block panel-widget-style panel-widget-style-for-1826-0-0-0\">\n<div class=\"so-widget-sow-editor so-widget-sow-editor-base\">\n<div class=\"siteorigin-widget-tinymce textwidget\">\n<p>Las emulsiones bituminosas se usaron por primera vez en Europa en la d\u00e9cada de 1930. Desde entonces, se han encontrado muchas soluciones tecnol\u00f3gicas nuevas, que han aumentado la productividad y la eficiencia del proceso, as\u00ed como la calidad de los productos. Al mismo tiempo, las emulsiones bituminosas de todo tipo (ani\u00f3nica, cati\u00f3nica, directa, inversa, r\u00e1pida, media y lenta) son sin duda, un material de construcci\u00f3n prometedor. La cantidad de tecnolog\u00edas que usan emulsiones bituminosas est\u00e1 creciendo.<\/p>\n<p><b>M\u00e1quinas de emulsiones bituminosas USB-2 &#8211; <\/b>instalaciones semiautom\u00e1ticas con componentes instalados en un marco de metal y tuber\u00edas conectadas.<\/p>\n<p><b>El consumo de emulsi\u00f3n,<\/b> depende del tipo de superficie, que se trate. Para el asfalto, el consumo es de 500 g \/ m2, para la grava: crecer\u00e1 a 1200 g \/ m2. El procesamiento de migas de asfalto requerir\u00e1 hasta 2000 gramos de emulsi\u00f3n por metro cuadrado.<\/p>\n<p><b>La emulsi\u00f3n agua-bet\u00fan<\/b> es un l\u00edquido marr\u00f3n oscuro. La producci\u00f3n de la emulsi\u00f3n consiste en la dispersi\u00f3n de bet\u00fan en agua con la adici\u00f3n de emulsionantes.<\/p>\n<p>Las emulsiones de bet\u00fan son un componente integral en varios procesos de construcci\u00f3n de carreteras. Forman una capa protectora en las carreteras (asfalto, grava u hormig\u00f3n).<\/p>\n<p><b>Emulsiones bituminosas . Informaci\u00f3n b\u00e1sica. Principios.<\/b><\/p>\n<p>El componente principal de cualquier sistema de este tipo es un astringente. En condiciones normales, el bet\u00fan est\u00e1 en forma s\u00f3lida, por lo que para mezclar con materiales minerales debe calentarse con l\u00edquido.<\/p>\n<p><b>Alternativa: emulsificaci\u00f3n del bet\u00fan.<\/b><\/p>\n<p>La cantidad de material s\u00f3lido (bet\u00fan) en la emulsi\u00f3n es de hasta 70%. Peque\u00f1as gotas de bet\u00fan se distribuyen en la columna de agua. La viscosidad total de la emulsi\u00f3n coincide con la viscosidad de la fase acuosa, por lo tanto, a temperatura ambiente, la emulsi\u00f3n es un l\u00edquido.<\/p>\n<p>Las emulsiones tambi\u00e9n se estabilizan con aditivos especiales.<\/p>\n<\/div>\n<\/div>\n<\/div>\n<\/div>\n<\/div>\n<\/div>\n<\/div>\n","protected":false},"excerpt":{"rendered":"<p>Las emulsiones bituminosas se usaron por primera vez en Europa en la d\u00e9cada de 1930. Desde entonces, se han encontrado muchas soluciones tecnol\u00f3gicas nuevas, que han aumentado la productividad y la eficiencia del proceso, as\u00ed como la calidad de los productos. Al mismo tiempo, las emulsiones bituminosas de todo tipo (ani\u00f3nica, cati\u00f3nica, directa, inversa, r\u00e1pida,<a class=\"cg-read-more\" href=\"https:\/\/globecore.com\/es\/products\/emulsion-bituminosa\/\" target=\"_blank\">Leer m\u00e1s <\/a><\/p>\n","protected":false},"author":7,"featured_media":66412,"parent":10793,"menu_order":0,"comment_status":"closed","ping_status":"closed","template":"templates\/products-sidebar.php","meta":{"_acf_changed":false,"_bbp_topic_count":0,"_bbp_reply_count":0,"_bbp_total_topic_count":0,"_bbp_total_reply_count":0,"_bbp_voice_count":0,"_bbp_anonymous_reply_count":0,"_bbp_topic_count_hidden":0,"_bbp_reply_count_hidden":0,"_bbp_forum_subforum_count":0,"footnotes":""},"categories":[],"class_list":["post-12132","page","type-page","status-publish","has-post-thumbnail","hentry"],"acf":[],"language":"es","_links":{"self":[{"href":"https:\/\/globecore.com\/es\/wp-json\/wp\/v2\/pages\/12132","targetHints":{"allow":["GET"]}}],"collection":[{"href":"https:\/\/globecore.com\/es\/wp-json\/wp\/v2\/pages"}],"about":[{"href":"https:\/\/globecore.com\/es\/wp-json\/wp\/v2\/types\/page"}],"author":[{"embeddable":true,"href":"https:\/\/globecore.com\/es\/wp-json\/wp\/v2\/users\/7"}],"replies":[{"embeddable":true,"href":"https:\/\/globecore.com\/es\/wp-json\/wp\/v2\/comments?post=12132"}],"version-history":[{"count":1,"href":"https:\/\/globecore.com\/es\/wp-json\/wp\/v2\/pages\/12132\/revisions"}],"predecessor-version":[{"id":330161,"href":"https:\/\/globecore.com\/es\/wp-json\/wp\/v2\/pages\/12132\/revisions\/330161"}],"up":[{"embeddable":true,"href":"https:\/\/globecore.com\/es\/wp-json\/wp\/v2\/pages\/10793"}],"wp:featuredmedia":[{"embeddable":true,"href":"https:\/\/globecore.com\/es\/wp-json\/wp\/v2\/media\/66412"}],"wp:attachment":[{"href":"https:\/\/globecore.com\/es\/wp-json\/wp\/v2\/media?parent=12132"}],"wp:term":[{"taxonomy":"category","embeddable":true,"href":"https:\/\/globecore.com\/es\/wp-json\/wp\/v2\/categories?post=12132"}],"curies":[{"name":"wp","href":"https:\/\/api.w.org\/{rel}","templated":true}]}}