{"id":12170,"date":"2016-04-06T08:07:19","date_gmt":"2016-04-06T08:07:19","guid":{"rendered":"https:\/\/globecore.com\/products\/road-construction-equipment\/bitumen-emulsion-unit\/uvb-1-bitumen-emulsion-unit-2-m3hour-production-capacity.html\/"},"modified":"2026-03-09T09:36:49","modified_gmt":"2026-03-09T09:36:49","slug":"uvb-1-bitumen-emulsion-unit-2-m3hour-production-capacity","status":"publish","type":"page","link":"https:\/\/globecore.com\/es\/products\/emulsion-bituminosa\/uvb-1-bitumen-emulsion-unit-2-m3hour-production-capacity\/","title":{"rendered":"USB-2 M\u00e1quina para producci\u00f3n de emulsi\u00f3n bituminosa (2 m\u00b3\/hora)"},"content":{"rendered":"","protected":false},"excerpt":{"rendered":"<p>La unidad de emulsi\u00f3n de bet\u00fan USB-2, con una capacidad de producci\u00f3n de 2\u202fm\u00b3\/h, mezcla consecutivamente los componentes en mezcladores hidrodin\u00e1micos a presiones y temperaturas controladas. Su dise\u00f1o \u00fanico permite la mezcla instant\u00e1nea de los flujos de componentes, haciendo que la unidad sea compacta y eficiente energ\u00e9ticamente. La etapa final de producci\u00f3n de una emulsi\u00f3n agua-bet\u00fan uniforme se realiza en un molino coloidal, asegurando una alta calidad del producto.<br \/>\nLa unidad est\u00e1 equipada con instrumentaci\u00f3n de control de procesos, permitiendo operaci\u00f3n manual o semiautom\u00e1tica.<\/p>\n","protected":false},"author":7,"featured_media":66412,"parent":12132,"menu_order":0,"comment_status":"closed","ping_status":"closed","template":"templates\/single-product.php","meta":{"_acf_changed":false,"_bbp_topic_count":0,"_bbp_reply_count":0,"_bbp_total_topic_count":0,"_bbp_total_reply_count":0,"_bbp_voice_count":0,"_bbp_anonymous_reply_count":0,"_bbp_topic_count_hidden":0,"_bbp_reply_count_hidden":0,"_bbp_forum_subforum_count":0,"footnotes":""},"categories":[2391],"class_list":["post-12170","page","type-page","status-publish","has-post-thumbnail","hentry","category-produccion-de-betun","oil_type-industria-de-la-construccion","process_type-mezcla","process_type-molienda"],"acf":[],"language":"es","_links":{"self":[{"href":"https:\/\/globecore.com\/es\/wp-json\/wp\/v2\/pages\/12170","targetHints":{"allow":["GET"]}}],"collection":[{"href":"https:\/\/globecore.com\/es\/wp-json\/wp\/v2\/pages"}],"about":[{"href":"https:\/\/globecore.com\/es\/wp-json\/wp\/v2\/types\/page"}],"author":[{"embeddable":true,"href":"https:\/\/globecore.com\/es\/wp-json\/wp\/v2\/users\/7"}],"replies":[{"embeddable":true,"href":"https:\/\/globecore.com\/es\/wp-json\/wp\/v2\/comments?post=12170"}],"version-history":[{"count":1,"href":"https:\/\/globecore.com\/es\/wp-json\/wp\/v2\/pages\/12170\/revisions"}],"predecessor-version":[{"id":341824,"href":"https:\/\/globecore.com\/es\/wp-json\/wp\/v2\/pages\/12170\/revisions\/341824"}],"up":[{"embeddable":true,"href":"https:\/\/globecore.com\/es\/wp-json\/wp\/v2\/pages\/12132"}],"wp:featuredmedia":[{"embeddable":true,"href":"https:\/\/globecore.com\/es\/wp-json\/wp\/v2\/media\/66412"}],"wp:attachment":[{"href":"https:\/\/globecore.com\/es\/wp-json\/wp\/v2\/media?parent=12170"}],"wp:term":[{"taxonomy":"category","embeddable":true,"href":"https:\/\/globecore.com\/es\/wp-json\/wp\/v2\/categories?post=12170"}],"curies":[{"name":"wp","href":"https:\/\/api.w.org\/{rel}","templated":true}]}}