{"id":12289,"date":"2016-07-29T12:27:37","date_gmt":"2016-07-29T12:27:37","guid":{"rendered":"https:\/\/globecore.com\/products\/oil-processing-equipment\/transformer-safety-system-tss.html\/"},"modified":"2026-03-06T12:09:39","modified_gmt":"2026-03-06T12:09:39","slug":"transformer-safety-system-tss","status":"publish","type":"page","link":"https:\/\/globecore.com\/es\/products\/transformer-maintenance\/transformer-safety-system-tss\/","title":{"rendered":"TSS Sistema de protecci\u00f3n de transformadores"},"content":{"rendered":"","protected":false},"excerpt":{"rendered":"<p>El Sistema de Seguridad para Transformadores (TSS) conecta unidades de filtrado, desgasificado y secado de aceite a los transformadores, permitiendo un procesamiento seguro del aceite incluso en transformadores bajo tensi\u00f3n. Se conecta mediante puertos superiores e inferiores con v\u00e1lvulas autom\u00e1ticas que detienen el sistema si los niveles de aceite son anormales o se produce una fuga. Una v\u00e1lvula de alivio de aire evita activaciones falsas por aire en las mangueras, mientras que las unidades conectadas limpian el aceite, eliminan la humedad y los gases, y mantienen sus propiedades diel\u00e9ctricas.<\/p>\n","protected":false},"author":7,"featured_media":32465,"parent":112734,"menu_order":0,"comment_status":"closed","ping_status":"closed","template":"templates\/single-product.php","meta":{"_acf_changed":false,"_bbp_topic_count":0,"_bbp_reply_count":0,"_bbp_total_topic_count":0,"_bbp_total_reply_count":0,"_bbp_voice_count":0,"_bbp_anonymous_reply_count":0,"_bbp_topic_count_hidden":0,"_bbp_reply_count_hidden":0,"_bbp_forum_subforum_count":0,"footnotes":""},"categories":[2478],"class_list":["post-12289","page","type-page","status-publish","has-post-thumbnail","hentry","category-mantenimiento-de-transformadores","oil_type-transformadores-de-distribucion","oil_type-transformadores-elevadores-es","oil_type-transformadores-para-fines-especiales","oil_type-transformadores-reductores","process_type-seguridad"],"acf":[],"language":"es","_links":{"self":[{"href":"https:\/\/globecore.com\/es\/wp-json\/wp\/v2\/pages\/12289","targetHints":{"allow":["GET"]}}],"collection":[{"href":"https:\/\/globecore.com\/es\/wp-json\/wp\/v2\/pages"}],"about":[{"href":"https:\/\/globecore.com\/es\/wp-json\/wp\/v2\/types\/page"}],"author":[{"embeddable":true,"href":"https:\/\/globecore.com\/es\/wp-json\/wp\/v2\/users\/7"}],"replies":[{"embeddable":true,"href":"https:\/\/globecore.com\/es\/wp-json\/wp\/v2\/comments?post=12289"}],"version-history":[{"count":2,"href":"https:\/\/globecore.com\/es\/wp-json\/wp\/v2\/pages\/12289\/revisions"}],"predecessor-version":[{"id":336156,"href":"https:\/\/globecore.com\/es\/wp-json\/wp\/v2\/pages\/12289\/revisions\/336156"}],"up":[{"embeddable":true,"href":"https:\/\/globecore.com\/es\/wp-json\/wp\/v2\/pages\/112734"}],"wp:featuredmedia":[{"embeddable":true,"href":"https:\/\/globecore.com\/es\/wp-json\/wp\/v2\/media\/32465"}],"wp:attachment":[{"href":"https:\/\/globecore.com\/es\/wp-json\/wp\/v2\/media?parent=12289"}],"wp:term":[{"taxonomy":"category","embeddable":true,"href":"https:\/\/globecore.com\/es\/wp-json\/wp\/v2\/categories?post=12289"}],"curies":[{"name":"wp","href":"https:\/\/api.w.org\/{rel}","templated":true}]}}