{"id":12304,"date":"2016-08-15T09:38:49","date_gmt":"2016-08-15T09:38:49","guid":{"rendered":"https:\/\/globecore.com\/products\/oil-processing-equipment\/oil-filtration-pumping\/laboratory-oil-filtration-unit-uvr-l.html\/"},"modified":"2026-03-05T14:45:13","modified_gmt":"2026-03-05T14:45:13","slug":"laboratory-oil-filtration-unit-uvr-l","status":"publish","type":"page","link":"https:\/\/globecore.com\/es\/products\/regeneracion-de-aceites\/laboratory-oil-filtration-unit-uvr-l\/","title":{"rendered":"\u0421\u041c\u041c-0,001U Laboratorio unidad de filtraci\u00f3n de aceite"},"content":{"rendered":"","protected":false},"excerpt":{"rendered":"<p>La GlobeCore CMM-0.001U es una unidad de laboratorio dise\u00f1ada para la purificaci\u00f3n y regeneraci\u00f3n de productos petroqu\u00edmicos en peque\u00f1os vol\u00famenes. Regenera peque\u00f1as muestras de aceite de transformador, aceite industrial, aceite de turbina, aceite hidr\u00e1ulico, di\u00e9sel, fuel\u00f3leo, aceite de vac\u00edo, queroseno, aceite de transmisi\u00f3n y otros. El sistema utiliza un m\u00f3dulo de filtraci\u00f3n lleno de sorbente y un filtro para eliminar impurezas y restaurar la calidad del aceite. Compacta y f\u00e1cil de transportar, se conecta a una toma de corriente est\u00e1ndar y permite realizar pruebas de muestras de aceite en el lugar. La unidad ofrece un funcionamiento silencioso y una capacidad de regeneraci\u00f3n de 2\u20135 L\/h seg\u00fan el tipo de aceite.<\/p>\n","protected":false},"author":1,"featured_media":26777,"parent":10999,"menu_order":0,"comment_status":"closed","ping_status":"closed","template":"templates\/single-product.php","meta":{"_acf_changed":false,"_bbp_topic_count":0,"_bbp_reply_count":0,"_bbp_total_topic_count":0,"_bbp_total_reply_count":0,"_bbp_voice_count":0,"_bbp_anonymous_reply_count":0,"_bbp_topic_count_hidden":0,"_bbp_reply_count_hidden":0,"_bbp_forum_subforum_count":0,"footnotes":""},"categories":[1338],"class_list":["post-12304","page","type-page","status-publish","has-post-thumbnail","hentry","category-oil-maintenance-es","oil_type-aceite-de-silicona","oil_type-aceite-de-transmision","oil_type-aceite-hidraulico","oil_type-aceite-industrial","oil_type-aceite-para-cables","oil_type-aceite-para-compresores","oil_type-aceite-para-transformadores","oil_type-aceite-para-turbinas","oil_type-fluido-dielectrico-fr3","oil_type-fluido-dielectrico-midel-7131","oil_type-fluido-resistente-al-fuego-fyrquel","process_type-regeneracion"],"acf":[],"language":"es","_links":{"self":[{"href":"https:\/\/globecore.com\/es\/wp-json\/wp\/v2\/pages\/12304","targetHints":{"allow":["GET"]}}],"collection":[{"href":"https:\/\/globecore.com\/es\/wp-json\/wp\/v2\/pages"}],"about":[{"href":"https:\/\/globecore.com\/es\/wp-json\/wp\/v2\/types\/page"}],"author":[{"embeddable":true,"href":"https:\/\/globecore.com\/es\/wp-json\/wp\/v2\/users\/1"}],"replies":[{"embeddable":true,"href":"https:\/\/globecore.com\/es\/wp-json\/wp\/v2\/comments?post=12304"}],"version-history":[{"count":1,"href":"https:\/\/globecore.com\/es\/wp-json\/wp\/v2\/pages\/12304\/revisions"}],"predecessor-version":[{"id":335984,"href":"https:\/\/globecore.com\/es\/wp-json\/wp\/v2\/pages\/12304\/revisions\/335984"}],"up":[{"embeddable":true,"href":"https:\/\/globecore.com\/es\/wp-json\/wp\/v2\/pages\/10999"}],"wp:featuredmedia":[{"embeddable":true,"href":"https:\/\/globecore.com\/es\/wp-json\/wp\/v2\/media\/26777"}],"wp:attachment":[{"href":"https:\/\/globecore.com\/es\/wp-json\/wp\/v2\/media?parent=12304"}],"wp:term":[{"taxonomy":"category","embeddable":true,"href":"https:\/\/globecore.com\/es\/wp-json\/wp\/v2\/categories?post=12304"}],"curies":[{"name":"wp","href":"https:\/\/api.w.org\/{rel}","templated":true}]}}