{"id":12312,"date":"2017-11-09T08:40:43","date_gmt":"2017-11-09T08:40:43","guid":{"rendered":"https:\/\/globecore.com\/products\/wind-turbine-service.html\/"},"modified":"2026-01-16T06:43:40","modified_gmt":"2026-01-16T06:43:40","slug":"mantenimiento-de-aerogeneradores","status":"publish","type":"page","link":"https:\/\/globecore.com\/es\/products\/mantenimiento-de-aerogeneradores\/","title":{"rendered":"Mantenimiento de aerogeneradores: servicio y control"},"content":{"rendered":"<div id=\"pl-7789\" class=\"panel-layout\">\n<div id=\"pg-7789-0\" class=\"panel-grid panel-no-style\">\n<div id=\"pgc-7789-0-0\" class=\"panel-grid-cell\">\n<div id=\"panel-7789-0-0-0\" class=\"so-panel widget widget_sow-editor panel-first-child panel-last-child\">\n<div class=\"category_block panel-widget-style panel-widget-style-for-7789-0-0-0\">\n<div class=\"so-widget-sow-editor so-widget-sow-editor-base\">\n<div class=\"siteorigin-widget-tinymce textwidget\">\n<h2 style=\"text-align: center;\">Control y servicio de aerogeneradores<\/h2>\n<p style=\"text-align: justify;\">El mantenimiento de aerogeneradores es una parte importante para obtener una energ\u00eda alternativa. Los aerogeneradores tienen que trabajar constantemente en las duras condiciones creadas por la fuerza variable del viento y la variabilidad de la temperatura ambiente. Por lo tanto, se recomienda realizar una inspecci\u00f3n anual de los aerogeneradores.<\/p>\n<p style=\"text-align: justify;\">En primer lugar, la inspecci\u00f3n t\u00e9cnica se realiza en \u00e1reas que son particularmente susceptibles a factores externos, como tormentas de viento o heladas durante la temporada fr\u00eda.<\/p>\n<p style=\"text-align: justify;\">Es necesario inspeccionar el estado de los componentes y mecanismos del sistema para detectar la presencia de cables torcidos en el soporte, la formaci\u00f3n de grietas y las cizalladuras en las palas del rotor. Reemplazar los cepillos del colector de corriente (si el aerogenerador est\u00e1 equipado). Comprobar el grado de oxidaci\u00f3n y la posible formaci\u00f3n de corrosi\u00f3n en la cabeza del aerogenerador.<\/p>\n<p style=\"text-align: justify;\">Apretar (si es necesario) los pernos sueltos en el cubo y las lutitas. Si el aerogenerador est\u00e1 equipado con un m\u00e1stil en las abrazaderas, comprobar el estado de los cables. Realizar un diagn\u00f3stico detallado de los sistemas de seguridad y parada de emergencia en caso de mal funcionamiento. Controlar el estado del acumulador. Esto es especialmente importante para los sistemas que funcionan a 5 kW o m\u00e1s. Dado que el fallo de una de las bater\u00edas puede provocar un mal funcionamiento de todo el sistema. Esto es especialmente importante para los sistemas que funcionan a 5 kW o m\u00e1s. Dado que el fallo de una de los acumuladores puede provocar un mal funcionamiento de todo el sistema.<\/p>\n<p style=\"text-align: justify;\">Una de las partes m\u00e1s vulnerables de un aerogenerador es una caja de engranajes (reductor). Tiene una carga bastante grande, para hacer frente a la cual, ayuda el aceite de transmisi\u00f3n. Tambi\u00e9n proporciona una fricci\u00f3n reducida, evita la formaci\u00f3n de espuma y la corrosi\u00f3n.<\/p>\n<p><img loading=\"lazy\" decoding=\"async\" class=\"aligncenter wp-image-11046 size-medium lazyload\" title=\"Mantenimiento de aerogeneradores\" src=\"data:image\/gif;base64,R0lGODlhAQABAAAAACH5BAEKAAEALAAAAAABAAEAAAICTAEAOw==\" alt=\"Mantenimiento de aerogeneradores\" width=\"600\" height=\"339\" sizes=\"auto, (max-width: 600px) 100vw, 600px\" data-src=\"https:\/\/globecore.com\/wp-content\/uploads\/2018\/04\/Gear-Oil-Changer-CMM-G-600x339.jpg\" data-srcset=\"https:\/\/globecore.com\/wp-content\/uploads\/2018\/04\/Gear-Oil-Changer-CMM-G-600x339.jpg 600w, https:\/\/globecore.com\/wp-content\/uploads\/2018\/04\/Gear-Oil-Changer-CMM-G.jpg 1000w\"><\/p>\n<h2 style=\"text-align: center;\">Mantenimiento de aerogeneradores por el m<span class=\"st\"><em>\u00e9<\/em><\/span>todo de reemplazo de aceite en un reductor<b><br \/>\n<\/b><\/h2>\n<p style=\"text-align: justify;\">En reductores peque\u00f1os, se puede utilizar el \u201caceite de larga duraci\u00f3n\u201d. \u00a0Los dispositivos de este tipo generalmente no se reparan, pero se limitan a la sustituci\u00f3n cuando se produce una aver\u00eda. En las cajas de engranajes de aerogeneradores de alta potencia, se realizan los trabajos de servicio necesarios y el cambio de aceite (la periodicidad promedio recomendada es al menos una vez cada dos a\u00f1os). Para reducir la intensidad de mano de obra y el precio del proceso de reemplazo de aceite a gran altura, <em><strong>GlobeCore<\/strong><\/em> ha desarrollado y fabricado una instalaci\u00f3n especial del tipo CMM-G, que permite el mantenimiento de aerogeneradores de alta calidad y aumenta su fiabilidad.<\/p>\n<\/div>\n<\/div>\n<\/div>\n<\/div>\n<\/div>\n<\/div>\n<\/div>\n","protected":false},"excerpt":{"rendered":"<p>Control y servicio de aerogeneradores El mantenimiento de aerogeneradores es una parte importante para obtener una energ\u00eda alternativa. Los aerogeneradores tienen que trabajar constantemente en las duras condiciones creadas por la fuerza variable del viento y la variabilidad de la temperatura ambiente. Por lo tanto, se recomienda realizar una inspecci\u00f3n anual de los aerogeneradores. En<a class=\"cg-read-more\" href=\"https:\/\/globecore.com\/es\/products\/mantenimiento-de-aerogeneradores\/\" target=\"_blank\">Leer m\u00e1s <\/a><\/p>\n","protected":false},"author":7,"featured_media":67204,"parent":10793,"menu_order":0,"comment_status":"closed","ping_status":"closed","template":"templates\/products-sidebar.php","meta":{"_acf_changed":false,"_bbp_topic_count":0,"_bbp_reply_count":0,"_bbp_total_topic_count":0,"_bbp_total_reply_count":0,"_bbp_voice_count":0,"_bbp_anonymous_reply_count":0,"_bbp_topic_count_hidden":0,"_bbp_reply_count_hidden":0,"_bbp_forum_subforum_count":0,"footnotes":""},"categories":[],"class_list":["post-12312","page","type-page","status-publish","has-post-thumbnail","hentry"],"acf":[],"language":"es","_links":{"self":[{"href":"https:\/\/globecore.com\/es\/wp-json\/wp\/v2\/pages\/12312","targetHints":{"allow":["GET"]}}],"collection":[{"href":"https:\/\/globecore.com\/es\/wp-json\/wp\/v2\/pages"}],"about":[{"href":"https:\/\/globecore.com\/es\/wp-json\/wp\/v2\/types\/page"}],"author":[{"embeddable":true,"href":"https:\/\/globecore.com\/es\/wp-json\/wp\/v2\/users\/7"}],"replies":[{"embeddable":true,"href":"https:\/\/globecore.com\/es\/wp-json\/wp\/v2\/comments?post=12312"}],"version-history":[{"count":1,"href":"https:\/\/globecore.com\/es\/wp-json\/wp\/v2\/pages\/12312\/revisions"}],"predecessor-version":[{"id":330160,"href":"https:\/\/globecore.com\/es\/wp-json\/wp\/v2\/pages\/12312\/revisions\/330160"}],"up":[{"embeddable":true,"href":"https:\/\/globecore.com\/es\/wp-json\/wp\/v2\/pages\/10793"}],"wp:featuredmedia":[{"embeddable":true,"href":"https:\/\/globecore.com\/es\/wp-json\/wp\/v2\/media\/67204"}],"wp:attachment":[{"href":"https:\/\/globecore.com\/es\/wp-json\/wp\/v2\/media?parent=12312"}],"wp:term":[{"taxonomy":"category","embeddable":true,"href":"https:\/\/globecore.com\/es\/wp-json\/wp\/v2\/categories?post=12312"}],"curies":[{"name":"wp","href":"https:\/\/api.w.org\/{rel}","templated":true}]}}