{"id":12314,"date":"2017-11-06T14:02:27","date_gmt":"2017-11-06T14:02:27","guid":{"rendered":"https:\/\/globecore.com\/products\/wind-turbine-service\/cmm-4t-turbine-oil-filtration.html\/"},"modified":"2026-03-06T06:23:12","modified_gmt":"2026-03-06T06:23:12","slug":"cmm-4t-turbine-oil-filtration","status":"publish","type":"page","link":"https:\/\/globecore.com\/es\/products\/desgasificacion-de-aceite\/cmm-4t-turbine-oil-filtration\/","title":{"rendered":"CMM-4,0T M\u00e1quina de filtraci\u00f3n de aceite de turbina"},"content":{"rendered":"","protected":false},"excerpt":{"rendered":"<p>La GlobeCore CMM-4,0T es una estaci\u00f3n m\u00f3vil de aceite dise\u00f1ada para el tratamiento de aceite de turbina, incluyendo purificaci\u00f3n, eliminaci\u00f3n de part\u00edculas s\u00f3lidas y agua. La unidad tiene una capacidad de 4 m\u00b3\/h. El uso de la CMM-4,0T prolonga la vida \u00fatil del aceite de turbina, maquinaria de gas y vapor, equipos de turbina, centrales el\u00e9ctricas y otras instalaciones industriales. El aceite contaminado puede causar diversos problemas, por lo que el mantenimiento adecuado del equipo lleno de aceite es esencial. La filtraci\u00f3n de aceite proporciona una alternativa eficaz a la compra de productos nuevos y costosos. El sistema CMM-4,0T se puede utilizar para purificaci\u00f3n, deshidrataci\u00f3n, desgasificaci\u00f3n y evacuaci\u00f3n del aceite. Es adecuado para aceite de turbina con una viscosidad que no supere los 280 cSt a 50\u202f\u00b0C.<\/p>\n","protected":false},"author":7,"featured_media":31398,"parent":11838,"menu_order":0,"comment_status":"closed","ping_status":"closed","template":"templates\/single-product.php","meta":{"_acf_changed":false,"_bbp_topic_count":0,"_bbp_reply_count":0,"_bbp_total_topic_count":0,"_bbp_total_reply_count":0,"_bbp_voice_count":0,"_bbp_anonymous_reply_count":0,"_bbp_topic_count_hidden":0,"_bbp_reply_count_hidden":0,"_bbp_forum_subforum_count":0,"footnotes":""},"categories":[1338],"class_list":["post-12314","page","type-page","status-publish","has-post-thumbnail","hentry","category-oil-maintenance-es","oil_type-aceite-de-silicona","oil_type-aceite-de-transmision","oil_type-aceite-hidraulico","oil_type-aceite-industrial","oil_type-aceite-para-cables","oil_type-aceite-para-compresores","oil_type-aceite-para-transformadores","oil_type-aceite-para-turbinas","oil_type-aceite-shell-diala","oil_type-fluido-dielectrico-fr3","oil_type-fluido-dielectrico-midel-7131","oil_type-fluido-resistente-al-fuego-fyrquel","process_type-desgasificacion","process_type-deshidratacion","process_type-filtracion"],"acf":[],"language":"es","_links":{"self":[{"href":"https:\/\/globecore.com\/es\/wp-json\/wp\/v2\/pages\/12314","targetHints":{"allow":["GET"]}}],"collection":[{"href":"https:\/\/globecore.com\/es\/wp-json\/wp\/v2\/pages"}],"about":[{"href":"https:\/\/globecore.com\/es\/wp-json\/wp\/v2\/types\/page"}],"author":[{"embeddable":true,"href":"https:\/\/globecore.com\/es\/wp-json\/wp\/v2\/users\/7"}],"replies":[{"embeddable":true,"href":"https:\/\/globecore.com\/es\/wp-json\/wp\/v2\/comments?post=12314"}],"version-history":[{"count":2,"href":"https:\/\/globecore.com\/es\/wp-json\/wp\/v2\/pages\/12314\/revisions"}],"predecessor-version":[{"id":336015,"href":"https:\/\/globecore.com\/es\/wp-json\/wp\/v2\/pages\/12314\/revisions\/336015"}],"up":[{"embeddable":true,"href":"https:\/\/globecore.com\/es\/wp-json\/wp\/v2\/pages\/11838"}],"wp:featuredmedia":[{"embeddable":true,"href":"https:\/\/globecore.com\/es\/wp-json\/wp\/v2\/media\/31398"}],"wp:attachment":[{"href":"https:\/\/globecore.com\/es\/wp-json\/wp\/v2\/media?parent=12314"}],"wp:term":[{"taxonomy":"category","embeddable":true,"href":"https:\/\/globecore.com\/es\/wp-json\/wp\/v2\/categories?post=12314"}],"curies":[{"name":"wp","href":"https:\/\/api.w.org\/{rel}","templated":true}]}}