{"id":12493,"date":"2018-02-13T08:59:46","date_gmt":"2018-02-13T08:59:46","guid":{"rendered":"https:\/\/globecore.com\/products\/fuel-blending-systems.html\/"},"modified":"2026-03-06T14:35:17","modified_gmt":"2026-03-06T14:35:17","slug":"fuel-blending-systems","status":"publish","type":"page","link":"https:\/\/globecore.com\/es\/products\/sistemas-de-mezcla\/fuel-blending-systems\/","title":{"rendered":"USB-1 M\u00e1quina para mezcla de combustibles"},"content":{"rendered":"","protected":false},"excerpt":{"rendered":"<p>El sistema continuo en l\u00ednea USB-1 est\u00e1 dise\u00f1ado para la formulaci\u00f3n de combustibles y otros ingredientes l\u00edquidos, incluidos bioetanol y l\u00edquidos de origen vegetal. Su objetivo principal es intensificar la dispersi\u00f3n, homogeneizaci\u00f3n y emulsificaci\u00f3n, permitiendo que incluso l\u00edquidos y suspensiones aparentemente inmiscibles formen una mezcla estable y uniforme. El sistema puede mezclar de 2 a 5 ingredientes l\u00edquidos diferentes, con una capacidad de procesamiento de hasta 100\u202fm\u00b3. Esto asegura que el producto final permanezca consistente y estable con el tiempo, haciendo del USB-1 ideal para la producci\u00f3n industrial continua.<\/p>\n","protected":false},"author":7,"featured_media":16554,"parent":33580,"menu_order":0,"comment_status":"closed","ping_status":"closed","template":"templates\/single-product.php","meta":{"_acf_changed":false,"_bbp_topic_count":0,"_bbp_reply_count":0,"_bbp_total_topic_count":0,"_bbp_total_reply_count":0,"_bbp_voice_count":0,"_bbp_anonymous_reply_count":0,"_bbp_topic_count_hidden":0,"_bbp_reply_count_hidden":0,"_bbp_forum_subforum_count":0,"footnotes":""},"categories":[1392],"class_list":["post-12493","page","type-page","status-publish","has-post-thumbnail","hentry","category-mezcla-combinacion","oil_type-industria-petrolera","oil_type-industria-quimica-es","process_type-blending-es"],"acf":[],"language":"es","_links":{"self":[{"href":"https:\/\/globecore.com\/es\/wp-json\/wp\/v2\/pages\/12493","targetHints":{"allow":["GET"]}}],"collection":[{"href":"https:\/\/globecore.com\/es\/wp-json\/wp\/v2\/pages"}],"about":[{"href":"https:\/\/globecore.com\/es\/wp-json\/wp\/v2\/types\/page"}],"author":[{"embeddable":true,"href":"https:\/\/globecore.com\/es\/wp-json\/wp\/v2\/users\/7"}],"replies":[{"embeddable":true,"href":"https:\/\/globecore.com\/es\/wp-json\/wp\/v2\/comments?post=12493"}],"version-history":[{"count":1,"href":"https:\/\/globecore.com\/es\/wp-json\/wp\/v2\/pages\/12493\/revisions"}],"predecessor-version":[{"id":336246,"href":"https:\/\/globecore.com\/es\/wp-json\/wp\/v2\/pages\/12493\/revisions\/336246"}],"up":[{"embeddable":true,"href":"https:\/\/globecore.com\/es\/wp-json\/wp\/v2\/pages\/33580"}],"wp:featuredmedia":[{"embeddable":true,"href":"https:\/\/globecore.com\/es\/wp-json\/wp\/v2\/media\/16554"}],"wp:attachment":[{"href":"https:\/\/globecore.com\/es\/wp-json\/wp\/v2\/media?parent=12493"}],"wp:term":[{"taxonomy":"category","embeddable":true,"href":"https:\/\/globecore.com\/es\/wp-json\/wp\/v2\/categories?post=12493"}],"curies":[{"name":"wp","href":"https:\/\/api.w.org\/{rel}","templated":true}]}}