{"id":12507,"date":"2016-04-01T10:39:14","date_gmt":"2016-04-01T10:39:14","guid":{"rendered":"https:\/\/globecore.com\/sukhovey-air-drying.html"},"modified":"2026-03-06T09:21:53","modified_gmt":"2026-03-06T09:21:53","slug":"sukhovey-air-drying","status":"publish","type":"page","link":"https:\/\/globecore.com\/es\/products\/transformer-maintenance\/sukhovey-air-drying\/","title":{"rendered":"MOJAVE HEAT Secador de aire"},"content":{"rendered":"","protected":false},"excerpt":{"rendered":"<p>La unidad de secado por aire caliente Mojave Heat (Sukhovey) est\u00e1 dise\u00f1ada para el secado del aire y la eliminaci\u00f3n de part\u00edculas s\u00f3lidas del aire atmosf\u00e9rico, as\u00ed como para el secado mediante sorbentes. El aire seco y purificado se utiliza para purgar tanques de transformadores y equipos el\u00e9ctricos durante la instalaci\u00f3n, el mantenimiento o la reparaci\u00f3n, evitando la acumulaci\u00f3n de humedad en el aislamiento diel\u00e9ctrico mientras el n\u00facleo est\u00e1 expuesto.<\/p>\n","protected":false},"author":7,"featured_media":25266,"parent":112734,"menu_order":0,"comment_status":"closed","ping_status":"closed","template":"templates\/single-product.php","meta":{"_acf_changed":false,"_bbp_topic_count":0,"_bbp_reply_count":0,"_bbp_total_topic_count":0,"_bbp_total_reply_count":0,"_bbp_voice_count":0,"_bbp_anonymous_reply_count":0,"_bbp_topic_count_hidden":0,"_bbp_reply_count_hidden":0,"_bbp_forum_subforum_count":0,"footnotes":""},"categories":[2478],"class_list":["post-12507","page","type-page","status-publish","has-post-thumbnail","hentry","category-mantenimiento-de-transformadores","oil_type-transformadores-de-distribucion","oil_type-transformadores-elevadores-es","oil_type-transformadores-para-fines-especiales","oil_type-transformadores-reductores","process_type-deshidratacion"],"acf":[],"language":"es","_links":{"self":[{"href":"https:\/\/globecore.com\/es\/wp-json\/wp\/v2\/pages\/12507","targetHints":{"allow":["GET"]}}],"collection":[{"href":"https:\/\/globecore.com\/es\/wp-json\/wp\/v2\/pages"}],"about":[{"href":"https:\/\/globecore.com\/es\/wp-json\/wp\/v2\/types\/page"}],"author":[{"embeddable":true,"href":"https:\/\/globecore.com\/es\/wp-json\/wp\/v2\/users\/7"}],"replies":[{"embeddable":true,"href":"https:\/\/globecore.com\/es\/wp-json\/wp\/v2\/comments?post=12507"}],"version-history":[{"count":2,"href":"https:\/\/globecore.com\/es\/wp-json\/wp\/v2\/pages\/12507\/revisions"}],"predecessor-version":[{"id":336116,"href":"https:\/\/globecore.com\/es\/wp-json\/wp\/v2\/pages\/12507\/revisions\/336116"}],"up":[{"embeddable":true,"href":"https:\/\/globecore.com\/es\/wp-json\/wp\/v2\/pages\/112734"}],"wp:featuredmedia":[{"embeddable":true,"href":"https:\/\/globecore.com\/es\/wp-json\/wp\/v2\/media\/25266"}],"wp:attachment":[{"href":"https:\/\/globecore.com\/es\/wp-json\/wp\/v2\/media?parent=12507"}],"wp:term":[{"taxonomy":"category","embeddable":true,"href":"https:\/\/globecore.com\/es\/wp-json\/wp\/v2\/categories?post=12507"}],"curies":[{"name":"wp","href":"https:\/\/api.w.org\/{rel}","templated":true}]}}