{"id":12516,"date":"2016-12-20T07:58:33","date_gmt":"2016-12-20T07:58:33","guid":{"rendered":"https:\/\/globecore.com\/mixing-machine-avs-100.html"},"modified":"2026-03-09T08:54:31","modified_gmt":"2026-03-09T08:54:31","slug":"mixing-machine-avs-100","status":"publish","type":"page","link":"https:\/\/globecore.com\/es\/products\/molino-magnetico\/mixing-machine-avs-100\/","title":{"rendered":"AVS-100 Aparato de capa v\u00f3rtex"},"content":{"rendered":"","protected":false},"excerpt":{"rendered":"<p>GlobeCore es la \u00fanica empresa de alta tecnolog\u00eda en el mundo que produce dispositivos industriales de capa de v\u00f3rtice con rendimiento comprobado en aplicaciones reales. El dispositivo de capa de v\u00f3rtice ABC-100 est\u00e1 dise\u00f1ado para intensificar diversos procesos f\u00edsicos y qu\u00edmicos, incluyendo molienda fina, mezclado, dispersi\u00f3n y activaci\u00f3n de materiales. Esto se logra mediante el uso de un campo electromagn\u00e9tico y elementos ferromagn\u00e9ticos que generan una mezcla intensiva.<\/p>\n","protected":false},"author":7,"featured_media":23261,"parent":12521,"menu_order":0,"comment_status":"closed","ping_status":"closed","template":"templates\/single-product.php","meta":{"_acf_changed":false,"_bbp_topic_count":0,"_bbp_reply_count":0,"_bbp_total_topic_count":0,"_bbp_total_reply_count":0,"_bbp_voice_count":0,"_bbp_anonymous_reply_count":0,"_bbp_topic_count_hidden":0,"_bbp_reply_count_hidden":0,"_bbp_forum_subforum_count":0,"footnotes":""},"categories":[1360],"class_list":["post-12516","page","type-page","status-publish","has-post-thumbnail","hentry","category-molienda","oil_type-industria-alimentaria","oil_type-industria-de-la-construccion","oil_type-industria-farmaceutica-es","oil_type-industria-petrolera","oil_type-industria-quimica-es","process_type-activacion","process_type-mezcla","process_type-molienda"],"acf":[],"language":"es","_links":{"self":[{"href":"https:\/\/globecore.com\/es\/wp-json\/wp\/v2\/pages\/12516","targetHints":{"allow":["GET"]}}],"collection":[{"href":"https:\/\/globecore.com\/es\/wp-json\/wp\/v2\/pages"}],"about":[{"href":"https:\/\/globecore.com\/es\/wp-json\/wp\/v2\/types\/page"}],"author":[{"embeddable":true,"href":"https:\/\/globecore.com\/es\/wp-json\/wp\/v2\/users\/7"}],"replies":[{"embeddable":true,"href":"https:\/\/globecore.com\/es\/wp-json\/wp\/v2\/comments?post=12516"}],"version-history":[{"count":2,"href":"https:\/\/globecore.com\/es\/wp-json\/wp\/v2\/pages\/12516\/revisions"}],"predecessor-version":[{"id":341802,"href":"https:\/\/globecore.com\/es\/wp-json\/wp\/v2\/pages\/12516\/revisions\/341802"}],"up":[{"embeddable":true,"href":"https:\/\/globecore.com\/es\/wp-json\/wp\/v2\/pages\/12521"}],"wp:featuredmedia":[{"embeddable":true,"href":"https:\/\/globecore.com\/es\/wp-json\/wp\/v2\/media\/23261"}],"wp:attachment":[{"href":"https:\/\/globecore.com\/es\/wp-json\/wp\/v2\/media?parent=12516"}],"wp:term":[{"taxonomy":"category","embeddable":true,"href":"https:\/\/globecore.com\/es\/wp-json\/wp\/v2\/categories?post=12516"}],"curies":[{"name":"wp","href":"https:\/\/api.w.org\/{rel}","templated":true}]}}