{"id":12521,"date":"2016-12-20T07:55:36","date_gmt":"2016-12-20T07:55:36","guid":{"rendered":"https:\/\/globecore.com\/products\/magnetic-mill.html"},"modified":"2025-10-22T14:52:49","modified_gmt":"2025-10-22T14:52:49","slug":"molino-magnetico","status":"publish","type":"page","link":"https:\/\/globecore.com\/es\/products\/molino-magnetico\/","title":{"rendered":"Aparato de capa v\u00f3rtex"},"content":{"rendered":"<div id=\"pl-3461\" class=\"panel-layout\">\n<p><b>El aparato de capa v\u00f3rtex, con elementos ferromagn\u00e9ticos para la intensificaci\u00f3n de diversos procesos f\u00edsicos y qu\u00edmicos. <\/b><\/p>\n<p>La reacci\u00f3n de recuperaci\u00f3n en AVS, ocurre en fracciones de segundo, lo que hace posible procesar en el flujo a alta velocidad. La mezcla intensiva de reactivos y la influencia del campo electromagn\u00e9tico, as\u00ed como la dispersi\u00f3n de los componentes, permiten una mejor dispersi\u00f3n de los hidr\u00f3xidos met\u00e1licos, que en los agitadores mec\u00e1nicos. Curiosamente,aumentaci\u00f3n en la dispersi\u00f3n del sedimento no conduce a una desaceleraci\u00f3n de la sedimentaci\u00f3n. Por el contrario, la sedimentaci\u00f3n de part\u00edculas s\u00f3lidas en AVS ocurre 1.5 a 2 veces m\u00e1s r\u00e1pido, que en un agitador mec\u00e1nico.<\/p>\n<p>La instalaci\u00f3n se utiliza con \u00e9xito para tales fines:<\/p>\n<ul>\n<li>Producci\u00f3n de emulsiones y suspensiones multicomponentes ;<\/li>\n<li>Aceleraci\u00f3n de la producci\u00f3n de mezclas finamente dispersas ;<\/li>\n<li>Activaci\u00f3n de materiales tanto en forma seca como en agua ;<\/li>\n<li>Mejoramiento de las propiedades del caucho y decremento del tiempo de vulcanizaci\u00f3n ;<\/li>\n<li>Purificaci\u00f3n completa de aguas residuales industriales a partir de fenol \u00a0; formaldeh\u00eddo, metales pesados, ars\u00e9nico, cianuros ;<\/li>\n<li>Aceleraci\u00f3n del tratamiento t\u00e9rmico \u00a0;<\/li>\n<li>Producci\u00f3n de prote\u00ednas a partir de c\u00e9lulas de levadura \u00a0;<\/li>\n<li>Mejoramiento de la estabilidad microbiol\u00f3gica de los productos alimenticios y activaci\u00f3n de la levadura cuando se hornea pan \u00a0;<\/li>\n<li>Mejoramiento de carne,pescado, productos semifabricados y terminados \u00a0;<\/li>\n<li>Intensificaci\u00f3n de la extracci\u00f3n, incluida la producci\u00f3n de caldos, zumos, pectina, etc. \u00a0;<\/li>\n<li>La producci\u00f3n de suspensiones y emulsiones de mayor calidad microbiol\u00f3gica en la industria alimentaria, sin el uso de estabilizadores, y un aumento en el rendimiento del producto.<\/li>\n<\/ul>\n<h2 class=\"gc-page-title\">Aparato de capa V\u00f3rtex<b> AVS-100 <\/b><\/h2>\n<p><b>Productividad : 12m3\/h<\/b><\/p>\n<p>La instalaci\u00f3n funciona seg\u00fan el principio de convertir la energ\u00eda de un campo electromagn\u00e9tico en otras formas de energ\u00eda.<\/p>\n<p>La c\u00e1mara de instalaci\u00f3n (di\u00e1metro del tubo 90-136 mm) se encuentra dentro del inductor del campo electromagn\u00e9tico.<\/p>\n<p>Dentro hay elementos ferromagn\u00e9ticos cil\u00edndricos de 0,5 a 5 mm de di\u00e1metro y 5 a 60 mm de longitud, que var\u00edan de varias decenas a varios centenares (0,05 a 5 kg), seg\u00fan el volumen del n\u00facleo.<\/p>\n<p>La c\u00e1mara puede tener varias configuraciones, seg\u00fan los requisitos del proceso.<\/p>\n<h1 class=\"gc-page-title\">Aparato de capa V\u00f3rtex<b> AVS-150<\/b><\/h1>\n<p><b>Productividad : 30m3\/h<\/b><\/p>\n<p>El consumo de energ\u00eda en la c\u00e1mara est\u00e1 determinado s\u00f3lo por su dise\u00f1o, material de fabricaci\u00f3n y grosor de las paredes, y no depende de la fuerza del campo magn\u00e9tico. Para reducir el consumo de energ\u00eda, hacemos una c\u00e1mara de material no magn\u00e9tico (acero inoxidable).<\/p>\n<p>El campo electromagn\u00e9tico giratorio, conduce los elementos ferromagn\u00e9ticos en la zona activa en movimiento y crea una llamada capa de v\u00f3rtex.<\/p>\n<p>Los principales componentes del aparato de capa v\u00f3rtex son: un inductor de un campo electromagn\u00e9tico giratorio con un sistema de refrigeraci\u00f3n conectado a una fuente de alimentaci\u00f3n trif\u00e1sica 380 \/ 220V, 50Hz, y una c\u00e1mara de trabajo con elementos ferromagn\u00e9ticos.<\/p>\n<p>&nbsp;<\/p>\n<\/div>\n<div id=\"s3gt_translate_tooltip_mini\" class=\"s3gt_translate_tooltip_mini_box\" style=\"background: initial !important; border: initial !important; border-spacing: initial !important; border-collapse: initial !important; direction: ltr !important; font-weight: initial !important; height: initial !important; letter-spacing: initial !important; min-width: initial !important; max-width: initial !important; min-height: initial !important; max-height: initial !important; margin: auto !important; padding: initial !important; text-align: initial !important; width: initial !important; color: inherit !important; font-size: 13px !important; font-family: X-LocaleSpecific, sans-serif, Tahoma, Helvetica !important; line-height: 13px !important; vertical-align: top !important;\">\n<div id=\"s3gt_translate_tooltip_mini_logo\" class=\"s3gt_translate_tooltip_mini\" title=\"\u041f\u0435\u0440\u0435\u0432\u0435\u0441\u0442\u0438 \u0432\u044b\u0434\u0435\u043b\u0435\u043d\u043d\u044b\u0439 \u0444\u0440\u0430\u0433\u043c\u0435\u043d\u0442\"><\/div>\n<div id=\"s3gt_translate_tooltip_mini_sound\" class=\"s3gt_translate_tooltip_mini\" title=\"\u041f\u0440\u043e\u0441\u043b\u0443\u0448\u0430\u0442\u044c\"><\/div>\n<div id=\"s3gt_translate_tooltip_mini_copy\" class=\"s3gt_translate_tooltip_mini\" title=\"\u0421\u043a\u043e\u043f\u0438\u0440\u043e\u0432\u0430\u0442\u044c \u0442\u0435\u043a\u0441\u0442 \u0432 \u0431\u0443\u0444\u0435\u0440 \u043e\u0431\u043c\u0435\u043d\u0430\"><\/div>\n<\/div>\n","protected":false},"excerpt":{"rendered":"<p>El aparato de capa v\u00f3rtex, con elementos ferromagn\u00e9ticos para la intensificaci\u00f3n de diversos procesos f\u00edsicos y qu\u00edmicos. La reacci\u00f3n de recuperaci\u00f3n en AVS, ocurre en fracciones de segundo, lo que hace posible procesar en el flujo a alta velocidad. La mezcla intensiva de reactivos y la influencia del campo electromagn\u00e9tico, as\u00ed como la dispersi\u00f3n de<a class=\"cg-read-more\" href=\"https:\/\/globecore.com\/es\/products\/molino-magnetico\/\" target=\"_blank\">Leer m\u00e1s <\/a><\/p>\n","protected":false},"author":7,"featured_media":38241,"parent":10793,"menu_order":0,"comment_status":"closed","ping_status":"closed","template":"templates\/products-sidebar.php","meta":{"_acf_changed":false,"_bbp_topic_count":0,"_bbp_reply_count":0,"_bbp_total_topic_count":0,"_bbp_total_reply_count":0,"_bbp_voice_count":0,"_bbp_anonymous_reply_count":0,"_bbp_topic_count_hidden":0,"_bbp_reply_count_hidden":0,"_bbp_forum_subforum_count":0,"footnotes":""},"categories":[],"class_list":["post-12521","page","type-page","status-publish","has-post-thumbnail","hentry"],"acf":[],"language":"es","_links":{"self":[{"href":"https:\/\/globecore.com\/es\/wp-json\/wp\/v2\/pages\/12521","targetHints":{"allow":["GET"]}}],"collection":[{"href":"https:\/\/globecore.com\/es\/wp-json\/wp\/v2\/pages"}],"about":[{"href":"https:\/\/globecore.com\/es\/wp-json\/wp\/v2\/types\/page"}],"author":[{"embeddable":true,"href":"https:\/\/globecore.com\/es\/wp-json\/wp\/v2\/users\/7"}],"replies":[{"embeddable":true,"href":"https:\/\/globecore.com\/es\/wp-json\/wp\/v2\/comments?post=12521"}],"version-history":[{"count":0,"href":"https:\/\/globecore.com\/es\/wp-json\/wp\/v2\/pages\/12521\/revisions"}],"up":[{"embeddable":true,"href":"https:\/\/globecore.com\/es\/wp-json\/wp\/v2\/pages\/10793"}],"wp:featuredmedia":[{"embeddable":true,"href":"https:\/\/globecore.com\/es\/wp-json\/wp\/v2\/media\/38241"}],"wp:attachment":[{"href":"https:\/\/globecore.com\/es\/wp-json\/wp\/v2\/media?parent=12521"}],"wp:term":[{"taxonomy":"category","embeddable":true,"href":"https:\/\/globecore.com\/es\/wp-json\/wp\/v2\/categories?post=12521"}],"curies":[{"name":"wp","href":"https:\/\/api.w.org\/{rel}","templated":true}]}}