{"id":12541,"date":"2016-04-01T07:14:15","date_gmt":"2016-04-01T07:14:15","guid":{"rendered":"https:\/\/globecore.com\/products\/oil-processing-equipment\/stream-oil-heating.html"},"modified":"2026-03-06T08:37:05","modified_gmt":"2026-03-06T08:37:05","slug":"stream-oil-heating","status":"publish","type":"page","link":"https:\/\/globecore.com\/es\/products\/calefaccion-de-aceite\/stream-oil-heating\/","title":{"rendered":"PPM Unidad de calefacci\u00f3n de aceite"},"content":{"rendered":"","protected":false},"excerpt":{"rendered":"<p>La unidad de calentamiento de aceite PPM est\u00e1 dise\u00f1ada para calentar aceite de transformador durante la adici\u00f3n, el reemplazo o el secado del transformador. Tambi\u00e9n puede calentar aceites minerales, aceites industriales, aceites de turbina y otros l\u00edquidos no corrosivos. La unidad es ideal para centrales el\u00e9ctricas, instalaciones de manejo de aceite y sitios de reparaci\u00f3n y mantenimiento de transformadores, y puede operarse en interiores o al aire libre bajo un toldo adecuado. Es adecuada para aceites y l\u00edquidos con una viscosidad cinem\u00e1tica de menos de 70\u202fcSt a 50\u202f\u00b0C y tambi\u00e9n puede utilizarse en la industria de refinaci\u00f3n de petr\u00f3leo para calentar productos petrol\u00edferos o l\u00edquidos que contengan arena, lodos y otras impurezas.<\/p>\n","protected":false},"author":7,"featured_media":30867,"parent":14126,"menu_order":0,"comment_status":"closed","ping_status":"closed","template":"templates\/single-product.php","meta":{"_acf_changed":false,"_bbp_topic_count":0,"_bbp_reply_count":0,"_bbp_total_topic_count":0,"_bbp_total_reply_count":0,"_bbp_voice_count":0,"_bbp_anonymous_reply_count":0,"_bbp_topic_count_hidden":0,"_bbp_reply_count_hidden":0,"_bbp_forum_subforum_count":0,"footnotes":""},"categories":[1338],"class_list":["post-12541","page","type-page","status-publish","has-post-thumbnail","hentry","category-oil-maintenance-es","oil_type-aceite-hidraulico","oil_type-aceite-industrial","oil_type-aceite-para-compresores","oil_type-aceite-para-transformadores","oil_type-aceite-para-turbinas","oil_type-combustible-diesel","process_type-calefaccion"],"acf":[],"language":"es","_links":{"self":[{"href":"https:\/\/globecore.com\/es\/wp-json\/wp\/v2\/pages\/12541","targetHints":{"allow":["GET"]}}],"collection":[{"href":"https:\/\/globecore.com\/es\/wp-json\/wp\/v2\/pages"}],"about":[{"href":"https:\/\/globecore.com\/es\/wp-json\/wp\/v2\/types\/page"}],"author":[{"embeddable":true,"href":"https:\/\/globecore.com\/es\/wp-json\/wp\/v2\/users\/7"}],"replies":[{"embeddable":true,"href":"https:\/\/globecore.com\/es\/wp-json\/wp\/v2\/comments?post=12541"}],"version-history":[{"count":2,"href":"https:\/\/globecore.com\/es\/wp-json\/wp\/v2\/pages\/12541\/revisions"}],"predecessor-version":[{"id":336081,"href":"https:\/\/globecore.com\/es\/wp-json\/wp\/v2\/pages\/12541\/revisions\/336081"}],"up":[{"embeddable":true,"href":"https:\/\/globecore.com\/es\/wp-json\/wp\/v2\/pages\/14126"}],"wp:featuredmedia":[{"embeddable":true,"href":"https:\/\/globecore.com\/es\/wp-json\/wp\/v2\/media\/30867"}],"wp:attachment":[{"href":"https:\/\/globecore.com\/es\/wp-json\/wp\/v2\/media?parent=12541"}],"wp:term":[{"taxonomy":"category","embeddable":true,"href":"https:\/\/globecore.com\/es\/wp-json\/wp\/v2\/categories?post=12541"}],"curies":[{"name":"wp","href":"https:\/\/api.w.org\/{rel}","templated":true}]}}