{"id":12577,"date":"2016-03-31T12:25:05","date_gmt":"2016-03-31T12:25:05","guid":{"rendered":"https:\/\/globecore.com\/products\/oil-processing-equipment\/oil-regenaration\/cmm-r-oil-regeneration-systems.html"},"modified":"2026-03-05T14:23:43","modified_gmt":"2026-03-05T14:23:43","slug":"cmm-r-oil-regeneration-systems","status":"publish","type":"page","link":"https:\/\/globecore.com\/es\/products\/regeneracion-de-aceites\/cmm-r-oil-regeneration-systems\/","title":{"rendered":"CMM-12R Maquina de regeneraci\u00f3n de aceite"},"content":{"rendered":"","protected":false},"excerpt":{"rendered":"<p>Los sistemas de regeneraci\u00f3n de aceite GlobeCore CMM-12R restauran el aceite de transformador y los aceites diel\u00e9ctricos, eliminando productos de degradaci\u00f3n y \u00e1cidos. El proceso mejora la rigidez diel\u00e9ctrica, la claridad y la resistencia a la oxidaci\u00f3n, prolongando la vida \u00fatil del transformador y reduciendo los costos de sustituci\u00f3n de aceite. El sorbente de larga vida \u00fatil funciona hasta tres a\u00f1os sin reemplazo, eliminando consumibles y mano de obra en sitio. Los sistemas pueden operar como unidades independientes o junto con equipos existentes de desgasificaci\u00f3n o secado. Cada unidad GlobeCore es personalizable para fabricantes de transformadores y empresas de servicio. Adecuado para aceite de transformador, aceite de turbina, aceite hidr\u00e1ulico, FR3, Midel y otros fluidos industriales.<\/p>\n","protected":false},"author":7,"featured_media":12579,"parent":10999,"menu_order":0,"comment_status":"closed","ping_status":"closed","template":"templates\/single-product.php","meta":{"_acf_changed":false,"_bbp_topic_count":0,"_bbp_reply_count":0,"_bbp_total_topic_count":0,"_bbp_total_reply_count":0,"_bbp_voice_count":0,"_bbp_anonymous_reply_count":0,"_bbp_topic_count_hidden":0,"_bbp_reply_count_hidden":0,"_bbp_forum_subforum_count":0,"footnotes":""},"categories":[1338],"class_list":["post-12577","page","type-page","status-publish","has-post-thumbnail","hentry","category-oil-maintenance-es","oil_type-aceite-de-silicona","oil_type-aceite-de-transmision","oil_type-aceite-hidraulico","oil_type-aceite-industrial","oil_type-aceite-para-cables","oil_type-aceite-para-compresores","oil_type-aceite-para-transformadores","oil_type-aceite-para-turbinas","oil_type-fluido-dielectrico-fr3","oil_type-fluido-dielectrico-midel-7131","oil_type-fluido-resistente-al-fuego-fyrquel","process_type-filtracion","process_type-regeneracion"],"acf":[],"language":"es","_links":{"self":[{"href":"https:\/\/globecore.com\/es\/wp-json\/wp\/v2\/pages\/12577","targetHints":{"allow":["GET"]}}],"collection":[{"href":"https:\/\/globecore.com\/es\/wp-json\/wp\/v2\/pages"}],"about":[{"href":"https:\/\/globecore.com\/es\/wp-json\/wp\/v2\/types\/page"}],"author":[{"embeddable":true,"href":"https:\/\/globecore.com\/es\/wp-json\/wp\/v2\/users\/7"}],"replies":[{"embeddable":true,"href":"https:\/\/globecore.com\/es\/wp-json\/wp\/v2\/comments?post=12577"}],"version-history":[{"count":3,"href":"https:\/\/globecore.com\/es\/wp-json\/wp\/v2\/pages\/12577\/revisions"}],"predecessor-version":[{"id":335975,"href":"https:\/\/globecore.com\/es\/wp-json\/wp\/v2\/pages\/12577\/revisions\/335975"}],"up":[{"embeddable":true,"href":"https:\/\/globecore.com\/es\/wp-json\/wp\/v2\/pages\/10999"}],"wp:featuredmedia":[{"embeddable":true,"href":"https:\/\/globecore.com\/es\/wp-json\/wp\/v2\/media\/12579"}],"wp:attachment":[{"href":"https:\/\/globecore.com\/es\/wp-json\/wp\/v2\/media?parent=12577"}],"wp:term":[{"taxonomy":"category","embeddable":true,"href":"https:\/\/globecore.com\/es\/wp-json\/wp\/v2\/categories?post=12577"}],"curies":[{"name":"wp","href":"https:\/\/api.w.org\/{rel}","templated":true}]}}