{"id":12611,"date":"2016-04-01T11:12:06","date_gmt":"2016-04-01T11:12:06","guid":{"rendered":"https:\/\/globecore.com\/products\/oil-processing-equipment\/oil-filtration-pumping\/cfu-oil-filtration-unit.html"},"modified":"2026-03-06T08:14:40","modified_gmt":"2026-03-06T08:14:40","slug":"cfu-oil-filtration-unit","status":"publish","type":"page","link":"https:\/\/globecore.com\/es\/products\/filtrado-de-aceite\/cfu-oil-filtration-unit\/","title":{"rendered":"CMM-4.0F Unidad de filtraci\u00f3n de aceite hidr\u00e1ulica"},"content":{"rendered":"","protected":false},"excerpt":{"rendered":"<p>La unidad CMM-4,0F es un sistema port\u00e1til de filtraci\u00f3n in situ con filtros de cartucho, dise\u00f1ado para eliminar impurezas mec\u00e1nicas de aceites industriales y aceites de aislamiento diel\u00e9ctrico con una viscosidad de hasta 70\u202fcSt a 50\u202f\u00b0C (122\u202f\u00b0F). Su capacidad de procesamiento var\u00eda de 1 a 4\u202fm\u00b3\/h, con una finura de filtraci\u00f3n de 5\u202f\u03bcm. La unidad se utiliza durante la instalaci\u00f3n, el mantenimiento y la operaci\u00f3n de equipos llenos de aceite.<\/p>\n","protected":false},"author":7,"featured_media":66560,"parent":11007,"menu_order":0,"comment_status":"closed","ping_status":"closed","template":"templates\/single-product.php","meta":{"_acf_changed":false,"_bbp_topic_count":0,"_bbp_reply_count":0,"_bbp_total_topic_count":0,"_bbp_total_reply_count":0,"_bbp_voice_count":0,"_bbp_anonymous_reply_count":0,"_bbp_topic_count_hidden":0,"_bbp_reply_count_hidden":0,"_bbp_forum_subforum_count":0,"footnotes":""},"categories":[1338],"class_list":["post-12611","page","type-page","status-publish","has-post-thumbnail","hentry","category-oil-maintenance-es","oil_type-aceite-de-silicona","oil_type-aceite-de-transmision","oil_type-aceite-hidraulico","oil_type-aceite-industrial","oil_type-aceite-para-cables","oil_type-aceite-para-compresores","oil_type-aceite-para-transformadores","oil_type-aceite-para-turbinas","oil_type-fluido-dielectrico-fr3","oil_type-fluido-dielectrico-midel-7131","oil_type-fluido-resistente-al-fuego-fyrquel","process_type-filtracion"],"acf":[],"language":"es","_links":{"self":[{"href":"https:\/\/globecore.com\/es\/wp-json\/wp\/v2\/pages\/12611","targetHints":{"allow":["GET"]}}],"collection":[{"href":"https:\/\/globecore.com\/es\/wp-json\/wp\/v2\/pages"}],"about":[{"href":"https:\/\/globecore.com\/es\/wp-json\/wp\/v2\/types\/page"}],"author":[{"embeddable":true,"href":"https:\/\/globecore.com\/es\/wp-json\/wp\/v2\/users\/7"}],"replies":[{"embeddable":true,"href":"https:\/\/globecore.com\/es\/wp-json\/wp\/v2\/comments?post=12611"}],"version-history":[{"count":1,"href":"https:\/\/globecore.com\/es\/wp-json\/wp\/v2\/pages\/12611\/revisions"}],"predecessor-version":[{"id":336065,"href":"https:\/\/globecore.com\/es\/wp-json\/wp\/v2\/pages\/12611\/revisions\/336065"}],"up":[{"embeddable":true,"href":"https:\/\/globecore.com\/es\/wp-json\/wp\/v2\/pages\/11007"}],"wp:featuredmedia":[{"embeddable":true,"href":"https:\/\/globecore.com\/es\/wp-json\/wp\/v2\/media\/66560"}],"wp:attachment":[{"href":"https:\/\/globecore.com\/es\/wp-json\/wp\/v2\/media?parent=12611"}],"wp:term":[{"taxonomy":"category","embeddable":true,"href":"https:\/\/globecore.com\/es\/wp-json\/wp\/v2\/categories?post=12611"}],"curies":[{"name":"wp","href":"https:\/\/api.w.org\/{rel}","templated":true}]}}