{"id":12690,"date":"2017-10-23T07:00:14","date_gmt":"2017-10-23T07:00:14","guid":{"rendered":"https:\/\/globecore.com\/products\/colloid-mill.html"},"modified":"2024-12-17T10:17:14","modified_gmt":"2024-12-17T10:17:14","slug":"molino-coloide","status":"publish","type":"page","link":"https:\/\/globecore.com\/es\/products\/molino-coloide\/","title":{"rendered":"Molino coloide"},"content":{"rendered":"<p>El molino coloidal, como una de las unidades m\u00e1s importantes de la instalaci\u00f3n, para mezclar emulsi\u00f3n bituminosa, realiza la funci\u00f3n de moler bet\u00fan a part\u00edculas de 1-3 micras de tama\u00f1o, mezcl\u00e1ndolo con una soluci\u00f3n emulsionante.<\/p>\n<p>A pesar de que los equipos para la producci\u00f3n de emulsiones consisten en muchas unidades y conjuntos diferentes, que proporcionan el funcionamiento de un molino coloidal y tienen sus propias caracter\u00edsticas, es el nivel de calidad de este, el que afecta las caracter\u00edsticas del producto terminado.<\/p>\n<p>La emulsi\u00f3n bituminosa producida en una planta especial, equipada con un molino coloidal moderno &#8211; altamente productivo, tiene indicadores de estabilidad impresionantes, un grado de control sobre la velocidad de su descomposici\u00f3n y una larga vida \u00fatil.<\/p>\n<p>El molino coloidal se utiliza para moler los componentes de la producci\u00f3n de soluciones coloidales ultrapeque\u00f1as altamente estables, suspensiones, emulsiones, emulsiones de agua y bet\u00fan, pastas, betunes modificados con pol\u00edmeros, ung\u00fcentos, etc.<\/p>\n<h2>Principio de funcionamiento<\/h2>\n<p>El principio de funcionamiento del molino coloidal es la interacci\u00f3n de dos discos con dientes especiales. Uno de ellos se fija inm\u00f3vil, y el segundo gira. Los materiales l\u00edquidos o semil\u00edquidos se mezclan hasta que se produce un estado uniforme, finamente disperso y homog\u00e9neo, por la fuerza centr\u00edfuga entre los discos.<\/p>\n<h2>Aplicaci\u00f3n<\/h2>\n<p>El molino coloidal, que se utiliza en plantas modernas, para la producci\u00f3n de emulsiones bituminosas, consiste en una carcasa desmontable de acero, con una tapa de cierre y una boquilla de succi\u00f3n. En la carcasa hay un rotor, apoyado por un cojinete de bolas de empuje.<\/p>\n<p>El sellado del extremo de salida del eje de accionamiento se lleva a cabo mediante una prensaestopa. \u00a0Adem\u00e1s, los componentes del molino coloidal incluyen un tubo de suministro para los componentes iniciales, un tubo de salida para la emulsi\u00f3n y un niple de suministro y salida, para calentar el cabezal de trabajo.<\/p>\n<p>Adem\u00e1s, se desarrollan molinos coloidales con calentamiento (llevados a cabo con la ayuda de un cuerpo de calentamiento &#8211; aceites minerales y sint\u00e9ticos) para la preparaci\u00f3n de emulsiones altamente viscosas.<\/p>\n<h2>Molinos coloidales de la molienda h\u00fameda<\/h2>\n<p>Los molinos coloidales para \u00abmolienda h\u00fameda\u00bb consisten en una carcasa con una toma c\u00f3nica en el medio, en la que un rotor fijado en un eje vertical gira a una velocidad de 30 a 125 m \/ seg. El fluido que ingresa a trav\u00e9s de un orificio especial, pasa entre la toma c\u00f3nica y el rotor, y las part\u00edculas s\u00f3lidas se desgastan y salen junto con el l\u00edquido a trav\u00e9s de la abertura de salida.<\/p>\n<p>Un peque\u00f1o espacio entre la toma y el rotor est\u00e1 regulado por un tornillo microm\u00e9trico. Esto permite una selecci\u00f3n \u00f3ptima de la brecha para el grado requerido de molienda de pol\u00edmero y suficiente homogeneizaci\u00f3n del producto terminado. La dispersi\u00f3n de part\u00edculas s\u00f3lidas en molinos coloidales se debe a la tensi\u00f3n creada por las pel\u00edculas l\u00edquidas formadas en las superficies lisas m\u00f3viles y estacionarias del rotor y el casquillo.<\/p>\n<h2>Molinos coloidales de la marca GlobeCore<\/h2>\n<p>GlobeCore se dedica a la producci\u00f3n de instalaciones para la preparaci\u00f3n de emulsiones bituminosas y bet\u00fan modificado, basadas en el uso de las capacidades de un molino coloidal. Hoy la compa\u00f1\u00eda ocupa una posici\u00f3n de liderazgo en los mercados de tecnolog\u00eda en 70 pa\u00edses. Solo en los \u00faltimos a\u00f1os, el boom de la construcci\u00f3n de autopistas modernas y el revestimiento modernizado de obras de construcci\u00f3n, las instalaciones de GlobeCore con tecnolog\u00eda de molino coloidal est\u00e1n en gran demanda. El molino coloidal de la marca GlobeCore &#8211; tiene un alto rendimiento de rectificado, que se logra como resultado del uso de su estructura, descrita anteriormente.<\/p>\n<p>Las posiciones de liderazgo de GlobeCore tambi\u00e9n se logran mediante el uso de materiales de alta calidad, nuevas tecnolog\u00edas para su procesamiento y una amplia experiencia en el campo en la producci\u00f3n de equipos.<\/p>\n<p>Adem\u00e1s, los molinos coloidales GlobeCore son versiones modernizadas y actualizadas de instalaciones tempranas, que permiten la implementaci\u00f3n de formulaciones \u00fanicas, para mezclar emulsiones bituminosas o modificaciones de bet\u00fan.<\/p>\n<p>La uniformidad del producto se logra despu\u00e9s del primer paso a trav\u00e9s del molino coloidal, por lo tanto, las ventajas de usar tecnolog\u00edas GlobeCore pueden enumerarse las posibilidades de producci\u00f3n continua, as\u00ed como el ahorro de electricidad y calor, tiempo de producci\u00f3n y, como resultado, una reducci\u00f3n del precio de coste de los productos terminados.<\/p>\n","protected":false},"excerpt":{"rendered":"<p>El molino coloidal, como una de las unidades m\u00e1s importantes de la instalaci\u00f3n, para mezclar emulsi\u00f3n bituminosa, realiza la funci\u00f3n de moler bet\u00fan a part\u00edculas de 1-3 micras de tama\u00f1o, mezcl\u00e1ndolo con una soluci\u00f3n emulsionante. A pesar de que los equipos para la producci\u00f3n de emulsiones consisten en muchas unidades y conjuntos diferentes, que proporcionan<a class=\"cg-read-more\" href=\"https:\/\/globecore.com\/es\/products\/molino-coloide\/\" target=\"_blank\">Leer m\u00e1s <\/a><\/p>\n","protected":false},"author":7,"featured_media":37623,"parent":10793,"menu_order":0,"comment_status":"closed","ping_status":"closed","template":"templates\/products-sidebar.php","meta":{"_acf_changed":false,"_bbp_topic_count":0,"_bbp_reply_count":0,"_bbp_total_topic_count":0,"_bbp_total_reply_count":0,"_bbp_voice_count":0,"_bbp_anonymous_reply_count":0,"_bbp_topic_count_hidden":0,"_bbp_reply_count_hidden":0,"_bbp_forum_subforum_count":0,"footnotes":""},"categories":[],"class_list":["post-12690","page","type-page","status-publish","has-post-thumbnail","hentry"],"acf":[],"language":"es","_links":{"self":[{"href":"https:\/\/globecore.com\/es\/wp-json\/wp\/v2\/pages\/12690","targetHints":{"allow":["GET"]}}],"collection":[{"href":"https:\/\/globecore.com\/es\/wp-json\/wp\/v2\/pages"}],"about":[{"href":"https:\/\/globecore.com\/es\/wp-json\/wp\/v2\/types\/page"}],"author":[{"embeddable":true,"href":"https:\/\/globecore.com\/es\/wp-json\/wp\/v2\/users\/7"}],"replies":[{"embeddable":true,"href":"https:\/\/globecore.com\/es\/wp-json\/wp\/v2\/comments?post=12690"}],"version-history":[{"count":0,"href":"https:\/\/globecore.com\/es\/wp-json\/wp\/v2\/pages\/12690\/revisions"}],"up":[{"embeddable":true,"href":"https:\/\/globecore.com\/es\/wp-json\/wp\/v2\/pages\/10793"}],"wp:featuredmedia":[{"embeddable":true,"href":"https:\/\/globecore.com\/es\/wp-json\/wp\/v2\/media\/37623"}],"wp:attachment":[{"href":"https:\/\/globecore.com\/es\/wp-json\/wp\/v2\/media?parent=12690"}],"wp:term":[{"taxonomy":"category","embeddable":true,"href":"https:\/\/globecore.com\/es\/wp-json\/wp\/v2\/categories?post=12690"}],"curies":[{"name":"wp","href":"https:\/\/api.w.org\/{rel}","templated":true}]}}