{"id":12725,"date":"2016-04-06T05:49:16","date_gmt":"2016-04-06T05:49:16","guid":{"rendered":"https:\/\/globecore.com\/products\/oil-processing-equipment\/vacuumizing-of-equipment\/uvm-1015-mobile-oil-plant.html"},"modified":"2026-03-06T07:36:06","modified_gmt":"2026-03-06T07:36:06","slug":"uvm-1015-mobile-oil-plant","status":"publish","type":"page","link":"https:\/\/globecore.com\/es\/products\/desgasificacion-de-aceite\/uvm-1015-mobile-oil-plant\/","title":{"rendered":"CMM-10 Sistema de desgasificaci\u00f3n de aceite de transformador"},"content":{"rendered":"","protected":false},"excerpt":{"rendered":"<p>La unidad de procesamiento de aceite de transformador CMM-10 est\u00e1 dise\u00f1ada para vaciar transformadores, eliminar impurezas mec\u00e1nicas y eliminar agua y gases de aceites de aislamiento el\u00e9ctrico. Su capacidad es de 10\u202fm\u00b3\/h (2,642 gal\/h) en modo de desgasificaci\u00f3n, secado y filtraci\u00f3n, y de 15\u202fm\u00b3\/h (3,970 gal\/h) en modo de calentamiento y filtraci\u00f3n. La unidad se utiliza durante la instalaci\u00f3n, el mantenimiento y la operaci\u00f3n de equipos de alta tensi\u00f3n llenos de aceite, incluidos transformadores de potencia e interruptores de alta tensi\u00f3n. Cuenta con una construcci\u00f3n de marco con un contenedor met\u00e1lico y puertas bloqueables.<\/p>\n","protected":false},"author":7,"featured_media":31157,"parent":11838,"menu_order":0,"comment_status":"closed","ping_status":"closed","template":"templates\/single-product.php","meta":{"_acf_changed":false,"_bbp_topic_count":0,"_bbp_reply_count":0,"_bbp_total_topic_count":0,"_bbp_total_reply_count":0,"_bbp_voice_count":0,"_bbp_anonymous_reply_count":0,"_bbp_topic_count_hidden":0,"_bbp_reply_count_hidden":0,"_bbp_forum_subforum_count":0,"footnotes":""},"categories":[1338],"class_list":["post-12725","page","type-page","status-publish","has-post-thumbnail","hentry","category-oil-maintenance-es","oil_type-aceite-de-silicona","oil_type-aceite-para-transformadores","oil_type-aceite-shell-diala","oil_type-fluido-dielectrico-fr3","oil_type-fluido-dielectrico-midel-7131","oil_type-fluido-resistente-al-fuego-fyrquel","process_type-desgasificacion","process_type-deshidratacion","process_type-filtracion"],"acf":[],"language":"es","_links":{"self":[{"href":"https:\/\/globecore.com\/es\/wp-json\/wp\/v2\/pages\/12725","targetHints":{"allow":["GET"]}}],"collection":[{"href":"https:\/\/globecore.com\/es\/wp-json\/wp\/v2\/pages"}],"about":[{"href":"https:\/\/globecore.com\/es\/wp-json\/wp\/v2\/types\/page"}],"author":[{"embeddable":true,"href":"https:\/\/globecore.com\/es\/wp-json\/wp\/v2\/users\/7"}],"replies":[{"embeddable":true,"href":"https:\/\/globecore.com\/es\/wp-json\/wp\/v2\/comments?post=12725"}],"version-history":[{"count":1,"href":"https:\/\/globecore.com\/es\/wp-json\/wp\/v2\/pages\/12725\/revisions"}],"predecessor-version":[{"id":336042,"href":"https:\/\/globecore.com\/es\/wp-json\/wp\/v2\/pages\/12725\/revisions\/336042"}],"up":[{"embeddable":true,"href":"https:\/\/globecore.com\/es\/wp-json\/wp\/v2\/pages\/11838"}],"wp:featuredmedia":[{"embeddable":true,"href":"https:\/\/globecore.com\/es\/wp-json\/wp\/v2\/media\/31157"}],"wp:attachment":[{"href":"https:\/\/globecore.com\/es\/wp-json\/wp\/v2\/media?parent=12725"}],"wp:term":[{"taxonomy":"category","embeddable":true,"href":"https:\/\/globecore.com\/es\/wp-json\/wp\/v2\/categories?post=12725"}],"curies":[{"name":"wp","href":"https:\/\/api.w.org\/{rel}","templated":true}]}}