{"id":12732,"date":"2016-07-21T09:30:18","date_gmt":"2016-07-21T09:30:18","guid":{"rendered":"https:\/\/globecore.com\/products\/oil-processing-equipment\/degassing-thermal-vacuum-drying-oil\/cmm-0-6-oil-filtration-oil-degassing-cart.html"},"modified":"2026-03-12T13:13:55","modified_gmt":"2026-03-12T13:13:55","slug":"cmm-0-6-oil-filtration-oil-degassing-cart","status":"publish","type":"page","link":"https:\/\/globecore.com\/es\/products\/desgasificacion-de-aceite\/cmm-0-6-oil-filtration-oil-degassing-cart\/","title":{"rendered":"CMM-0.6 Purificador de aceite"},"content":{"rendered":"","protected":false},"excerpt":{"rendered":"<p>La CMM-0.6L es una unidad compacta para el calentamiento, bombeo y purificaci\u00f3n de aceite electroaislante y de refrigeraci\u00f3n utilizado en transformadores, cambiadores de tomas bajo carga, bushings y interruptores de alta tensi\u00f3n. Durante el proceso de tratamiento, se eliminan del aceite las impurezas mec\u00e1nicas, los gases disueltos y el agua. La capacidad de la unidad es de hasta 600 l\/h, lo que corresponde a la categor\u00eda b\u00e1sica CMM.<br \/>\nLa purificaci\u00f3n se realiza al vac\u00edo: el aceite calentado entra en una c\u00e1mara de vac\u00edo donde, gracias a una mayor superficie de contacto, la humedad y los gases se eliminan de forma eficiente; posteriormente, el aceite pasa a trav\u00e9s de filtros y se suministra a la salida.<br \/>\nEl funcionamiento de la CMM-0.6L est\u00e1 altamente automatizado y requiere una participaci\u00f3n m\u00ednima del operador. La unidad est\u00e1 equipada con sistemas de protecci\u00f3n contra sobrecalentamiento, fugas de aceite, ausencia de aceite en el sistema, formaci\u00f3n de espuma y sobrecargas del equipo el\u00e9ctrico, lo que garantiza una operaci\u00f3n segura y fiable.<\/p>\n","protected":false},"author":1,"featured_media":21198,"parent":11838,"menu_order":0,"comment_status":"closed","ping_status":"closed","template":"templates\/single-product.php","meta":{"_acf_changed":false,"_bbp_topic_count":0,"_bbp_reply_count":0,"_bbp_total_topic_count":0,"_bbp_total_reply_count":0,"_bbp_voice_count":0,"_bbp_anonymous_reply_count":0,"_bbp_topic_count_hidden":0,"_bbp_reply_count_hidden":0,"_bbp_forum_subforum_count":0,"footnotes":""},"categories":[1338],"class_list":["post-12732","page","type-page","status-publish","has-post-thumbnail","hentry","category-oil-maintenance-es","oil_type-aceite-de-silicona","oil_type-aceite-hidraulico","oil_type-aceite-industrial","oil_type-aceite-para-transformadores","oil_type-aceite-para-turbinas","oil_type-aceite-shell-diala","oil_type-fluido-dielectrico-fr3","oil_type-fluido-dielectrico-midel-7131","oil_type-fluido-resistente-al-fuego-fyrquel","process_type-desgasificacion","process_type-deshidratacion","process_type-filtracion"],"acf":[],"language":"es","_links":{"self":[{"href":"https:\/\/globecore.com\/es\/wp-json\/wp\/v2\/pages\/12732","targetHints":{"allow":["GET"]}}],"collection":[{"href":"https:\/\/globecore.com\/es\/wp-json\/wp\/v2\/pages"}],"about":[{"href":"https:\/\/globecore.com\/es\/wp-json\/wp\/v2\/types\/page"}],"author":[{"embeddable":true,"href":"https:\/\/globecore.com\/es\/wp-json\/wp\/v2\/users\/1"}],"replies":[{"embeddable":true,"href":"https:\/\/globecore.com\/es\/wp-json\/wp\/v2\/comments?post=12732"}],"version-history":[{"count":4,"href":"https:\/\/globecore.com\/es\/wp-json\/wp\/v2\/pages\/12732\/revisions"}],"predecessor-version":[{"id":341974,"href":"https:\/\/globecore.com\/es\/wp-json\/wp\/v2\/pages\/12732\/revisions\/341974"}],"up":[{"embeddable":true,"href":"https:\/\/globecore.com\/es\/wp-json\/wp\/v2\/pages\/11838"}],"wp:featuredmedia":[{"embeddable":true,"href":"https:\/\/globecore.com\/es\/wp-json\/wp\/v2\/media\/21198"}],"wp:attachment":[{"href":"https:\/\/globecore.com\/es\/wp-json\/wp\/v2\/media?parent=12732"}],"wp:term":[{"taxonomy":"category","embeddable":true,"href":"https:\/\/globecore.com\/es\/wp-json\/wp\/v2\/categories?post=12732"}],"curies":[{"name":"wp","href":"https:\/\/api.w.org\/{rel}","templated":true}]}}