{"id":12943,"date":"2018-03-07T09:25:24","date_gmt":"2018-03-07T09:25:24","guid":{"rendered":"https:\/\/globecore.com\/products\/oil-processing-equipment\/vacuumizing-of-equipment\/transformer-vacuum-furnace.html"},"modified":"2026-03-20T11:56:10","modified_gmt":"2026-03-20T11:56:10","slug":"transformer-vacuum-furnace","status":"publish","type":"page","link":"https:\/\/globecore.com\/es\/products\/deshumidificacion-de-aislamiento-transformadores\/transformer-vacuum-furnace\/","title":{"rendered":"US-6 Horno de vac\u00edo para secado de transformadores"},"content":{"rendered":"","protected":false},"excerpt":{"rendered":"<p>El horno de vac\u00edo para transformadores US-6S est\u00e1 dise\u00f1ado para el secado del aislamiento s\u00f3lido de transformadores de potencia. El secado al vac\u00edo proporciona una evaporaci\u00f3n de la humedad m\u00e1s intensa en comparaci\u00f3n con el secado con aire caliente o natural, lo que garantiza una mayor eficiencia y una reducci\u00f3n del tiempo de procesamiento. GlobeCore ofrece el US-6S en varias modificaciones adaptadas a los requisitos del cliente, con opciones de dise\u00f1o ajustadas a la productividad, dimensiones, lugar de instalaci\u00f3n, m\u00e9todo de carga y nivel de automatizaci\u00f3n.<\/p>\n","protected":false},"author":7,"featured_media":342136,"parent":14148,"menu_order":0,"comment_status":"closed","ping_status":"closed","template":"templates\/single-product.php","meta":{"_acf_changed":false,"_bbp_topic_count":0,"_bbp_reply_count":0,"_bbp_total_topic_count":0,"_bbp_total_reply_count":0,"_bbp_voice_count":0,"_bbp_anonymous_reply_count":0,"_bbp_topic_count_hidden":0,"_bbp_reply_count_hidden":0,"_bbp_forum_subforum_count":0,"footnotes":""},"categories":[2478],"class_list":["post-12943","page","type-page","status-publish","has-post-thumbnail","hentry","category-mantenimiento-de-transformadores","oil_type-transformadores-de-distribucion","oil_type-transformadores-elevadores-es","oil_type-transformadores-para-fines-especiales","oil_type-transformadores-reductores","process_type-deshidratacion"],"acf":[],"language":"es","_links":{"self":[{"href":"https:\/\/globecore.com\/es\/wp-json\/wp\/v2\/pages\/12943","targetHints":{"allow":["GET"]}}],"collection":[{"href":"https:\/\/globecore.com\/es\/wp-json\/wp\/v2\/pages"}],"about":[{"href":"https:\/\/globecore.com\/es\/wp-json\/wp\/v2\/types\/page"}],"author":[{"embeddable":true,"href":"https:\/\/globecore.com\/es\/wp-json\/wp\/v2\/users\/7"}],"replies":[{"embeddable":true,"href":"https:\/\/globecore.com\/es\/wp-json\/wp\/v2\/comments?post=12943"}],"version-history":[{"count":3,"href":"https:\/\/globecore.com\/es\/wp-json\/wp\/v2\/pages\/12943\/revisions"}],"predecessor-version":[{"id":336160,"href":"https:\/\/globecore.com\/es\/wp-json\/wp\/v2\/pages\/12943\/revisions\/336160"}],"up":[{"embeddable":true,"href":"https:\/\/globecore.com\/es\/wp-json\/wp\/v2\/pages\/14148"}],"wp:featuredmedia":[{"embeddable":true,"href":"https:\/\/globecore.com\/es\/wp-json\/wp\/v2\/media\/342136"}],"wp:attachment":[{"href":"https:\/\/globecore.com\/es\/wp-json\/wp\/v2\/media?parent=12943"}],"wp:term":[{"taxonomy":"category","embeddable":true,"href":"https:\/\/globecore.com\/es\/wp-json\/wp\/v2\/categories?post=12943"}],"curies":[{"name":"wp","href":"https:\/\/api.w.org\/{rel}","templated":true}]}}