{"id":13667,"date":"2018-06-25T11:11:24","date_gmt":"2018-06-25T11:11:24","guid":{"rendered":"https:\/\/globecore.com?page_id=13667"},"modified":"2026-03-06T07:45:11","modified_gmt":"2026-03-06T07:45:11","slug":"instalacion-cmm-1cf-para-eliminacion-de-agua-de-aceite","status":"publish","type":"page","link":"https:\/\/globecore.com\/es\/products\/filtrado-de-aceite\/instalacion-cmm-1cf-para-eliminacion-de-agua-de-aceite\/","title":{"rendered":"CMM-1,0CF M\u00e1quina de deshidrataci\u00f3n de aceite"},"content":{"rendered":"","protected":false},"excerpt":{"rendered":"<p>La unidad CMM-1,0CF est\u00e1 dise\u00f1ada para la purificaci\u00f3n de aceites industriales, hidr\u00e1ulicos, de turbina, de transformador y otros tipos de aceite, as\u00ed como de di\u00e9sel, queroseno y petr\u00f3leo con un contenido de humedad excepcionalmente alto. Puede procesar aceite con contenido de agua de hasta 50\u202f% o m\u00e1s. La unidad tiene una capacidad de procesamiento de 1\u202fm\u00b3\/h. La filtraci\u00f3n se realiza en dos etapas con una finura de 25\u202f\u03bcm en la etapa 1 y 5\u202f\u03bcm en la etapa 2. El agua se elimina mediante coagulaci\u00f3n: al pasar el aceite por un elemento filtrante especial, las mol\u00e9culas de agua forman gotas que fluyen hacia un vaso de decantaci\u00f3n y pueden drenarse mediante una v\u00e1lvula. Un filtro de cartucho con finura seleccionable de 1, 3, 5 o 25\u202f\u03bcm elimina las part\u00edculas del aceite.<\/p>\n","protected":false},"author":7,"featured_media":13320,"parent":11007,"menu_order":0,"comment_status":"closed","ping_status":"closed","template":"templates\/single-product.php","meta":{"_acf_changed":false,"_bbp_topic_count":0,"_bbp_reply_count":0,"_bbp_total_topic_count":0,"_bbp_total_reply_count":0,"_bbp_voice_count":0,"_bbp_anonymous_reply_count":0,"_bbp_topic_count_hidden":0,"_bbp_reply_count_hidden":0,"_bbp_forum_subforum_count":0,"footnotes":""},"categories":[1338],"class_list":["post-13667","page","type-page","status-publish","has-post-thumbnail","hentry","category-oil-maintenance-es","oil_type-aceite-de-silicona","oil_type-aceite-de-transmision","oil_type-aceite-hidraulico","oil_type-aceite-industrial","oil_type-aceite-para-cables","oil_type-aceite-para-compresores","oil_type-aceite-para-transformadores","oil_type-aceite-para-turbinas","oil_type-fluido-dielectrico-fr3","oil_type-fluido-dielectrico-midel-7131","oil_type-fluido-resistente-al-fuego-fyrquel","process_type-deshidratacion","process_type-filtracion"],"acf":[],"language":"es","_links":{"self":[{"href":"https:\/\/globecore.com\/es\/wp-json\/wp\/v2\/pages\/13667","targetHints":{"allow":["GET"]}}],"collection":[{"href":"https:\/\/globecore.com\/es\/wp-json\/wp\/v2\/pages"}],"about":[{"href":"https:\/\/globecore.com\/es\/wp-json\/wp\/v2\/types\/page"}],"author":[{"embeddable":true,"href":"https:\/\/globecore.com\/es\/wp-json\/wp\/v2\/users\/7"}],"replies":[{"embeddable":true,"href":"https:\/\/globecore.com\/es\/wp-json\/wp\/v2\/comments?post=13667"}],"version-history":[{"count":1,"href":"https:\/\/globecore.com\/es\/wp-json\/wp\/v2\/pages\/13667\/revisions"}],"predecessor-version":[{"id":336052,"href":"https:\/\/globecore.com\/es\/wp-json\/wp\/v2\/pages\/13667\/revisions\/336052"}],"up":[{"embeddable":true,"href":"https:\/\/globecore.com\/es\/wp-json\/wp\/v2\/pages\/11007"}],"wp:featuredmedia":[{"embeddable":true,"href":"https:\/\/globecore.com\/es\/wp-json\/wp\/v2\/media\/13320"}],"wp:attachment":[{"href":"https:\/\/globecore.com\/es\/wp-json\/wp\/v2\/media?parent=13667"}],"wp:term":[{"taxonomy":"category","embeddable":true,"href":"https:\/\/globecore.com\/es\/wp-json\/wp\/v2\/categories?post=13667"}],"curies":[{"name":"wp","href":"https:\/\/api.w.org\/{rel}","templated":true}]}}