{"id":13673,"date":"2016-12-20T08:14:28","date_gmt":"2016-12-20T08:14:28","guid":{"rendered":"https:\/\/globecore.com\/products\/magnetic-mill\/chemical-mixing-machine-avs-150.html"},"modified":"2026-03-09T09:01:18","modified_gmt":"2026-03-09T09:01:18","slug":"chemical-mixing-machine-avs-150","status":"publish","type":"page","link":"https:\/\/globecore.com\/es\/products\/molino-magnetico\/chemical-mixing-machine-avs-150\/","title":{"rendered":"AVS-150 Aparato de capa v\u00f3rtex"},"content":{"rendered":"","protected":false},"excerpt":{"rendered":"<p>GlobeCore es la \u00fanica empresa de alta tecnolog\u00eda en el mundo que produce dispositivos industriales de capa de v\u00f3rtice con rendimiento comprobado en aplicaciones reales. La M\u00e1quina de Mezcla Qu\u00edmica funciona transformando la energ\u00eda de un campo electromagn\u00e9tico en otras formas de energ\u00eda. La unidad ABC-150, equipada con elementos de trabajo ferromagn\u00e9ticos, est\u00e1 dise\u00f1ada para la molienda fina y ultrafina de todo tipo de materiales a granel. Durante el procesamiento, los materiales no solo se reducen en tama\u00f1o, sino que tambi\u00e9n sufren activaci\u00f3n mec\u00e1nica, mejorando las propiedades de los componentes tratados.<\/p>\n","protected":false},"author":7,"featured_media":13118,"parent":12521,"menu_order":0,"comment_status":"closed","ping_status":"closed","template":"templates\/single-product.php","meta":{"_acf_changed":false,"_bbp_topic_count":0,"_bbp_reply_count":0,"_bbp_total_topic_count":0,"_bbp_total_reply_count":0,"_bbp_voice_count":0,"_bbp_anonymous_reply_count":0,"_bbp_topic_count_hidden":0,"_bbp_reply_count_hidden":0,"_bbp_forum_subforum_count":0,"footnotes":""},"categories":[1360],"class_list":["post-13673","page","type-page","status-publish","has-post-thumbnail","hentry","category-molienda","oil_type-industria-alimentaria","oil_type-industria-de-la-construccion","oil_type-industria-farmaceutica-es","oil_type-industria-petrolera","oil_type-industria-quimica-es","process_type-activacion","process_type-mezcla","process_type-molienda"],"acf":[],"language":"es","_links":{"self":[{"href":"https:\/\/globecore.com\/es\/wp-json\/wp\/v2\/pages\/13673","targetHints":{"allow":["GET"]}}],"collection":[{"href":"https:\/\/globecore.com\/es\/wp-json\/wp\/v2\/pages"}],"about":[{"href":"https:\/\/globecore.com\/es\/wp-json\/wp\/v2\/types\/page"}],"author":[{"embeddable":true,"href":"https:\/\/globecore.com\/es\/wp-json\/wp\/v2\/users\/7"}],"replies":[{"embeddable":true,"href":"https:\/\/globecore.com\/es\/wp-json\/wp\/v2\/comments?post=13673"}],"version-history":[{"count":2,"href":"https:\/\/globecore.com\/es\/wp-json\/wp\/v2\/pages\/13673\/revisions"}],"predecessor-version":[{"id":341807,"href":"https:\/\/globecore.com\/es\/wp-json\/wp\/v2\/pages\/13673\/revisions\/341807"}],"up":[{"embeddable":true,"href":"https:\/\/globecore.com\/es\/wp-json\/wp\/v2\/pages\/12521"}],"wp:featuredmedia":[{"embeddable":true,"href":"https:\/\/globecore.com\/es\/wp-json\/wp\/v2\/media\/13118"}],"wp:attachment":[{"href":"https:\/\/globecore.com\/es\/wp-json\/wp\/v2\/media?parent=13673"}],"wp:term":[{"taxonomy":"category","embeddable":true,"href":"https:\/\/globecore.com\/es\/wp-json\/wp\/v2\/categories?post=13673"}],"curies":[{"name":"wp","href":"https:\/\/api.w.org\/{rel}","templated":true}]}}