{"id":13753,"date":"2018-03-20T14:21:32","date_gmt":"2018-03-20T14:21:32","guid":{"rendered":"https:\/\/globecore.com\/products\/wind-turbine-service\/cmm-gl-wind-turbine-gearbox-oil-changer.html"},"modified":"2026-03-06T14:20:57","modified_gmt":"2026-03-06T14:20:57","slug":"cmm-gl-wind-turbine-gearbox-oil-changer","status":"publish","type":"page","link":"https:\/\/globecore.com\/es\/products\/mantenimiento-de-aerogeneradores\/cmm-gl-wind-turbine-gearbox-oil-changer\/","title":{"rendered":"CMM-GL M\u00e1quina para el reemplazo de aceite de transmisi\u00f3n en aerogeneradores"},"content":{"rendered":"","protected":false},"excerpt":{"rendered":"<p>La unidad CMM-GL est\u00e1 dise\u00f1ada para drenar aceite usado, bombear aceite nuevo y enjuagar las cajas de engranajes de aerogeneradores, incluidas las cajas principales, de acimut y de paso de las palas. La unidad est\u00e1 montada en un remolque de un solo eje, con secciones separadas de control y proceso. La secci\u00f3n de proceso incluye carretes de manguera, mientras que la secci\u00f3n de control cuenta con puertas cerradas de forma segura para un funcionamiento seguro.<\/p>\n","protected":false},"author":1,"featured_media":13754,"parent":12312,"menu_order":0,"comment_status":"closed","ping_status":"closed","template":"templates\/single-product.php","meta":{"_acf_changed":false,"_bbp_topic_count":0,"_bbp_reply_count":0,"_bbp_total_topic_count":0,"_bbp_total_reply_count":0,"_bbp_voice_count":0,"_bbp_anonymous_reply_count":0,"_bbp_topic_count_hidden":0,"_bbp_reply_count_hidden":0,"_bbp_forum_subforum_count":0,"footnotes":""},"categories":[2565],"class_list":["post-13753","page","type-page","status-publish","has-post-thumbnail","hentry","category-energias-renovables-biocombustibles","oil_type-aceite-de-transmision","oil_type-aceite-para-transformadores","process_type-cambiar"],"acf":[],"language":"es","_links":{"self":[{"href":"https:\/\/globecore.com\/es\/wp-json\/wp\/v2\/pages\/13753","targetHints":{"allow":["GET"]}}],"collection":[{"href":"https:\/\/globecore.com\/es\/wp-json\/wp\/v2\/pages"}],"about":[{"href":"https:\/\/globecore.com\/es\/wp-json\/wp\/v2\/types\/page"}],"author":[{"embeddable":true,"href":"https:\/\/globecore.com\/es\/wp-json\/wp\/v2\/users\/1"}],"replies":[{"embeddable":true,"href":"https:\/\/globecore.com\/es\/wp-json\/wp\/v2\/comments?post=13753"}],"version-history":[{"count":1,"href":"https:\/\/globecore.com\/es\/wp-json\/wp\/v2\/pages\/13753\/revisions"}],"predecessor-version":[{"id":336233,"href":"https:\/\/globecore.com\/es\/wp-json\/wp\/v2\/pages\/13753\/revisions\/336233"}],"up":[{"embeddable":true,"href":"https:\/\/globecore.com\/es\/wp-json\/wp\/v2\/pages\/12312"}],"wp:featuredmedia":[{"embeddable":true,"href":"https:\/\/globecore.com\/es\/wp-json\/wp\/v2\/media\/13754"}],"wp:attachment":[{"href":"https:\/\/globecore.com\/es\/wp-json\/wp\/v2\/media?parent=13753"}],"wp:term":[{"taxonomy":"category","embeddable":true,"href":"https:\/\/globecore.com\/es\/wp-json\/wp\/v2\/categories?post=13753"}],"curies":[{"name":"wp","href":"https:\/\/api.w.org\/{rel}","templated":true}]}}