{"id":13805,"date":"2017-11-09T08:41:32","date_gmt":"2017-11-09T08:41:32","guid":{"rendered":"https:\/\/globecore.com\/products\/wind-turbine-service\/cmm-g.html"},"modified":"2026-03-06T14:25:16","modified_gmt":"2026-03-06T14:25:16","slug":"cmm-g","status":"publish","type":"page","link":"https:\/\/globecore.com\/es\/products\/mantenimiento-de-aerogeneradores\/cmm-g\/","title":{"rendered":"CMM-G M\u00e1quina para cambio de aceite de transmisi\u00f3n"},"content":{"rendered":"","protected":false},"excerpt":{"rendered":"<p>La unidad CMM-G est\u00e1 dise\u00f1ada para un proceso de tres etapas en el cambio de aceite de las cajas de engranajes de aerogeneradores: drenar el aceite usado, enjuagar la caja de engranajes y llenarla con aceite nuevo. Permite un servicio r\u00e1pido y eficiente de los sistemas de aceite de aerogeneradores y es compatible con turbinas de varios fabricantes. La unidad tambi\u00e9n puede calentar aceite limpio antes de rellenarlo.<\/p>\n","protected":false},"author":7,"featured_media":11046,"parent":12312,"menu_order":0,"comment_status":"closed","ping_status":"closed","template":"templates\/single-product.php","meta":{"_acf_changed":false,"_bbp_topic_count":0,"_bbp_reply_count":0,"_bbp_total_topic_count":0,"_bbp_total_reply_count":0,"_bbp_voice_count":0,"_bbp_anonymous_reply_count":0,"_bbp_topic_count_hidden":0,"_bbp_reply_count_hidden":0,"_bbp_forum_subforum_count":0,"footnotes":""},"categories":[2565],"class_list":["post-13805","page","type-page","status-publish","has-post-thumbnail","hentry","category-energias-renovables-biocombustibles","oil_type-aceite-de-transmision","oil_type-aceite-para-transformadores","process_type-cambiar"],"acf":[],"language":"es","_links":{"self":[{"href":"https:\/\/globecore.com\/es\/wp-json\/wp\/v2\/pages\/13805","targetHints":{"allow":["GET"]}}],"collection":[{"href":"https:\/\/globecore.com\/es\/wp-json\/wp\/v2\/pages"}],"about":[{"href":"https:\/\/globecore.com\/es\/wp-json\/wp\/v2\/types\/page"}],"author":[{"embeddable":true,"href":"https:\/\/globecore.com\/es\/wp-json\/wp\/v2\/users\/7"}],"replies":[{"embeddable":true,"href":"https:\/\/globecore.com\/es\/wp-json\/wp\/v2\/comments?post=13805"}],"version-history":[{"count":1,"href":"https:\/\/globecore.com\/es\/wp-json\/wp\/v2\/pages\/13805\/revisions"}],"predecessor-version":[{"id":336237,"href":"https:\/\/globecore.com\/es\/wp-json\/wp\/v2\/pages\/13805\/revisions\/336237"}],"up":[{"embeddable":true,"href":"https:\/\/globecore.com\/es\/wp-json\/wp\/v2\/pages\/12312"}],"wp:featuredmedia":[{"embeddable":true,"href":"https:\/\/globecore.com\/es\/wp-json\/wp\/v2\/media\/11046"}],"wp:attachment":[{"href":"https:\/\/globecore.com\/es\/wp-json\/wp\/v2\/media?parent=13805"}],"wp:term":[{"taxonomy":"category","embeddable":true,"href":"https:\/\/globecore.com\/es\/wp-json\/wp\/v2\/categories?post=13805"}],"curies":[{"name":"wp","href":"https:\/\/api.w.org\/{rel}","templated":true}]}}