{"id":13821,"date":"2018-04-12T08:23:24","date_gmt":"2018-04-12T08:23:24","guid":{"rendered":"https:\/\/globecore.com\/products\/accessories.html"},"modified":"2025-09-11T11:17:35","modified_gmt":"2025-09-11T11:17:35","slug":"accessories","status":"publish","type":"page","link":"https:\/\/globecore.com\/es\/products\/accesorios\/accessories\/","title":{"rendered":"Accesorios"},"content":{"rendered":"<table>\n<tbody>\n<tr>\n<td style=\"text-align: center;\"><b>Nombre<\/b><\/td>\n<td style=\"text-align: center;\"><b>Par\u00e1metro <\/b><\/td>\n<td style=\"text-align: center;\"><b>Aplicaci\u00f3n para instalaciones<\/b><\/td>\n<\/tr>\n<tr>\n<td>Sensor de humedad Vaisala para aceite de transformador mineral<\/td>\n<td>0\u2026100 ppm<\/td>\n<td>\u0421\u041c\u041c- R,<\/p>\n<p>UVM,<\/p>\n<p>\u0421\u041c\u041c,<\/p>\n<p>UVM- 4\/7 FULL*<\/td>\n<\/tr>\n<tr>\n<td>Sensor de part\u00edculas en<\/p>\n<p>transformador<\/p>\n<p>aceite<\/p>\n<p>CS1320-A-0-0-0-1\/-000<\/td>\n<td>muestra los valores de pureza, seg\u00fan<\/p>\n<p>ISO 4406<\/td>\n<td>\u0421\u041c\u041c-R,<\/p>\n<p>\u0421\u041c\u041c,<\/p>\n<p>UVM,<\/p>\n<p>CFU<\/td>\n<\/tr>\n<tr>\n<td rowspan=\"4\">Contador de aceite mec\u00e1nico<\/td>\n<td>hasta 1000 l\/hora<\/td>\n<td>\u0421\u041c\u041c- 0,4, \u0421\u041c\u041c- 0,6,<\/p>\n<p>\u0421\u041c\u041c 0,7, \u0421\u041c\u041c-1,<\/p>\n<p>CFU-1<\/td>\n<td rowspan=\"4\"><\/td>\n<\/tr>\n<tr>\n<td>hasta 4000 l\/hora<\/td>\n<td>UVM- 4\/7 \u0421\u041c\u041c- 4,<\/p>\n<p>\u0421\u041c\u041c- 2,2, CFU- 2<\/td>\n<\/tr>\n<tr>\n<td>hasta 6000 l\/hora<\/td>\n<td>UVM- 6\/7, \u0421\u041c\u041c- 6<\/td>\n<\/tr>\n<tr>\n<td>hasta 15000 l\/hora<\/td>\n<td>UVM-10\u0410, UVM-15\u0410<\/td>\n<\/tr>\n<tr>\n<td rowspan=\"4\">Contador de aceite digital con la funci\u00f3n de mostrar el rendimiento actual<\/td>\n<td>hasta 1000 l\/hora<\/td>\n<td>\u0421\u041c\u041c- 0,4, \u0421\u041c\u041c- 0,6,<\/p>\n<p>\u0421\u041c\u041c- 0,7, \u0421\u041c\u041c- 1,<\/p>\n<p>CFU- 1<\/td>\n<td rowspan=\"4\"><\/td>\n<\/tr>\n<tr>\n<td>hasta 4000 l\/hora<\/td>\n<td>UVM- 4\/7, \u0421\u041c\u041c- 4,<\/p>\n<p>\u0421\u041c\u041c- 2,2, CFU- 2,<\/p>\n<p>UVM- 4\/7 FULL*<\/td>\n<\/tr>\n<tr>\n<td>hasta 6000 l\/hora<\/td>\n<td>UVM- 6\/7, \u0421\u041c\u041c- 6<\/td>\n<\/tr>\n<tr>\n<td>hasta 15000 l\/hora<\/td>\n<td>UVM-10\u0410, UVM-15\u0410<\/td>\n<\/tr>\n<tr>\n<td rowspan=\"3\">Indicadores visuales de flujo<\/td>\n<td>Du-25<\/td>\n<td>\u0421\u041c\u041c- 0,4, \u0421\u041c\u041c- 0,6,<\/p>\n<p>\u0421\u041c\u041c- 0,7, \u0421\u041c\u041c-1,<\/p>\n<p>\u0421\u041c\u041c- 2,2, \u0421\u041c\u041c- 4,<\/p>\n<p>UVM- 4\/7 FULL<\/td>\n<td rowspan=\"3\"><\/td>\n<\/tr>\n<tr>\n<td>Du-32<\/td>\n<td>UVM- 4\/7,<\/p>\n<p>UVM- 6\/7, \u0421\u041c\u041c- 6<\/td>\n<\/tr>\n<tr>\n<td>Du-50<\/td>\n<td>UVM-10\u0410 ,<\/p>\n<p>UVM-15\u0410<\/td>\n<\/tr>\n<tr>\n<td rowspan=\"7\">Elementos filtrantes<\/td>\n<td>25\u03bcm<\/td>\n<td rowspan=\"6\">\u0421\u041c\u041c-R,<\/p>\n<p>\u0421\u041c\u041c,<\/p>\n<p>UVM,<\/p>\n<p>CFU,<\/p>\n<p>MCU,<\/p>\n<p>CP-260<\/td>\n<td rowspan=\"7\"><\/td>\n<\/tr>\n<tr>\n<td>5\u03bcm<\/td>\n<\/tr>\n<tr>\n<td>3\u03bcm<\/td>\n<\/tr>\n<tr>\n<td>1\u03bcm<\/td>\n<\/tr>\n<tr>\n<td>0.5\/\/0.3<\/td>\n<\/tr>\n<tr>\n<td>activador<\/td>\n<\/tr>\n<tr>\n<td>5\u03bcm<\/td>\n<td>\u0421\u041c\u041c- 0,4, 25,00<\/p>\n<p>\u0421\u041c\u041c- 0,6 light<\/td>\n<\/tr>\n<tr>\n<td>Carcasas de filtros con la capacidad aumentada de barro<\/td>\n<td><\/td>\n<td>CFU -1,7, CFU \u2013 2,<\/p>\n<p>CFU \u2013 4, \u0421\u041c\u041c- 0,6<\/td>\n<td><\/td>\n<\/tr>\n<tr>\n<td>Sensor de vac\u00edo tipo Pirany para desgasificaci\u00f3n de equipos y bloques de vac\u00edo -1\u20260 bar abs.<\/p>\n<p>VD64P230 en ensamblaje (indicador, controlador VD6S2230)<\/td>\n<td>-1\u20260 bar. Abs.<\/td>\n<td>UVM, bloques de vac\u00edo BV<\/td>\n<td><\/td>\n<\/tr>\n<tr>\n<td rowspan=\"4\">TSS sistema de control de nivel de aceite en transformador<\/td>\n<td>Du-25<\/td>\n<td>\u0421\u041c\u041c- 0,4, \u0421\u041c\u041c- 0,6,<\/p>\n<p>\u0421\u041c\u041c &#8211; 0,7, \u0421\u041c\u041c- 1,<\/p>\n<p>\u0421\u041c\u041c- 2,2<\/td>\n<td rowspan=\"4\"><\/td>\n<\/tr>\n<tr>\n<td>Du-25 para sistemas completamente automatizados<\/td>\n<td>\u0421\u041c\u041c- 4, UVM- 4\/7,<\/p>\n<p>UVM- 4\/7 FULL*<\/td>\n<\/tr>\n<tr>\n<td>Du-40<\/td>\n<td>\u0421\u041c\u041c- 6, \u0421\u041c\u041c- 4,<\/p>\n<p>UVM- 4\/7, UVM- 6\/7<\/td>\n<\/tr>\n<tr>\n<td>Du-40 para sistemas completamente automatizados<\/td>\n<td>\u0421\u041c\u041c- 6, \u0421\u041c\u041c- 4,<\/p>\n<p>UVM- 4\/7, UVM- 6\/7<\/td>\n<\/tr>\n<tr>\n<td rowspan=\"6\">Mangas de aceite y aire<\/p>\n<p>Manguera de metal trenzado (precio por 1m.p.)<\/td>\n<td>Du-20<\/td>\n<td>\u0421\u041c\u041c-0,4, \u0421\u041c\u041c-0,6<\/td>\n<td rowspan=\"6\"><\/td>\n<\/tr>\n<tr>\n<td>Du-25<\/td>\n<td>\u0421\u041c\u041c-1, \u0421\u041c\u041c- 2,2,<\/p>\n<p>\u0421\u041c\u041c- 4, CFU- 4<\/td>\n<\/tr>\n<tr>\n<td>Du-32<\/td>\n<td>Con una longitud de manga de m\u00e1s de 10 m<\/p>\n<p>\u0421\u041c\u041c- 4, CFU- 4<\/td>\n<\/tr>\n<tr>\n<td>Du-40<\/td>\n<td>\u0421\u041c\u041c- 4, UVM- 4\/7,<\/p>\n<p>UVM- 6\/7, \u0421\u041c\u041c- 6<\/td>\n<\/tr>\n<tr>\n<td>Du-50<\/td>\n<td>UVM-10\u0410<\/td>\n<\/tr>\n<tr>\n<td>Du-65<\/td>\n<td>UVM-15\u0410<\/td>\n<\/tr>\n<tr>\n<td rowspan=\"6\">Mangas de caucho de aceite reforzadas<\/p>\n<p>Manguera de metal<\/p>\n<p>HANSAFLEX<\/p>\n<p>(precio por 10m.p.<\/p>\n<p>+ 2 clips, 2 pezones)<\/td>\n<td>Du-20<\/td>\n<td>\u0421\u041c\u041c-0,4, \u0421\u041c\u041c-0,6<\/td>\n<td rowspan=\"6\"><\/td>\n<\/tr>\n<tr>\n<td>Du-25<\/td>\n<td>\u0421\u041c\u041c-1, \u0421\u041c\u041c-2,2,<\/p>\n<p>\u0421\u041c\u041c-4, CFU-4<\/td>\n<\/tr>\n<tr>\n<td>Du-32<\/td>\n<td>Con una longitud de manga de m\u00e1s de 10 m.<\/p>\n<p>\u0421\u041c\u041c &#8211; 4, CFU- 4<\/td>\n<\/tr>\n<tr>\n<td>Du-40<\/td>\n<td>\u0421\u041c\u041c- 4, UVM- 4\/7,<\/p>\n<p>UVM- 6\/7, \u0421\u041c\u041c- 6 ,<\/p>\n<p>UVM- 4\/7 FULL*<\/td>\n<\/tr>\n<tr>\n<td>Du-50<\/td>\n<td>UVM-10\u0410<\/td>\n<\/tr>\n<tr>\n<td>Du-65<\/td>\n<td>UVM-15\u0410<\/td>\n<\/tr>\n<tr>\n<td rowspan=\"6\">Juego de acoplamientos de liberaci\u00f3n r\u00e1pida con tapones y v\u00e1lvulas de cierre para mangueras<\/p>\n<p>Por juego<\/p>\n<p>A cada lado de las mangas hay un conector de grifo y una tapa protectora<\/td>\n<td>Du-20<\/td>\n<td>A mangueras Du-20<\/td>\n<td rowspan=\"5\"><\/td>\n<\/tr>\n<tr>\n<td>Du-25<\/td>\n<td>A mangueras Du-25<\/td>\n<\/tr>\n<tr>\n<td>Du-32<\/td>\n<td>A mangueras<\/p>\n<p>Du-32<\/td>\n<\/tr>\n<tr>\n<td>Du-40<\/td>\n<td>A mangueras Du-40<\/p>\n<p>UVM- 4\/7 FULL*<\/td>\n<\/tr>\n<tr>\n<td>Du-50<\/td>\n<td>A mangueras Du-50<\/td>\n<\/tr>\n<tr>\n<td>Du-65<\/td>\n<td>A mangueras Du-65<\/td>\n<td><\/td>\n<\/tr>\n<tr>\n<td rowspan=\"3\">Cable el\u00e9ctrico para instalaciones con un est\u00e1ndar de potencia<\/p>\n<p>380-400V 50Hz<\/td>\n<td>4 \u0445 2,5<\/td>\n<td>CFU- 1,<\/p>\n<p>CFU- 2,<\/p>\n<p>CFU- 4<\/td>\n<td>32\u0410<\/td>\n<\/tr>\n<tr>\n<td>4 \u0445 4<\/td>\n<td>\u0421\u041c\u041c- 0,4, \u0421\u041c\u041c- 0,6,<\/p>\n<p>\u0421\u041c\u041c- 0,7<\/td>\n<td>32\u0410<\/td>\n<\/tr>\n<tr>\n<td>4 \u0445 16<\/td>\n<td>\u0421\u041c\u041c-1, \u0421\u041c\u041c- 2,2,<\/p>\n<p>\u0421\u041c\u041c- 2,2D<\/td>\n<td>125\u0410<\/td>\n<\/tr>\n<tr>\n<td rowspan=\"4\"><\/td>\n<td>4 \u0445 35<\/td>\n<td>\u0421\u041c\u041c- 4, \u0421\u041c\u041c- 4D,<\/p>\n<p>UVM- 4\/7<\/td>\n<td>125\u0410<\/td>\n<\/tr>\n<tr>\n<td>4 \u0445 95<\/td>\n<td>\u0421\u041c\u041c-6, UVM- 6\/7<\/td>\n<td>200\u0410<\/td>\n<\/tr>\n<tr>\n<td>4 \u0445 120<\/td>\n<td>UVM- 10\u0410<\/td>\n<td>250\u0410<\/td>\n<\/tr>\n<tr>\n<td>4 \u0445 150<\/td>\n<td>UVM-15\u0410<\/td>\n<td>400\u0410<\/td>\n<\/tr>\n<tr>\n<td rowspan=\"7\">Toma de conexi\u00f3n de cable + enchufe para conectar a la instalaci\u00f3n<\/td>\n<td>Para cable<\/p>\n<p>4 \u0445 2,5<\/td>\n<td>CFU-1, CFU-2,<\/p>\n<p>CFU-4<\/td>\n<td rowspan=\"7\"><\/td>\n<\/tr>\n<tr>\n<td>Para cable<\/p>\n<p>4 \u0445 4<\/td>\n<td>\u0421\u041c\u041c-0,4, \u0421\u041c\u041c-0,6,<\/p>\n<p>\u0421\u041c\u041c-0,7<\/td>\n<\/tr>\n<tr>\n<td>Para cable<\/p>\n<p>4 \u0445 16<\/td>\n<td>\u0421\u041c\u041c-1, \u0421\u041c\u041c-2,2,<\/p>\n<p>\u0421\u041c\u041c-2,2D<\/td>\n<\/tr>\n<tr>\n<td>Para cable<\/p>\n<p>4 \u0445 35<\/td>\n<td>\u0421\u041c\u041c-4, \u0421\u041c\u041c-4D,<\/p>\n<p>UVM-4\/7<\/td>\n<\/tr>\n<tr>\n<td>Para cable<\/p>\n<p>4 \u0445 95<\/td>\n<td>\u0421\u041c\u041c-6, UVM-6\/7<\/td>\n<\/tr>\n<tr>\n<td>Para cable<\/p>\n<p>4 \u0445 120<\/td>\n<td>UVM-10\u0410<\/td>\n<\/tr>\n<tr>\n<td>Para cable<\/p>\n<p>4 \u0445 150<\/td>\n<td>UVM-15\u0410<\/td>\n<\/tr>\n<\/tbody>\n<\/table>\n<p>&nbsp;<\/p>\n<table>\n<tbody>\n<tr>\n<td rowspan=\"7\">Conector para conexi\u00f3n de cable a la fuente de alimentaci\u00f3n + toma de corriente para conectar<\/p>\n<p>cable a la instalaci\u00f3n<\/td>\n<td>Para cable<\/p>\n<p>4 \u0445 2,5<\/td>\n<td>CFU- 1, CFU- 2,<\/p>\n<p>CFU- 4<\/td>\n<td rowspan=\"7\"><\/td>\n<\/tr>\n<tr>\n<td>Para cable<\/p>\n<p>4 \u0445 4<\/td>\n<td>\u0421\u041c\u041c- 0,4, \u0421\u041c\u041c- 0,6,<\/p>\n<p>\u0421\u041c\u041c- 0,7<\/td>\n<\/tr>\n<tr>\n<td>Para cable<\/p>\n<p>4 \u0445 16<\/td>\n<td>\u0421M\u041c-1, \u0421\u041c\u041c- 2,2,<\/p>\n<p>\u0421\u041c\u041c- 2,2D<\/td>\n<\/tr>\n<tr>\n<td>Para cable<\/p>\n<p>4 \u0445 35<\/td>\n<td>\u0421\u041c\u041c- 4, \u0421\u041c\u041c- 4D,<\/p>\n<p>UVM- 4\/7<\/td>\n<\/tr>\n<tr>\n<td>Para cable<\/p>\n<p>4 \u0445 95<\/td>\n<td>\u0421\u041c\u041c- 6, UVM- 6\/7<\/td>\n<\/tr>\n<tr>\n<td>Para cable<\/p>\n<p>4 \u0445 120<\/td>\n<td>UVM-10\u0410<\/td>\n<\/tr>\n<tr>\n<td>Para cable<\/p>\n<p>4 \u0445 150<\/td>\n<td>UVM-15\u0410<\/td>\n<\/tr>\n<tr>\n<td>Volt\u00edmetro digital de 3 fases de montaje en panel<\/td>\n<td><\/td>\n<td>\u0421\u041c\u041c,<\/p>\n<p>\u0421\u041c\u041c-R,<\/p>\n<p>UVM<\/td>\n<td><\/td>\n<\/tr>\n<tr>\n<td>Amper\u00edmetro digital de 3 fases de montaje en panel<\/td>\n<td><\/td>\n<td>\u0421\u041c\u041c,<\/p>\n<p>\u0421\u041c\u041c-R,<\/p>\n<p>UVM<\/td>\n<td><\/td>\n<\/tr>\n<tr>\n<td>Acondicionador para armario de control<\/td>\n<td><\/td>\n<td>Cualquier equipo que funcione a una temperatura de m\u00e1s de 40oC<\/td>\n<td><\/td>\n<\/tr>\n<tr>\n<td>Calentador para armario de control<\/td>\n<td><\/td>\n<td>Cualquier equipo que funcione a una temperatura de menos de 5oC<\/td>\n<td><\/td>\n<\/tr>\n<tr>\n<td>Calentamiento de motores para arranque en fr\u00edo<\/td>\n<td>Ventilador t\u00e9rmico<\/p>\n<p>(2 &#8211; 3 kW)<\/p>\n<p>(5 kW)<\/td>\n<td>Cualquier equipo que funcione a una temperatura de menos de 5oC<\/td>\n<td><\/td>\n<\/tr>\n<tr>\n<td rowspan=\"2\">Tambor mecanizado<\/td>\n<td>Di\u00e1metro<\/p>\n<p>1300 mm<\/td>\n<td><\/td>\n<td rowspan=\"2\"><\/td>\n<\/tr>\n<tr>\n<td>Di\u00e1metro<\/p>\n<p>700 mm<\/td>\n<td><\/td>\n<\/tr>\n<tr>\n<td>Para enrollar un cable o manguera<\/td>\n<td>Di\u00e1metro<\/p>\n<p>500 mm<\/td>\n<td><\/td>\n<td><\/td>\n<\/tr>\n<tr>\n<td rowspan=\"3\">Tambor motorizado para enrollar un cable o manguera<\/td>\n<td>Di\u00e1metro<\/p>\n<p>1300 mm<\/td>\n<td><\/td>\n<td rowspan=\"3\"><\/td>\n<\/tr>\n<tr>\n<td>Di\u00e1metro<\/p>\n<p>700 mm<\/td>\n<td><\/td>\n<\/tr>\n<tr>\n<td>Di\u00e1metro<\/p>\n<p>500 mm<\/td>\n<td><\/td>\n<\/tr>\n<tr>\n<td>Contenedor aislado<\/td>\n<td>UVM-10\/10T<\/td>\n<td><\/td>\n<td><\/td>\n<\/tr>\n<tr>\n<td rowspan=\"2\">Instalaci\u00f3n sobre ruedas<\/td>\n<td>Capacidad de carga de ruedas hasta 1000 kg<\/td>\n<td>\u0421\u041c\u041c- 2,2D, \u0421\u041c\u041c- 4D,<\/p>\n<p>UVM- 4\/7,<\/p>\n<p>UVM- 6\/7<\/td>\n<td rowspan=\"2\"><\/td>\n<\/tr>\n<tr>\n<td>Capacidad de carga de ruedas hasta 2300 kg<\/td>\n<td>UVM- 10\u0410,<\/p>\n<p>UVM- 15\u0410<\/td>\n<\/tr>\n<tr>\n<td>Pulverizador en transformador<\/p>\n<p>Oil Spray 3500<\/td>\n<td><\/td>\n<td><\/td>\n<td><\/td>\n<\/tr>\n<tr>\n<td>Generador (sin carcasa)<\/td>\n<td>UVM- 6\/7<\/td>\n<td><\/td>\n<td><\/td>\n<\/tr>\n<tr>\n<td colspan=\"3\">\u0420LC controlador<\/td>\n<td><\/td>\n<\/tr>\n<tr>\n<td>Carcasa de la unidad en acero inoxidable<\/td>\n<td><\/td>\n<td><\/td>\n<td><\/td>\n<\/tr>\n<tr>\n<td>Pintura en el color del pedido de cliente (aumentaci\u00f3n del per\u00edodo de producci\u00f3n en 15 d\u00edas h\u00e1biles)<\/td>\n<td><\/td>\n<td><\/td>\n<td><\/td>\n<\/tr>\n<tr>\n<td>Pintura en el color del pedido de cliente (aumentaci\u00f3n del per\u00edodo de producci\u00f3n en 15 d\u00edas h\u00e1biles)<\/td>\n<td>Capa &#8211; 1975<\/p>\n<p>280 micras<\/td>\n<td><\/td>\n<td><\/td>\n<\/tr>\n<tr>\n<td rowspan=\"2\">Capa de zinc caliente<\/td>\n<td><\/td>\n<td>UVM &#8211; 4\/7,<\/p>\n<p>UVM &#8211; 6\/7<\/td>\n<td rowspan=\"2\"><\/td>\n<\/tr>\n<tr>\n<td><\/td>\n<td>\u0421\u041c\u041c &#8211; 0,4, 1227,27<\/p>\n<p>\u0421\u041c\u041c-0,6<\/td>\n<\/tr>\n<tr>\n<td rowspan=\"3\">Remolques<\/td>\n<td>uniaxial<\/p>\n<p>1,5 t<\/td>\n<td rowspan=\"2\">\u0421\u041c\u041c<\/td>\n<td rowspan=\"3\"><\/td>\n<\/tr>\n<tr>\n<td>biaxial<\/p>\n<p>1,5 t<\/td>\n<\/tr>\n<tr>\n<td>biaxial<\/p>\n<p>3,5 t<\/td>\n<td>UVM &#8211; 4\/7, 6364<\/p>\n<p>UVM &#8211; 6\/7<\/td>\n<\/tr>\n<tr>\n<td colspan=\"3\">Enchufe 220V<\/td>\n<td><\/td>\n<\/tr>\n<tr>\n<td rowspan=\"3\">Mayor espacio para mangueras<\/td>\n<td><\/td>\n<td>Para todas instalaciones<\/td>\n<td rowspan=\"3\"><\/td>\n<\/tr>\n<tr>\n<td><\/td>\n<td>Para UVM &#8211; \u00a06\/7 light<\/td>\n<\/tr>\n<tr>\n<td><\/td>\n<td>Para UVM &#8211; \u00a06\/7 premium<\/td>\n<\/tr>\n<tr>\n<td>Giro de columnas<\/td>\n<td><\/td>\n<td>Para CMM-R<\/td>\n<td><\/td>\n<\/tr>\n<tr>\n<td>Sellado Viton<\/td>\n<td><\/td>\n<td>Para CMM-0,6<\/td>\n<td><\/td>\n<\/tr>\n<tr>\n<td>Cargo adicional por el color de pedido del cliente<\/td>\n<td><\/td>\n<td>Para CMM-0,6<\/td>\n<td><\/td>\n<\/tr>\n<tr>\n<td>Contador mec\u00e1nico remoto<\/td>\n<td><\/td>\n<td>Para CMM-0,6<\/td>\n<td><\/td>\n<\/tr>\n<tr>\n<td colspan=\"3\">Elemento filtrante 5 micras<\/td>\n<td><\/td>\n<\/tr>\n<tr>\n<td rowspan=\"3\">Carcasa de metal<\/td>\n<td>Light<\/td>\n<td>UVM &#8211; 4\/7,<\/p>\n<p>UVM -6\/7<\/td>\n<td rowspan=\"3\"><\/td>\n<\/tr>\n<tr>\n<td>Con un nuevo perfil de PVC<\/td>\n<td>UVM &#8211; 4\/7,<\/p>\n<p>UVM- 6\/7<\/td>\n<\/tr>\n<tr>\n<td>Capa de acero inoxidable<\/td>\n<td>UVM &#8211; 4\/7,<\/p>\n<p>UVM &#8211; 6\/7,<\/p>\n<p>UVM &#8211; 4\/7 FULL<\/td>\n<\/tr>\n<tr>\n<td rowspan=\"3\">Bombas de vac\u00edo<\/td>\n<td>\u0421\u042010<\/td>\n<td><\/td>\n<td rowspan=\"3\"><\/td>\n<\/tr>\n<tr>\n<td>\u0421\u042030<\/td>\n<td><\/td>\n<\/tr>\n<tr>\n<td>\u0421\u042040<\/td>\n<td><\/td>\n<\/tr>\n<tr>\n<td>Bomba de vac\u00edo<\/p>\n<p>RVS &#8211; 800<\/td>\n<td>Con electro-<\/p>\n<p>motor<\/p>\n<p>15 kW<\/p>\n<p>380-660V 60Hz<\/td>\n<td><\/td>\n<td><\/td>\n<\/tr>\n<tr>\n<td rowspan=\"4\">Calentadores de banda<\/td>\n<td>50 \u00a0kW\/hora<\/td>\n<td><\/td>\n<td rowspan=\"4\"><\/td>\n<\/tr>\n<tr>\n<td>70 kW\/hora<\/td>\n<td><\/td>\n<\/tr>\n<tr>\n<td>100 \u00a0kW\/hora<\/td>\n<td><\/td>\n<\/tr>\n<tr>\n<td>150 \u00a0kW\/hora<\/td>\n<td><\/td>\n<\/tr>\n<\/tbody>\n<\/table>\n<p>&nbsp;<\/p>\n","protected":false},"excerpt":{"rendered":"<p>Nombre Par\u00e1metro Aplicaci\u00f3n para instalaciones Sensor de humedad Vaisala para aceite de transformador mineral 0\u2026100 ppm \u0421\u041c\u041c- R, UVM, \u0421\u041c\u041c, UVM- 4\/7 FULL* Sensor de part\u00edculas en transformador aceite CS1320-A-0-0-0-1\/-000 muestra los valores de pureza, seg\u00fan ISO 4406 \u0421\u041c\u041c-R, \u0421\u041c\u041c, UVM, CFU Contador de aceite mec\u00e1nico hasta 1000 l\/hora \u0421\u041c\u041c- 0,4, \u0421\u041c\u041c- 0,6, \u0421\u041c\u041c 0,7,<a class=\"cg-read-more\" href=\"https:\/\/globecore.com\/es\/products\/accesorios\/accessories\/\" target=\"_blank\">Leer m\u00e1s <\/a><\/p>\n","protected":false},"author":1,"featured_media":13823,"parent":14152,"menu_order":0,"comment_status":"closed","ping_status":"closed","template":"templates\/single-product.php","meta":{"_acf_changed":false,"_bbp_topic_count":0,"_bbp_reply_count":0,"_bbp_total_topic_count":0,"_bbp_total_reply_count":0,"_bbp_voice_count":0,"_bbp_anonymous_reply_count":0,"_bbp_topic_count_hidden":0,"_bbp_reply_count_hidden":0,"_bbp_forum_subforum_count":0,"footnotes":""},"categories":[],"class_list":["post-13821","page","type-page","status-publish","has-post-thumbnail","hentry"],"acf":[],"language":"es","_links":{"self":[{"href":"https:\/\/globecore.com\/es\/wp-json\/wp\/v2\/pages\/13821","targetHints":{"allow":["GET"]}}],"collection":[{"href":"https:\/\/globecore.com\/es\/wp-json\/wp\/v2\/pages"}],"about":[{"href":"https:\/\/globecore.com\/es\/wp-json\/wp\/v2\/types\/page"}],"author":[{"embeddable":true,"href":"https:\/\/globecore.com\/es\/wp-json\/wp\/v2\/users\/1"}],"replies":[{"embeddable":true,"href":"https:\/\/globecore.com\/es\/wp-json\/wp\/v2\/comments?post=13821"}],"version-history":[{"count":0,"href":"https:\/\/globecore.com\/es\/wp-json\/wp\/v2\/pages\/13821\/revisions"}],"up":[{"embeddable":true,"href":"https:\/\/globecore.com\/es\/wp-json\/wp\/v2\/pages\/14152"}],"wp:featuredmedia":[{"embeddable":true,"href":"https:\/\/globecore.com\/es\/wp-json\/wp\/v2\/media\/13823"}],"wp:attachment":[{"href":"https:\/\/globecore.com\/es\/wp-json\/wp\/v2\/media?parent=13821"}],"wp:term":[{"taxonomy":"category","embeddable":true,"href":"https:\/\/globecore.com\/es\/wp-json\/wp\/v2\/categories?post=13821"}],"curies":[{"name":"wp","href":"https:\/\/api.w.org\/{rel}","templated":true}]}}