{"id":14152,"date":"2018-07-27T05:35:40","date_gmt":"2018-07-27T05:35:40","guid":{"rendered":"https:\/\/globecore.com?page_id=14152"},"modified":"2024-12-16T13:28:45","modified_gmt":"2024-12-16T13:28:45","slug":"accesorios","status":"publish","type":"page","link":"https:\/\/globecore.com\/es\/products\/accesorios\/","title":{"rendered":"Accesorios"},"content":{"rendered":"<p>&nbsp;<\/p>\n<p style=\"text-align: justify;\">El sitio presenta instalaciones en la configuraci\u00f3n b\u00e1sica. Pero debido a las peculiaridades de los procesos tecnol\u00f3gicos en las empresas, los equipos pueden incluir componentes no est\u00e1ndar y, a menudo, se fabrican teniendo en cuenta los deseos individuales de nuestros clientes.<\/p>\n<p style=\"text-align: justify;\">Recomendamos utilizar \u00fanicamente repuestos originales de <em><strong>GlobeCore<\/strong><\/em> para sus instalaciones. Se pueden comprar directamente en <em><strong>GlobeCore<\/strong><\/em> o sus distribuidores. Nuestros especialistas y distribuidores cuentan con toda la informaci\u00f3n necesaria sobre la correcta selecci\u00f3n de repuestos y accesorios para cada instalaci\u00f3n individual y le brindar\u00e1n las consultas necesarias.<\/p>\n<p style=\"text-align: justify;\">En el caso de utilizar componentes o repuestos no recomendados por <em><strong>GlobeCore<\/strong><\/em>, nuestra empresa no puede garantizar el funcionamiento confiable de las instalaciones y el cumplimiento de las caracter\u00edsticas del producto de salida con los par\u00e1metros declarados.<\/p>\n<p style=\"text-align: justify;\">Tambi\u00e9n le recordamos que el uso de piezas y componentes no aprobados por <em><strong>GlobeCore<\/strong><\/em> es raz\u00f3n suficiente para anular la garant\u00eda.<\/p>\n<p style=\"text-align: justify;\"><em><strong>GlobeCore<\/strong><\/em> se reserva el derecho de realizar mejoras t\u00e9cnicas en su equipo para mejorar su rendimiento sin previo aviso.<\/p>\n","protected":false},"excerpt":{"rendered":"<p>&nbsp; El sitio presenta instalaciones en la configuraci\u00f3n b\u00e1sica. Pero debido a las peculiaridades de los procesos tecnol\u00f3gicos en las empresas, los equipos pueden incluir componentes no est\u00e1ndar y, a menudo, se fabrican teniendo en cuenta los deseos individuales de nuestros clientes. Recomendamos utilizar \u00fanicamente repuestos originales de GlobeCore para sus instalaciones. Se pueden comprar<a class=\"cg-read-more\" href=\"https:\/\/globecore.com\/es\/products\/accesorios\/\" target=\"_blank\">Leer m\u00e1s <\/a><\/p>\n","protected":false},"author":7,"featured_media":13823,"parent":10793,"menu_order":0,"comment_status":"closed","ping_status":"closed","template":"templates\/products-sidebar.php","meta":{"_acf_changed":false,"_bbp_topic_count":0,"_bbp_reply_count":0,"_bbp_total_topic_count":0,"_bbp_total_reply_count":0,"_bbp_voice_count":0,"_bbp_anonymous_reply_count":0,"_bbp_topic_count_hidden":0,"_bbp_reply_count_hidden":0,"_bbp_forum_subforum_count":0,"footnotes":""},"categories":[],"class_list":["post-14152","page","type-page","status-publish","has-post-thumbnail","hentry"],"acf":[],"language":"es","_links":{"self":[{"href":"https:\/\/globecore.com\/es\/wp-json\/wp\/v2\/pages\/14152","targetHints":{"allow":["GET"]}}],"collection":[{"href":"https:\/\/globecore.com\/es\/wp-json\/wp\/v2\/pages"}],"about":[{"href":"https:\/\/globecore.com\/es\/wp-json\/wp\/v2\/types\/page"}],"author":[{"embeddable":true,"href":"https:\/\/globecore.com\/es\/wp-json\/wp\/v2\/users\/7"}],"replies":[{"embeddable":true,"href":"https:\/\/globecore.com\/es\/wp-json\/wp\/v2\/comments?post=14152"}],"version-history":[{"count":0,"href":"https:\/\/globecore.com\/es\/wp-json\/wp\/v2\/pages\/14152\/revisions"}],"up":[{"embeddable":true,"href":"https:\/\/globecore.com\/es\/wp-json\/wp\/v2\/pages\/10793"}],"wp:featuredmedia":[{"embeddable":true,"href":"https:\/\/globecore.com\/es\/wp-json\/wp\/v2\/media\/13823"}],"wp:attachment":[{"href":"https:\/\/globecore.com\/es\/wp-json\/wp\/v2\/media?parent=14152"}],"wp:term":[{"taxonomy":"category","embeddable":true,"href":"https:\/\/globecore.com\/es\/wp-json\/wp\/v2\/categories?post=14152"}],"curies":[{"name":"wp","href":"https:\/\/api.w.org\/{rel}","templated":true}]}}