{"id":14346,"date":"2018-08-03T08:37:43","date_gmt":"2018-08-03T08:37:43","guid":{"rendered":"https:\/\/globecore.com?page_id=14346"},"modified":"2026-03-05T14:57:23","modified_gmt":"2026-03-05T14:57:23","slug":"instalacion-para-purificacion-de-aceite-cmm-1-1","status":"publish","type":"page","link":"https:\/\/globecore.com\/es\/products\/desgasificacion-de-aceite\/instalacion-para-purificacion-de-aceite-cmm-1-1\/","title":{"rendered":"\u0421\u041c\u041cur-1L Unidad de purificaci\u00f3n de aceites"},"content":{"rendered":"","protected":false},"excerpt":{"rendered":"<p>La CMMur-1L es una unidad compacta y econ\u00f3mica dise\u00f1ada para la purificaci\u00f3n de aceite electroaislante con una viscosidad de hasta 70 cSt a 50 \u00b0C. Elimina eficazmente el agua y las impurezas mec\u00e1nicas, garantizando la limpieza del aceite desde una clase inicial de \u2013\/18\/16 hasta \u2013\/14\/12 tras m\u00faltiples pasadas a trav\u00e9s de los filtros, con un contenido de contaminantes inferior al 0,004 % en masa.<br \/>\nLa unidad tambi\u00e9n est\u00e1 destinada al calentamiento de equipos el\u00e9ctricos llenos de aceite mediante aceite de transformador caliente y a la evacuaci\u00f3n de aire de sistemas de vac\u00edo. La CMMur-1L se utiliza durante la puesta en servicio, la reparaci\u00f3n y el mantenimiento de transformadores de potencia, interruptores de alta tensi\u00f3n y otros equipos de alta tensi\u00f3n.<\/p>\n","protected":false},"author":7,"featured_media":108983,"parent":11838,"menu_order":0,"comment_status":"closed","ping_status":"closed","template":"templates\/single-product.php","meta":{"_acf_changed":false,"_bbp_topic_count":0,"_bbp_reply_count":0,"_bbp_total_topic_count":0,"_bbp_total_reply_count":0,"_bbp_voice_count":0,"_bbp_anonymous_reply_count":0,"_bbp_topic_count_hidden":0,"_bbp_reply_count_hidden":0,"_bbp_forum_subforum_count":0,"footnotes":""},"categories":[1338],"class_list":["post-14346","page","type-page","status-publish","has-post-thumbnail","hentry","category-oil-maintenance-es","oil_type-aceite-de-silicona","oil_type-aceite-para-transformadores","oil_type-aceite-shell-diala","oil_type-fluido-dielectrico-fr3","oil_type-fluido-dielectrico-midel-7131","oil_type-fluido-resistente-al-fuego-fyrquel","process_type-desgasificacion","process_type-deshidratacion","process_type-filtracion"],"acf":[],"language":"es","_links":{"self":[{"href":"https:\/\/globecore.com\/es\/wp-json\/wp\/v2\/pages\/14346","targetHints":{"allow":["GET"]}}],"collection":[{"href":"https:\/\/globecore.com\/es\/wp-json\/wp\/v2\/pages"}],"about":[{"href":"https:\/\/globecore.com\/es\/wp-json\/wp\/v2\/types\/page"}],"author":[{"embeddable":true,"href":"https:\/\/globecore.com\/es\/wp-json\/wp\/v2\/users\/7"}],"replies":[{"embeddable":true,"href":"https:\/\/globecore.com\/es\/wp-json\/wp\/v2\/comments?post=14346"}],"version-history":[{"count":1,"href":"https:\/\/globecore.com\/es\/wp-json\/wp\/v2\/pages\/14346\/revisions"}],"predecessor-version":[{"id":335994,"href":"https:\/\/globecore.com\/es\/wp-json\/wp\/v2\/pages\/14346\/revisions\/335994"}],"up":[{"embeddable":true,"href":"https:\/\/globecore.com\/es\/wp-json\/wp\/v2\/pages\/11838"}],"wp:featuredmedia":[{"embeddable":true,"href":"https:\/\/globecore.com\/es\/wp-json\/wp\/v2\/media\/108983"}],"wp:attachment":[{"href":"https:\/\/globecore.com\/es\/wp-json\/wp\/v2\/media?parent=14346"}],"wp:term":[{"taxonomy":"category","embeddable":true,"href":"https:\/\/globecore.com\/es\/wp-json\/wp\/v2\/categories?post=14346"}],"curies":[{"name":"wp","href":"https:\/\/api.w.org\/{rel}","templated":true}]}}