{"id":14351,"date":"2018-08-03T12:13:26","date_gmt":"2018-08-03T12:13:26","guid":{"rendered":"https:\/\/globecore.com?page_id=14351"},"modified":"2026-03-06T13:13:31","modified_gmt":"2026-03-06T13:13:31","slug":"planta-de-desgasificacion-cmm-4-7","status":"publish","type":"page","link":"https:\/\/globecore.com\/es\/products\/desgasificacion-de-aceite\/planta-de-desgasificacion-cmm-4-7\/","title":{"rendered":"CMM-4\/7 M\u00e1quina de tratamiento de aceite diel\u00e9ctrico"},"content":{"rendered":"","protected":false},"excerpt":{"rendered":"<p>La unidad m\u00f3vil de procesamiento de aceite CMM-4\/7 est\u00e1 dise\u00f1ada para desgasificaci\u00f3n, eliminaci\u00f3n de s\u00f3lidos y calentamiento de aceite en transformadores de potencia con tensiones de hasta 1.150 kV. Su capacidad es de 4 m\u00b3\/h (59 gal\/h) en modo de desgasificaci\u00f3n, secado y filtraci\u00f3n, y de 7 m\u00b3\/h (185 gal\/h) en modo de calentamiento y filtraci\u00f3n. La unidad puede utilizarse para calentar sistemas el\u00e9ctricos que contienen aceite aislante con aceite caliente, realizar el secado al vac\u00edo de transformadores y llevar a cabo la evacuaci\u00f3n al vac\u00edo. Es ideal para instalaciones que instalan, reparan y dan servicio a transformadores de potencia llenos de aceite y otros equipos el\u00e9ctricos llenos de aceite.<\/p>\n","protected":false},"author":7,"featured_media":21374,"parent":11838,"menu_order":0,"comment_status":"closed","ping_status":"closed","template":"templates\/single-product.php","meta":{"_acf_changed":false,"_bbp_topic_count":0,"_bbp_reply_count":0,"_bbp_total_topic_count":0,"_bbp_total_reply_count":0,"_bbp_voice_count":0,"_bbp_anonymous_reply_count":0,"_bbp_topic_count_hidden":0,"_bbp_reply_count_hidden":0,"_bbp_forum_subforum_count":0,"footnotes":""},"categories":[1338],"class_list":["post-14351","page","type-page","status-publish","has-post-thumbnail","hentry","category-oil-maintenance-es","oil_type-aceite-de-silicona","oil_type-aceite-para-transformadores","oil_type-aceite-shell-diala","oil_type-fluido-dielectrico-fr3","oil_type-fluido-dielectrico-midel-7131","oil_type-fluido-resistente-al-fuego-fyrquel","process_type-desgasificacion","process_type-deshidratacion","process_type-filtracion"],"acf":[],"language":"es","_links":{"self":[{"href":"https:\/\/globecore.com\/es\/wp-json\/wp\/v2\/pages\/14351","targetHints":{"allow":["GET"]}}],"collection":[{"href":"https:\/\/globecore.com\/es\/wp-json\/wp\/v2\/pages"}],"about":[{"href":"https:\/\/globecore.com\/es\/wp-json\/wp\/v2\/types\/page"}],"author":[{"embeddable":true,"href":"https:\/\/globecore.com\/es\/wp-json\/wp\/v2\/users\/7"}],"replies":[{"embeddable":true,"href":"https:\/\/globecore.com\/es\/wp-json\/wp\/v2\/comments?post=14351"}],"version-history":[{"count":2,"href":"https:\/\/globecore.com\/es\/wp-json\/wp\/v2\/pages\/14351\/revisions"}],"predecessor-version":[{"id":336186,"href":"https:\/\/globecore.com\/es\/wp-json\/wp\/v2\/pages\/14351\/revisions\/336186"}],"up":[{"embeddable":true,"href":"https:\/\/globecore.com\/es\/wp-json\/wp\/v2\/pages\/11838"}],"wp:featuredmedia":[{"embeddable":true,"href":"https:\/\/globecore.com\/es\/wp-json\/wp\/v2\/media\/21374"}],"wp:attachment":[{"href":"https:\/\/globecore.com\/es\/wp-json\/wp\/v2\/media?parent=14351"}],"wp:term":[{"taxonomy":"category","embeddable":true,"href":"https:\/\/globecore.com\/es\/wp-json\/wp\/v2\/categories?post=14351"}],"curies":[{"name":"wp","href":"https:\/\/api.w.org\/{rel}","templated":true}]}}