{"id":145871,"date":"2024-05-22T06:45:08","date_gmt":"2024-05-22T06:45:08","guid":{"rendered":"https:\/\/globecore.com\/products\/regeneracion-de-aceites\/oxidation-inhibitor-injection-unit\/"},"modified":"2026-03-05T14:40:06","modified_gmt":"2026-03-05T14:40:06","slug":"oxidation-inhibitor-injection-unit","status":"publish","type":"page","link":"https:\/\/globecore.com\/es\/products\/regeneracion-de-aceites\/oxidation-inhibitor-injection-unit\/","title":{"rendered":"USB-6 M\u00e1quina de inyecci\u00f3n de inhibidor de oxidaci\u00f3n"},"content":{"rendered":"","protected":false},"excerpt":{"rendered":"<p>La GlobeCore USB-6 es una unidad m\u00f3vil de inyecci\u00f3n de inhibidores dise\u00f1ada para preparar y dosificar aditivos antioxidantes en aceite de transformador. La unidad extrae autom\u00e1ticamente el aceite, lo mezcla con el inhibidor y lo devuelve al sistema, garantizando una distribuci\u00f3n r\u00e1pida y uniforme. Tambi\u00e9n puede funcionar en modo manual para la verificaci\u00f3n de componentes. Los sistemas de seguridad integrados detienen el funcionamiento en caso de condiciones anormales, mostrando los diagn\u00f3sticos en la pantalla del controlador. La USB-6 es adecuada para la inyecci\u00f3n de aditivos antioxidantes, antiespumantes y anticorrosivos en aceites de transformador, turbina y lubricantes, as\u00ed como para la dosificaci\u00f3n de aditivos en combustibles.<\/p>\n","protected":false},"author":7,"featured_media":113069,"parent":10999,"menu_order":0,"comment_status":"closed","ping_status":"closed","template":"templates\/single-product.php","meta":{"_acf_changed":false,"_bbp_topic_count":0,"_bbp_reply_count":0,"_bbp_total_topic_count":0,"_bbp_total_reply_count":0,"_bbp_voice_count":0,"_bbp_anonymous_reply_count":0,"_bbp_topic_count_hidden":0,"_bbp_reply_count_hidden":0,"_bbp_forum_subforum_count":0,"footnotes":""},"categories":[1338],"class_list":["post-145871","page","type-page","status-publish","has-post-thumbnail","hentry","category-oil-maintenance-es","oil_type-aceite-hidraulico","oil_type-aceite-industrial","oil_type-aceite-para-transformadores","oil_type-aceite-para-turbinas","oil_type-fluido-dielectrico-fr3","oil_type-fluido-dielectrico-midel-7131","oil_type-fluido-resistente-al-fuego-fyrquel","process_type-mezcla"],"acf":[],"language":"es","_links":{"self":[{"href":"https:\/\/globecore.com\/es\/wp-json\/wp\/v2\/pages\/145871","targetHints":{"allow":["GET"]}}],"collection":[{"href":"https:\/\/globecore.com\/es\/wp-json\/wp\/v2\/pages"}],"about":[{"href":"https:\/\/globecore.com\/es\/wp-json\/wp\/v2\/types\/page"}],"author":[{"embeddable":true,"href":"https:\/\/globecore.com\/es\/wp-json\/wp\/v2\/users\/7"}],"replies":[{"embeddable":true,"href":"https:\/\/globecore.com\/es\/wp-json\/wp\/v2\/comments?post=145871"}],"version-history":[{"count":1,"href":"https:\/\/globecore.com\/es\/wp-json\/wp\/v2\/pages\/145871\/revisions"}],"predecessor-version":[{"id":335980,"href":"https:\/\/globecore.com\/es\/wp-json\/wp\/v2\/pages\/145871\/revisions\/335980"}],"up":[{"embeddable":true,"href":"https:\/\/globecore.com\/es\/wp-json\/wp\/v2\/pages\/10999"}],"wp:featuredmedia":[{"embeddable":true,"href":"https:\/\/globecore.com\/es\/wp-json\/wp\/v2\/media\/113069"}],"wp:attachment":[{"href":"https:\/\/globecore.com\/es\/wp-json\/wp\/v2\/media?parent=145871"}],"wp:term":[{"taxonomy":"category","embeddable":true,"href":"https:\/\/globecore.com\/es\/wp-json\/wp\/v2\/categories?post=145871"}],"curies":[{"name":"wp","href":"https:\/\/api.w.org\/{rel}","templated":true}]}}