{"id":146025,"date":"2024-02-14T13:56:54","date_gmt":"2024-02-14T13:56:54","guid":{"rendered":"https:\/\/globecore.com\/products\/desgasificacion-de-aceite\/oil-processing-unit-cmm-8lt\/"},"modified":"2026-03-06T06:51:29","modified_gmt":"2026-03-06T06:51:29","slug":"oil-processing-unit-cmm-8lt","status":"publish","type":"page","link":"https:\/\/globecore.com\/es\/products\/desgasificacion-de-aceite\/oil-processing-unit-cmm-8lt\/","title":{"rendered":"CMM-8LT M\u00e1quina de procesamiento de aceite"},"content":{"rendered":"","protected":false},"excerpt":{"rendered":"<p>La unidad CMM-8LT est\u00e1 dise\u00f1ada para la purificaci\u00f3n de aceites de aislamiento el\u00e9ctrico de impurezas mec\u00e1nicas y agua, con una viscosidad cinem\u00e1tica de hasta 70 cSt a 50\u202f\u00b0C. La unidad tambi\u00e9n puede calentar aparatos el\u00e9ctricos llenos de aceite con aceite de transformador caliente y realizar vac\u00edo. Su capacidad es de 8\u202fm\u00b3\/h. La estaci\u00f3n asegura la purificaci\u00f3n del aceite hasta la clase -\/12\/9 desde una clase inicial de -\/16\/13, con una fracci\u00f3n m\u00e1sica de contaminantes que no supera el 0,004%, mediante m\u00faltiples pasadas del aceite a trav\u00e9s del bloque de filtros. Se utiliza en el ensamblaje, reparaci\u00f3n y operaci\u00f3n de equipos de alta tensi\u00f3n llenos de aceite, como transformadores de potencia e interruptores de alta tensi\u00f3n.<\/p>\n","protected":false},"author":7,"featured_media":110217,"parent":11838,"menu_order":0,"comment_status":"closed","ping_status":"closed","template":"templates\/single-product.php","meta":{"_acf_changed":false,"_bbp_topic_count":0,"_bbp_reply_count":0,"_bbp_total_topic_count":0,"_bbp_total_reply_count":0,"_bbp_voice_count":0,"_bbp_anonymous_reply_count":0,"_bbp_topic_count_hidden":0,"_bbp_reply_count_hidden":0,"_bbp_forum_subforum_count":0,"footnotes":""},"categories":[1338],"class_list":["post-146025","page","type-page","status-publish","has-post-thumbnail","hentry","category-oil-maintenance-es","oil_type-aceite-de-silicona","oil_type-aceite-hidraulico","oil_type-aceite-para-transformadores","oil_type-aceite-shell-diala","oil_type-fluido-dielectrico-fr3","oil_type-fluido-dielectrico-midel-7131","oil_type-fluido-resistente-al-fuego-fyrquel","process_type-desgasificacion","process_type-deshidratacion","process_type-filtracion"],"acf":[],"language":"es","_links":{"self":[{"href":"https:\/\/globecore.com\/es\/wp-json\/wp\/v2\/pages\/146025","targetHints":{"allow":["GET"]}}],"collection":[{"href":"https:\/\/globecore.com\/es\/wp-json\/wp\/v2\/pages"}],"about":[{"href":"https:\/\/globecore.com\/es\/wp-json\/wp\/v2\/types\/page"}],"author":[{"embeddable":true,"href":"https:\/\/globecore.com\/es\/wp-json\/wp\/v2\/users\/7"}],"replies":[{"embeddable":true,"href":"https:\/\/globecore.com\/es\/wp-json\/wp\/v2\/comments?post=146025"}],"version-history":[{"count":1,"href":"https:\/\/globecore.com\/es\/wp-json\/wp\/v2\/pages\/146025\/revisions"}],"predecessor-version":[{"id":336037,"href":"https:\/\/globecore.com\/es\/wp-json\/wp\/v2\/pages\/146025\/revisions\/336037"}],"up":[{"embeddable":true,"href":"https:\/\/globecore.com\/es\/wp-json\/wp\/v2\/pages\/11838"}],"wp:featuredmedia":[{"embeddable":true,"href":"https:\/\/globecore.com\/es\/wp-json\/wp\/v2\/media\/110217"}],"wp:attachment":[{"href":"https:\/\/globecore.com\/es\/wp-json\/wp\/v2\/media?parent=146025"}],"wp:term":[{"taxonomy":"category","embeddable":true,"href":"https:\/\/globecore.com\/es\/wp-json\/wp\/v2\/categories?post=146025"}],"curies":[{"name":"wp","href":"https:\/\/api.w.org\/{rel}","templated":true}]}}