{"id":146037,"date":"2024-05-24T07:04:52","date_gmt":"2024-05-24T07:04:52","guid":{"rendered":"https:\/\/globecore.com\/products\/desgasificacion-de-aceite\/industrial-oil-purification-unit-cmm-6lt\/"},"modified":"2026-03-06T06:42:29","modified_gmt":"2026-03-06T06:42:29","slug":"industrial-oil-purification-unit-cmm-6lt","status":"publish","type":"page","link":"https:\/\/globecore.com\/es\/products\/desgasificacion-de-aceite\/industrial-oil-purification-unit-cmm-6lt\/","title":{"rendered":"CMM-6LT M\u00e1quina de purificaci\u00f3n de aceite industrial"},"content":{"rendered":"","protected":false},"excerpt":{"rendered":"<p>La estaci\u00f3n m\u00f3vil de aceite CMM-6LT est\u00e1 dise\u00f1ada para el secado termovacuo, filtraci\u00f3n y purificaci\u00f3n de aceites de impurezas mec\u00e1nicas y agua. Es adecuada para aceites utilizados en sistemas de lubricaci\u00f3n, sistemas de sellado, sistemas de control hidr\u00e1ulico de unidades de turbinas de gas y compresores de gas, compresores de motores a gas y transformadores durante la operaci\u00f3n y el mantenimiento. La unidad tiene una productividad de al menos 6,0 m\u00b3\/h en modo de filtraci\u00f3n y de 4,0\u20136,0 m\u00b3\/h en modo de secado termovacuo. La CMM-6LT puede limpiar aceites contaminados de agua, gases libres y disueltos, y calentar y secar aparatos el\u00e9ctricos llenos de aceite utilizando el m\u00e9todo de secado termovacuo. Tambi\u00e9n elimina impurezas mec\u00e1nicas mediante elementos filtrantes de alta eficiencia. La unidad est\u00e1 destinada al uso en organizaciones de montaje, reparaci\u00f3n y operaci\u00f3n que se dedican al procesamiento y purificaci\u00f3n de aceites.<\/p>\n","protected":false},"author":7,"featured_media":113092,"parent":11838,"menu_order":0,"comment_status":"closed","ping_status":"closed","template":"templates\/single-product.php","meta":{"_acf_changed":false,"_bbp_topic_count":0,"_bbp_reply_count":0,"_bbp_total_topic_count":0,"_bbp_total_reply_count":0,"_bbp_voice_count":0,"_bbp_anonymous_reply_count":0,"_bbp_topic_count_hidden":0,"_bbp_reply_count_hidden":0,"_bbp_forum_subforum_count":0,"footnotes":""},"categories":[1338],"class_list":["post-146037","page","type-page","status-publish","has-post-thumbnail","hentry","category-oil-maintenance-es","oil_type-aceite-de-silicona","oil_type-aceite-hidraulico","oil_type-aceite-para-transformadores","oil_type-aceite-shell-diala","oil_type-fluido-dielectrico-fr3","oil_type-fluido-dielectrico-midel-7131","oil_type-fluido-resistente-al-fuego-fyrquel","process_type-desgasificacion","process_type-deshidratacion","process_type-filtracion"],"acf":[],"language":"es","_links":{"self":[{"href":"https:\/\/globecore.com\/es\/wp-json\/wp\/v2\/pages\/146037","targetHints":{"allow":["GET"]}}],"collection":[{"href":"https:\/\/globecore.com\/es\/wp-json\/wp\/v2\/pages"}],"about":[{"href":"https:\/\/globecore.com\/es\/wp-json\/wp\/v2\/types\/page"}],"author":[{"embeddable":true,"href":"https:\/\/globecore.com\/es\/wp-json\/wp\/v2\/users\/7"}],"replies":[{"embeddable":true,"href":"https:\/\/globecore.com\/es\/wp-json\/wp\/v2\/comments?post=146037"}],"version-history":[{"count":1,"href":"https:\/\/globecore.com\/es\/wp-json\/wp\/v2\/pages\/146037\/revisions"}],"predecessor-version":[{"id":336028,"href":"https:\/\/globecore.com\/es\/wp-json\/wp\/v2\/pages\/146037\/revisions\/336028"}],"up":[{"embeddable":true,"href":"https:\/\/globecore.com\/es\/wp-json\/wp\/v2\/pages\/11838"}],"wp:featuredmedia":[{"embeddable":true,"href":"https:\/\/globecore.com\/es\/wp-json\/wp\/v2\/media\/113092"}],"wp:attachment":[{"href":"https:\/\/globecore.com\/es\/wp-json\/wp\/v2\/media?parent=146037"}],"wp:term":[{"taxonomy":"category","embeddable":true,"href":"https:\/\/globecore.com\/es\/wp-json\/wp\/v2\/categories?post=146037"}],"curies":[{"name":"wp","href":"https:\/\/api.w.org\/{rel}","templated":true}]}}