{"id":146045,"date":"2021-03-11T09:55:13","date_gmt":"2021-03-11T09:55:13","guid":{"rendered":"https:\/\/globecore.com\/products\/desgasificacion-de-aceite\/cmm-4lt-transformer-oil-purification-unit\/"},"modified":"2026-03-06T06:31:08","modified_gmt":"2026-03-06T06:31:08","slug":"cmm-4lt-transformer-oil-purification-unit","status":"publish","type":"page","link":"https:\/\/globecore.com\/es\/products\/desgasificacion-de-aceite\/cmm-4lt-transformer-oil-purification-unit\/","title":{"rendered":"CMM-4,0LT M\u00e1quina de purificaci\u00f3n de aceite para transformadores"},"content":{"rendered":"","protected":false},"excerpt":{"rendered":"<p>La unidad CMM-4,0LT est\u00e1 dise\u00f1ada para el secado termovacuo y la filtraci\u00f3n de aceites industriales utilizados en sistemas de lubricaci\u00f3n, sellado y control hidr\u00e1ulico de unidades de turbinas de gas, unidades de bombeo de gas, compresores de motores a gas y transformadores. Adem\u00e1s de purificar el aceite, la CMM-4,0LT puede utilizarse para calentar y secar equipos el\u00e9ctricos llenos de aceite. La unidad tiene una capacidad de al menos 4,0 m\u00b3\/h (17,6 gpm) en modo de secado y filtraci\u00f3n termovacuo. El aceite se aspira por vac\u00edo a trav\u00e9s de un filtro grueso con una finura de 200 micrones hacia un tanque de vac\u00edo que contiene un calentador. Al ascender de abajo hacia arriba, el aceite se calienta y pasa a trav\u00e9s de una tapa canalizada especialmente hacia rellenos especiales. A medida que el aceite fluye hacia abajo a trav\u00e9s de los rellenos, la humedad y los gases se eliminan bajo vac\u00edo. Finalmente, el aceite se bombea desde la parte inferior del tanque a trav\u00e9s de dos filtros finos hasta la salida de la unidad, con finura de filtraci\u00f3n seleccionable de 5, 3, 1 o 0,3 micrones.<\/p>\n","protected":false},"author":7,"featured_media":65028,"parent":11838,"menu_order":0,"comment_status":"closed","ping_status":"closed","template":"templates\/single-product.php","meta":{"_acf_changed":false,"_bbp_topic_count":0,"_bbp_reply_count":0,"_bbp_total_topic_count":0,"_bbp_total_reply_count":0,"_bbp_voice_count":0,"_bbp_anonymous_reply_count":0,"_bbp_topic_count_hidden":0,"_bbp_reply_count_hidden":0,"_bbp_forum_subforum_count":0,"footnotes":""},"categories":[1338],"class_list":["post-146045","page","type-page","status-publish","has-post-thumbnail","hentry","category-oil-maintenance-es","oil_type-aceite-de-silicona","oil_type-aceite-hidraulico","oil_type-aceite-para-transformadores","oil_type-aceite-shell-diala","oil_type-fluido-dielectrico-fr3","oil_type-fluido-dielectrico-midel-7131","oil_type-fluido-resistente-al-fuego-fyrquel","process_type-desgasificacion","process_type-deshidratacion","process_type-filtracion"],"acf":[],"language":"es","_links":{"self":[{"href":"https:\/\/globecore.com\/es\/wp-json\/wp\/v2\/pages\/146045","targetHints":{"allow":["GET"]}}],"collection":[{"href":"https:\/\/globecore.com\/es\/wp-json\/wp\/v2\/pages"}],"about":[{"href":"https:\/\/globecore.com\/es\/wp-json\/wp\/v2\/types\/page"}],"author":[{"embeddable":true,"href":"https:\/\/globecore.com\/es\/wp-json\/wp\/v2\/users\/7"}],"replies":[{"embeddable":true,"href":"https:\/\/globecore.com\/es\/wp-json\/wp\/v2\/comments?post=146045"}],"version-history":[{"count":1,"href":"https:\/\/globecore.com\/es\/wp-json\/wp\/v2\/pages\/146045\/revisions"}],"predecessor-version":[{"id":336020,"href":"https:\/\/globecore.com\/es\/wp-json\/wp\/v2\/pages\/146045\/revisions\/336020"}],"up":[{"embeddable":true,"href":"https:\/\/globecore.com\/es\/wp-json\/wp\/v2\/pages\/11838"}],"wp:featuredmedia":[{"embeddable":true,"href":"https:\/\/globecore.com\/es\/wp-json\/wp\/v2\/media\/65028"}],"wp:attachment":[{"href":"https:\/\/globecore.com\/es\/wp-json\/wp\/v2\/media?parent=146045"}],"wp:term":[{"taxonomy":"category","embeddable":true,"href":"https:\/\/globecore.com\/es\/wp-json\/wp\/v2\/categories?post=146045"}],"curies":[{"name":"wp","href":"https:\/\/api.w.org\/{rel}","templated":true}]}}