{"id":146053,"date":"2024-09-20T06:06:38","date_gmt":"2024-09-20T06:06:38","guid":{"rendered":"https:\/\/globecore.com\/products\/filtrado-de-aceite\/cmm-20cf-unit-for-removal-of-water-from-oil\/"},"modified":"2026-03-06T07:51:16","modified_gmt":"2026-03-06T07:51:16","slug":"cmm-20cf-unit-for-removal-of-water-from-oil","status":"publish","type":"page","link":"https:\/\/globecore.com\/es\/products\/filtrado-de-aceite\/cmm-20cf-unit-for-removal-of-water-from-oil\/","title":{"rendered":"CMM-2,0CF M\u00e1quina para la eliminaci\u00f3n de agua del aceite"},"content":{"rendered":"","protected":false},"excerpt":{"rendered":"<p>La planta m\u00f3vil de aceite CMM-2,0CF est\u00e1 dise\u00f1ada para purificar aceites industriales, hidr\u00e1ulicos, de turbina y de transformador, as\u00ed como di\u00e9sel, queroseno y gasolina, incluso con alto contenido de agua. La unidad cuenta con un dise\u00f1o a prueba de explosiones para un funcionamiento seguro. Su capacidad es de 2,4\u202fm\u00b3\/h tanto en modos de filtraci\u00f3n como de eliminaci\u00f3n de agua. La planta elimina impurezas mec\u00e1nicas y agua mediante el m\u00e9todo de coalescencia. Est\u00e1 compuesta por una plataforma m\u00f3vil con filtros, un conjunto de bombeo y un arrancador de bot\u00f3n pulsador. Se incluye un filtro de cartucho para eliminar impurezas mec\u00e1nicas, con elementos reemplazables que ofrecen una finura de filtraci\u00f3n de 1, 3, 5 o 25\u202f\u03bcm. El agua se elimina mediante coalescencia: al pasar el aceite por un elemento filtrante especial, las mol\u00e9culas de agua forman gotas que fluyen hacia un dep\u00f3sito y pueden drenarse mediante una v\u00e1lvula.<\/p>\n","protected":false},"author":7,"featured_media":120188,"parent":11007,"menu_order":0,"comment_status":"closed","ping_status":"closed","template":"templates\/single-product.php","meta":{"_acf_changed":false,"_bbp_topic_count":0,"_bbp_reply_count":0,"_bbp_total_topic_count":0,"_bbp_total_reply_count":0,"_bbp_voice_count":0,"_bbp_anonymous_reply_count":0,"_bbp_topic_count_hidden":0,"_bbp_reply_count_hidden":0,"_bbp_forum_subforum_count":0,"footnotes":""},"categories":[1338],"class_list":["post-146053","page","type-page","status-publish","has-post-thumbnail","hentry","category-oil-maintenance-es","oil_type-aceite-de-silicona","oil_type-aceite-de-transmision","oil_type-aceite-hidraulico","oil_type-aceite-industrial","oil_type-aceite-para-cables","oil_type-aceite-para-compresores","oil_type-aceite-para-transformadores","oil_type-aceite-para-turbinas","oil_type-fluido-dielectrico-fr3","oil_type-fluido-dielectrico-midel-7131","oil_type-fluido-resistente-al-fuego-fyrquel","process_type-deshidratacion","process_type-filtracion"],"acf":[],"language":"es","_links":{"self":[{"href":"https:\/\/globecore.com\/es\/wp-json\/wp\/v2\/pages\/146053","targetHints":{"allow":["GET"]}}],"collection":[{"href":"https:\/\/globecore.com\/es\/wp-json\/wp\/v2\/pages"}],"about":[{"href":"https:\/\/globecore.com\/es\/wp-json\/wp\/v2\/types\/page"}],"author":[{"embeddable":true,"href":"https:\/\/globecore.com\/es\/wp-json\/wp\/v2\/users\/7"}],"replies":[{"embeddable":true,"href":"https:\/\/globecore.com\/es\/wp-json\/wp\/v2\/comments?post=146053"}],"version-history":[{"count":1,"href":"https:\/\/globecore.com\/es\/wp-json\/wp\/v2\/pages\/146053\/revisions"}],"predecessor-version":[{"id":336056,"href":"https:\/\/globecore.com\/es\/wp-json\/wp\/v2\/pages\/146053\/revisions\/336056"}],"up":[{"embeddable":true,"href":"https:\/\/globecore.com\/es\/wp-json\/wp\/v2\/pages\/11007"}],"wp:featuredmedia":[{"embeddable":true,"href":"https:\/\/globecore.com\/es\/wp-json\/wp\/v2\/media\/120188"}],"wp:attachment":[{"href":"https:\/\/globecore.com\/es\/wp-json\/wp\/v2\/media?parent=146053"}],"wp:term":[{"taxonomy":"category","embeddable":true,"href":"https:\/\/globecore.com\/es\/wp-json\/wp\/v2\/categories?post=146053"}],"curies":[{"name":"wp","href":"https:\/\/api.w.org\/{rel}","templated":true}]}}