{"id":146220,"date":"2023-04-13T13:14:01","date_gmt":"2023-04-13T13:14:01","guid":{"rendered":"https:\/\/globecore.com\/products\/fuel-purification-and-clarification\/diesel-fuel-moisture-content-tester-tor-1\/"},"modified":"2026-03-06T08:41:47","modified_gmt":"2026-03-06T08:41:47","slug":"diesel-fuel-moisture-content-tester-tor-1","status":"publish","type":"page","link":"https:\/\/globecore.com\/es\/products\/fuel-purification-and-clarification\/diesel-fuel-moisture-content-tester-tor-1\/","title":{"rendered":"TOR-1 Probador de contenido de humedad en combustible di\u00e9sel"},"content":{"rendered":"","protected":false},"excerpt":{"rendered":"<p>El medidor de contenido de humedad en combustible di\u00e9sel TOR-1 est\u00e1 dise\u00f1ado para medir la fracci\u00f3n m\u00e1sica de agua disuelta en los combustibles di\u00e9sel. Es f\u00e1cil de usar: simplemente reemplace la muestra y presione el bot\u00f3n de inicio para comenzar la medici\u00f3n. El dispositivo funciona de manera independiente sin necesidad de una computadora y es adecuado para uso en campo, con botones met\u00e1licos resistentes al vandalismo, protecci\u00f3n para el elemento sensible, protecci\u00f3n el\u00e9ctrica integrada y fuente de alimentaci\u00f3n estabilizada. Los resultados de la medici\u00f3n pueden imprimirse directamente utilizando la impresora incorporada.<\/p>\n","protected":false},"author":7,"featured_media":129698,"parent":146218,"menu_order":0,"comment_status":"closed","ping_status":"closed","template":"templates\/single-product.php","meta":{"_acf_changed":false,"_bbp_topic_count":0,"_bbp_reply_count":0,"_bbp_total_topic_count":0,"_bbp_total_reply_count":0,"_bbp_voice_count":0,"_bbp_anonymous_reply_count":0,"_bbp_topic_count_hidden":0,"_bbp_reply_count_hidden":0,"_bbp_forum_subforum_count":0,"footnotes":""},"categories":[2200],"class_list":["post-146220","page","type-page","status-publish","has-post-thumbnail","hentry","category-fuel-polishing-es","oil_type-aceite-hidraulico","oil_type-aceite-industrial","oil_type-aceite-para-transformadores","oil_type-combustible-diesel","process_type-test-de-humedad"],"acf":[],"language":"es","_links":{"self":[{"href":"https:\/\/globecore.com\/es\/wp-json\/wp\/v2\/pages\/146220","targetHints":{"allow":["GET"]}}],"collection":[{"href":"https:\/\/globecore.com\/es\/wp-json\/wp\/v2\/pages"}],"about":[{"href":"https:\/\/globecore.com\/es\/wp-json\/wp\/v2\/types\/page"}],"author":[{"embeddable":true,"href":"https:\/\/globecore.com\/es\/wp-json\/wp\/v2\/users\/7"}],"replies":[{"embeddable":true,"href":"https:\/\/globecore.com\/es\/wp-json\/wp\/v2\/comments?post=146220"}],"version-history":[{"count":1,"href":"https:\/\/globecore.com\/es\/wp-json\/wp\/v2\/pages\/146220\/revisions"}],"predecessor-version":[{"id":336085,"href":"https:\/\/globecore.com\/es\/wp-json\/wp\/v2\/pages\/146220\/revisions\/336085"}],"up":[{"embeddable":true,"href":"https:\/\/globecore.com\/es\/wp-json\/wp\/v2\/pages\/146218"}],"wp:featuredmedia":[{"embeddable":true,"href":"https:\/\/globecore.com\/es\/wp-json\/wp\/v2\/media\/129698"}],"wp:attachment":[{"href":"https:\/\/globecore.com\/es\/wp-json\/wp\/v2\/media?parent=146220"}],"wp:term":[{"taxonomy":"category","embeddable":true,"href":"https:\/\/globecore.com\/es\/wp-json\/wp\/v2\/categories?post=146220"}],"curies":[{"name":"wp","href":"https:\/\/api.w.org\/{rel}","templated":true}]}}