{"id":146227,"date":"2022-06-22T07:20:22","date_gmt":"2022-06-22T07:20:22","guid":{"rendered":"https:\/\/globecore.com\/products\/fuel-purification-and-clarification\/dark-diesel-fuel-purification-and-clarification-machine-cmm-6rl\/"},"modified":"2026-03-06T08:48:08","modified_gmt":"2026-03-06T08:48:08","slug":"dark-diesel-fuel-purification-and-clarification-machine-cmm-6rl","status":"publish","type":"page","link":"https:\/\/globecore.com\/es\/products\/fuel-purification-and-clarification\/dark-diesel-fuel-purification-and-clarification-machine-cmm-6rl\/","title":{"rendered":"CMM-6RL M\u00e1quina de pulido de combustible di\u00e9sel oscuro"},"content":{"rendered":"","protected":false},"excerpt":{"rendered":"<p>La unidad CMM-6RL est\u00e1 dise\u00f1ada para el pulido adsorbente de di\u00e9sel oscuro. Utiliza seis columnas llenas de adsorbentes que eliminan hidrocarburos arom\u00e1ticos, sustancias asf\u00e1ltico-resinosas y compuestos que contienen azufre, nitr\u00f3geno y \u00e1cidos, restaurando la claridad y el rendimiento del combustible. La unidad cuenta con un sistema de reactivaci\u00f3n de adsorbente in situ, que permite reutilizar el material sin retirarlo de las columnas. Los adsorbentes tambi\u00e9n pueden recuperarse mediante combusti\u00f3n y reutilizarse hasta 300 veces. La unidad tiene una capacidad de 0,45\u202fm\u00b3\/h, con reactivaci\u00f3n del sorbente que dura hasta 19 horas. El pulido t\u00edpico del combustible dura 6 horas, consumiendo 1,5\u202fkW\/h.<\/p>\n","protected":false},"author":59,"featured_media":58787,"parent":146218,"menu_order":0,"comment_status":"closed","ping_status":"closed","template":"templates\/single-product.php","meta":{"_acf_changed":false,"_bbp_topic_count":0,"_bbp_reply_count":0,"_bbp_total_topic_count":0,"_bbp_total_reply_count":0,"_bbp_voice_count":0,"_bbp_anonymous_reply_count":0,"_bbp_topic_count_hidden":0,"_bbp_reply_count_hidden":0,"_bbp_forum_subforum_count":0,"footnotes":""},"categories":[2200],"class_list":["post-146227","page","type-page","status-publish","has-post-thumbnail","hentry","category-fuel-polishing-es","oil_type-aceite-de-silicona","oil_type-aceite-de-transmision","oil_type-aceite-hidraulico","oil_type-aceite-industrial","oil_type-aceite-para-cables","oil_type-aceite-para-compresores","oil_type-aceite-para-transformadores","oil_type-aceite-para-turbinas","oil_type-combustible-diesel","oil_type-fluido-dielectrico-fr3","oil_type-fluido-dielectrico-midel-7131","oil_type-fluido-resistente-al-fuego-fyrquel","process_type-filtracion","process_type-regeneracion"],"acf":[],"language":"es","_links":{"self":[{"href":"https:\/\/globecore.com\/es\/wp-json\/wp\/v2\/pages\/146227","targetHints":{"allow":["GET"]}}],"collection":[{"href":"https:\/\/globecore.com\/es\/wp-json\/wp\/v2\/pages"}],"about":[{"href":"https:\/\/globecore.com\/es\/wp-json\/wp\/v2\/types\/page"}],"author":[{"embeddable":true,"href":"https:\/\/globecore.com\/es\/wp-json\/wp\/v2\/users\/59"}],"replies":[{"embeddable":true,"href":"https:\/\/globecore.com\/es\/wp-json\/wp\/v2\/comments?post=146227"}],"version-history":[{"count":1,"href":"https:\/\/globecore.com\/es\/wp-json\/wp\/v2\/pages\/146227\/revisions"}],"predecessor-version":[{"id":336089,"href":"https:\/\/globecore.com\/es\/wp-json\/wp\/v2\/pages\/146227\/revisions\/336089"}],"up":[{"embeddable":true,"href":"https:\/\/globecore.com\/es\/wp-json\/wp\/v2\/pages\/146218"}],"wp:featuredmedia":[{"embeddable":true,"href":"https:\/\/globecore.com\/es\/wp-json\/wp\/v2\/media\/58787"}],"wp:attachment":[{"href":"https:\/\/globecore.com\/es\/wp-json\/wp\/v2\/media?parent=146227"}],"wp:term":[{"taxonomy":"category","embeddable":true,"href":"https:\/\/globecore.com\/es\/wp-json\/wp\/v2\/categories?post=146227"}],"curies":[{"name":"wp","href":"https:\/\/api.w.org\/{rel}","templated":true}]}}