{"id":146336,"date":"2022-06-22T07:37:17","date_gmt":"2022-06-22T07:37:17","guid":{"rendered":"https:\/\/globecore.com\/products\/fuel-purification-and-clarification\/dark-heating-fuel-purification-and-clarification-machine-cmm-6rl\/"},"modified":"2026-03-06T08:54:23","modified_gmt":"2026-03-06T08:54:23","slug":"dark-heating-fuel-purification-and-clarification-machine-cmm-6rl","status":"publish","type":"page","link":"https:\/\/globecore.com\/es\/products\/fuel-purification-and-clarification\/dark-heating-fuel-purification-and-clarification-machine-cmm-6rl\/","title":{"rendered":"CMM-6RL M\u00e1quina de pulido de combustible de calefacci\u00f3n oscuro"},"content":{"rendered":"","protected":false},"excerpt":{"rendered":"<p>La unidad CMM-6RL ofrece un pulido eficiente y ecol\u00f3gico de combustible de calefacci\u00f3n oscuro. Cuenta con seis columnas, cada una con 150\u202fkg de adsorbente natural que elimina y retiene de manera segura las impurezas y productos de oxidaci\u00f3n da\u00f1inos. Al pasar el combustible a trav\u00e9s de las capas de adsorbente, se obtiene un combustible clarificado, sin olor, adecuado para aplicaciones m\u00e1s amplias o venta a mayor valor. La unidad permite la reactivaci\u00f3n in situ del adsorbente sin retirarlo de las columnas. Los adsorbentes tambi\u00e9n pueden recuperarse mediante combusti\u00f3n y reutilizarse hasta 300 veces. La CMM-6RL procesa 0,45\u202fm\u00b3\/h, con reactivaci\u00f3n del sorbente de hasta 19 horas. El pulido est\u00e1ndar del combustible dura 6 horas y consume 1,5\u202fkW\/h.<\/p>\n","protected":false},"author":59,"featured_media":58787,"parent":146218,"menu_order":0,"comment_status":"closed","ping_status":"closed","template":"templates\/single-product.php","meta":{"_acf_changed":false,"_bbp_topic_count":0,"_bbp_reply_count":0,"_bbp_total_topic_count":0,"_bbp_total_reply_count":0,"_bbp_voice_count":0,"_bbp_anonymous_reply_count":0,"_bbp_topic_count_hidden":0,"_bbp_reply_count_hidden":0,"_bbp_forum_subforum_count":0,"footnotes":""},"categories":[2200],"class_list":["post-146336","page","type-page","status-publish","has-post-thumbnail","hentry","category-fuel-polishing-es","oil_type-aceite-de-silicona","oil_type-aceite-de-transmision","oil_type-aceite-hidraulico","oil_type-aceite-industrial","oil_type-aceite-para-cables","oil_type-aceite-para-compresores","oil_type-aceite-para-transformadores","oil_type-aceite-para-turbinas","oil_type-combustible-diesel","oil_type-fluido-dielectrico-fr3","oil_type-fluido-dielectrico-midel-7131","oil_type-fluido-resistente-al-fuego-fyrquel","process_type-filtracion","process_type-regeneracion"],"acf":[],"language":"es","_links":{"self":[{"href":"https:\/\/globecore.com\/es\/wp-json\/wp\/v2\/pages\/146336","targetHints":{"allow":["GET"]}}],"collection":[{"href":"https:\/\/globecore.com\/es\/wp-json\/wp\/v2\/pages"}],"about":[{"href":"https:\/\/globecore.com\/es\/wp-json\/wp\/v2\/types\/page"}],"author":[{"embeddable":true,"href":"https:\/\/globecore.com\/es\/wp-json\/wp\/v2\/users\/59"}],"replies":[{"embeddable":true,"href":"https:\/\/globecore.com\/es\/wp-json\/wp\/v2\/comments?post=146336"}],"version-history":[{"count":1,"href":"https:\/\/globecore.com\/es\/wp-json\/wp\/v2\/pages\/146336\/revisions"}],"predecessor-version":[{"id":336094,"href":"https:\/\/globecore.com\/es\/wp-json\/wp\/v2\/pages\/146336\/revisions\/336094"}],"up":[{"embeddable":true,"href":"https:\/\/globecore.com\/es\/wp-json\/wp\/v2\/pages\/146218"}],"wp:featuredmedia":[{"embeddable":true,"href":"https:\/\/globecore.com\/es\/wp-json\/wp\/v2\/media\/58787"}],"wp:attachment":[{"href":"https:\/\/globecore.com\/es\/wp-json\/wp\/v2\/media?parent=146336"}],"wp:term":[{"taxonomy":"category","embeddable":true,"href":"https:\/\/globecore.com\/es\/wp-json\/wp\/v2\/categories?post=146336"}],"curies":[{"name":"wp","href":"https:\/\/api.w.org\/{rel}","templated":true}]}}