{"id":146357,"date":"2021-05-13T06:02:29","date_gmt":"2021-05-13T06:02:29","guid":{"rendered":"https:\/\/globecore.com\/products\/transformer-maintenance\/uvv-vacuum-cold-trap\/"},"modified":"2026-03-06T09:27:17","modified_gmt":"2026-03-06T09:27:17","slug":"uvv-vacuum-cold-trap","status":"publish","type":"page","link":"https:\/\/globecore.com\/es\/products\/transformer-maintenance\/uvv-vacuum-cold-trap\/","title":{"rendered":"UVV Trampa Fr\u00eda de Vac\u00edo"},"content":{"rendered":"","protected":false},"excerpt":{"rendered":"<p>La trampa fr\u00eda de vac\u00edo UVV est\u00e1 dise\u00f1ada para la evacuaci\u00f3n y el secado del aislamiento s\u00f3lido en transformadores de potencia con tensiones de 110 a 1.150 kV durante la instalaci\u00f3n, el mantenimiento y las reparaciones. Seca el aislamiento s\u00f3lido mediante vac\u00edo y una trampa de baja temperatura para capturar mezclas de vapor y gas. La unidad puede utilizarse con transformadores capaces de soportar una presi\u00f3n de 26 Pa.<\/p>\n","protected":false},"author":59,"featured_media":12602,"parent":112734,"menu_order":0,"comment_status":"closed","ping_status":"closed","template":"templates\/single-product.php","meta":{"_acf_changed":false,"_bbp_topic_count":0,"_bbp_reply_count":0,"_bbp_total_topic_count":0,"_bbp_total_reply_count":0,"_bbp_voice_count":0,"_bbp_anonymous_reply_count":0,"_bbp_topic_count_hidden":0,"_bbp_reply_count_hidden":0,"_bbp_forum_subforum_count":0,"footnotes":""},"categories":[2478],"class_list":["post-146357","page","type-page","status-publish","has-post-thumbnail","hentry","category-mantenimiento-de-transformadores","oil_type-transformadores-de-distribucion","oil_type-transformadores-elevadores-es","oil_type-transformadores-para-fines-especiales","oil_type-transformadores-reductores","process_type-deshidratacion"],"acf":[],"language":"es","_links":{"self":[{"href":"https:\/\/globecore.com\/es\/wp-json\/wp\/v2\/pages\/146357","targetHints":{"allow":["GET"]}}],"collection":[{"href":"https:\/\/globecore.com\/es\/wp-json\/wp\/v2\/pages"}],"about":[{"href":"https:\/\/globecore.com\/es\/wp-json\/wp\/v2\/types\/page"}],"author":[{"embeddable":true,"href":"https:\/\/globecore.com\/es\/wp-json\/wp\/v2\/users\/59"}],"replies":[{"embeddable":true,"href":"https:\/\/globecore.com\/es\/wp-json\/wp\/v2\/comments?post=146357"}],"version-history":[{"count":2,"href":"https:\/\/globecore.com\/es\/wp-json\/wp\/v2\/pages\/146357\/revisions"}],"predecessor-version":[{"id":336120,"href":"https:\/\/globecore.com\/es\/wp-json\/wp\/v2\/pages\/146357\/revisions\/336120"}],"up":[{"embeddable":true,"href":"https:\/\/globecore.com\/es\/wp-json\/wp\/v2\/pages\/112734"}],"wp:featuredmedia":[{"embeddable":true,"href":"https:\/\/globecore.com\/es\/wp-json\/wp\/v2\/media\/12602"}],"wp:attachment":[{"href":"https:\/\/globecore.com\/es\/wp-json\/wp\/v2\/media?parent=146357"}],"wp:term":[{"taxonomy":"category","embeddable":true,"href":"https:\/\/globecore.com\/es\/wp-json\/wp\/v2\/categories?post=146357"}],"curies":[{"name":"wp","href":"https:\/\/api.w.org\/{rel}","templated":true}]}}