{"id":146361,"date":"2021-05-13T05:16:33","date_gmt":"2021-05-13T05:16:33","guid":{"rendered":"https:\/\/globecore.com\/products\/transformer-maintenance\/oil-filling-and-transportation-unit-udm\/"},"modified":"2026-03-06T12:03:32","modified_gmt":"2026-03-06T12:03:32","slug":"oil-filling-and-transportation-unit-udm","status":"publish","type":"page","link":"https:\/\/globecore.com\/es\/products\/transformer-maintenance\/oil-filling-and-transportation-unit-udm\/","title":{"rendered":"UVD-1000 Sistema de llenado y transporte de aceite"},"content":{"rendered":"","protected":false},"excerpt":{"rendered":"<p>La unidad UVD-1000 est\u00e1 dise\u00f1ada para el bombeo, almacenamiento, transporte y llenado de transformadores con aceite diel\u00e9ctrico aislante. Est\u00e1 equipada con bombas manuales o el\u00e9ctricas. La unidad tiene una capacidad de 1.000 litros y ofrece versatilidad para todas las etapas del manejo del aceite de transformador.<\/p>\n","protected":false},"author":59,"featured_media":14135,"parent":112734,"menu_order":0,"comment_status":"closed","ping_status":"closed","template":"templates\/single-product.php","meta":{"_acf_changed":false,"_bbp_topic_count":0,"_bbp_reply_count":0,"_bbp_total_topic_count":0,"_bbp_total_reply_count":0,"_bbp_voice_count":0,"_bbp_anonymous_reply_count":0,"_bbp_topic_count_hidden":0,"_bbp_reply_count_hidden":0,"_bbp_forum_subforum_count":0,"footnotes":""},"categories":[2478],"class_list":["post-146361","page","type-page","status-publish","has-post-thumbnail","hentry","category-mantenimiento-de-transformadores","oil_type-transformadores-de-distribucion","oil_type-transformadores-elevadores-es","oil_type-transformadores-para-fines-especiales","oil_type-transformadores-reductores","process_type-llenado"],"acf":[],"language":"es","_links":{"self":[{"href":"https:\/\/globecore.com\/es\/wp-json\/wp\/v2\/pages\/146361","targetHints":{"allow":["GET"]}}],"collection":[{"href":"https:\/\/globecore.com\/es\/wp-json\/wp\/v2\/pages"}],"about":[{"href":"https:\/\/globecore.com\/es\/wp-json\/wp\/v2\/types\/page"}],"author":[{"embeddable":true,"href":"https:\/\/globecore.com\/es\/wp-json\/wp\/v2\/users\/59"}],"replies":[{"embeddable":true,"href":"https:\/\/globecore.com\/es\/wp-json\/wp\/v2\/comments?post=146361"}],"version-history":[{"count":2,"href":"https:\/\/globecore.com\/es\/wp-json\/wp\/v2\/pages\/146361\/revisions"}],"predecessor-version":[{"id":336152,"href":"https:\/\/globecore.com\/es\/wp-json\/wp\/v2\/pages\/146361\/revisions\/336152"}],"up":[{"embeddable":true,"href":"https:\/\/globecore.com\/es\/wp-json\/wp\/v2\/pages\/112734"}],"wp:featuredmedia":[{"embeddable":true,"href":"https:\/\/globecore.com\/es\/wp-json\/wp\/v2\/media\/14135"}],"wp:attachment":[{"href":"https:\/\/globecore.com\/es\/wp-json\/wp\/v2\/media?parent=146361"}],"wp:term":[{"taxonomy":"category","embeddable":true,"href":"https:\/\/globecore.com\/es\/wp-json\/wp\/v2\/categories?post=146361"}],"curies":[{"name":"wp","href":"https:\/\/api.w.org\/{rel}","templated":true}]}}