{"id":146364,"date":"2021-05-13T05:27:41","date_gmt":"2021-05-13T05:27:41","guid":{"rendered":"https:\/\/globecore.com\/products\/transformer-maintenance\/uvd-vacuum-filling-unit\/"},"modified":"2026-03-06T11:59:12","modified_gmt":"2026-03-06T11:59:12","slug":"uvd-vacuum-filling-unit","status":"publish","type":"page","link":"https:\/\/globecore.com\/es\/products\/transformer-maintenance\/uvd-vacuum-filling-unit\/","title":{"rendered":"UVD Unidad de llenado al vac\u00edo"},"content":{"rendered":"","protected":false},"excerpt":{"rendered":"<p>La unidad de llenado al vac\u00edo UVD est\u00e1 dise\u00f1ada para el desgasificado, almacenamiento, transporte y adici\u00f3n de aceite de transformador en los puertos de alta tensi\u00f3n de transformadores e interruptores. Est\u00e1 destinada a su uso en centrales el\u00e9ctricas, subestaciones y otras instalaciones energ\u00e9ticas. La unidad puede preparar 30 litros de aceite, con una secci\u00f3n de llenado de 4 litros, ofreciendo versatilidad para almacenar, transportar, desgasificar y a\u00f1adir aceite de transformador.<\/p>\n","protected":false},"author":59,"featured_media":23611,"parent":112734,"menu_order":0,"comment_status":"closed","ping_status":"closed","template":"templates\/single-product.php","meta":{"_acf_changed":false,"_bbp_topic_count":0,"_bbp_reply_count":0,"_bbp_total_topic_count":0,"_bbp_total_reply_count":0,"_bbp_voice_count":0,"_bbp_anonymous_reply_count":0,"_bbp_topic_count_hidden":0,"_bbp_reply_count_hidden":0,"_bbp_forum_subforum_count":0,"footnotes":""},"categories":[2478],"class_list":["post-146364","page","type-page","status-publish","has-post-thumbnail","hentry","category-mantenimiento-de-transformadores","oil_type-transformadores-de-distribucion","oil_type-transformadores-elevadores-es","oil_type-transformadores-para-fines-especiales","oil_type-transformadores-reductores","process_type-llenado"],"acf":[],"language":"es","_links":{"self":[{"href":"https:\/\/globecore.com\/es\/wp-json\/wp\/v2\/pages\/146364","targetHints":{"allow":["GET"]}}],"collection":[{"href":"https:\/\/globecore.com\/es\/wp-json\/wp\/v2\/pages"}],"about":[{"href":"https:\/\/globecore.com\/es\/wp-json\/wp\/v2\/types\/page"}],"author":[{"embeddable":true,"href":"https:\/\/globecore.com\/es\/wp-json\/wp\/v2\/users\/59"}],"replies":[{"embeddable":true,"href":"https:\/\/globecore.com\/es\/wp-json\/wp\/v2\/comments?post=146364"}],"version-history":[{"count":2,"href":"https:\/\/globecore.com\/es\/wp-json\/wp\/v2\/pages\/146364\/revisions"}],"predecessor-version":[{"id":336148,"href":"https:\/\/globecore.com\/es\/wp-json\/wp\/v2\/pages\/146364\/revisions\/336148"}],"up":[{"embeddable":true,"href":"https:\/\/globecore.com\/es\/wp-json\/wp\/v2\/pages\/112734"}],"wp:featuredmedia":[{"embeddable":true,"href":"https:\/\/globecore.com\/es\/wp-json\/wp\/v2\/media\/23611"}],"wp:attachment":[{"href":"https:\/\/globecore.com\/es\/wp-json\/wp\/v2\/media?parent=146364"}],"wp:term":[{"taxonomy":"category","embeddable":true,"href":"https:\/\/globecore.com\/es\/wp-json\/wp\/v2\/categories?post=146364"}],"curies":[{"name":"wp","href":"https:\/\/api.w.org\/{rel}","templated":true}]}}