{"id":146367,"date":"2023-12-06T08:07:32","date_gmt":"2023-12-06T08:07:32","guid":{"rendered":"https:\/\/globecore.com\/products\/transformer-maintenance\/transformer-evacuation-unit-bv-5000\/"},"modified":"2026-03-06T11:52:04","modified_gmt":"2026-03-06T11:52:04","slug":"transformer-evacuation-unit-bv-5000","status":"publish","type":"page","link":"https:\/\/globecore.com\/es\/products\/transformer-maintenance\/transformer-evacuation-unit-bv-5000\/","title":{"rendered":"BV-5000 Unidad de Evacuaci\u00f3n de Transformadores (Capacidad 5000 m\u00b3\/h)"},"content":{"rendered":"","protected":false},"excerpt":{"rendered":"<p>La unidad de evacuaci\u00f3n de transformadores BV-5000 est\u00e1 dise\u00f1ada para generar el vac\u00edo necesario para evacuar los tanques de transformadores. Se utiliza durante el montaje, mantenimiento y operaci\u00f3n de equipos llenos de aceite, incluidos transformadores de potencia y interruptores de alta tensi\u00f3n, hasta 1.150\u202fkV. La unidad, con una velocidad geom\u00e9trica de bombeo de 5.000\u202fm\u00b3\/h, es adecuada para la evacuaci\u00f3n y secado de transformadores y es ideal para empresas de instalaci\u00f3n, reparaci\u00f3n y mantenimiento que trabajan con el tratamiento de aceite de transformadores y servicio de transformadores.<\/p>\n","protected":false},"author":7,"featured_media":108811,"parent":112734,"menu_order":0,"comment_status":"closed","ping_status":"closed","template":"templates\/single-product.php","meta":{"_acf_changed":false,"_bbp_topic_count":0,"_bbp_reply_count":0,"_bbp_total_topic_count":0,"_bbp_total_reply_count":0,"_bbp_voice_count":0,"_bbp_anonymous_reply_count":0,"_bbp_topic_count_hidden":0,"_bbp_reply_count_hidden":0,"_bbp_forum_subforum_count":0,"footnotes":""},"categories":[2478],"class_list":["post-146367","page","type-page","status-publish","has-post-thumbnail","hentry","category-mantenimiento-de-transformadores","oil_type-transformadores-de-distribucion","oil_type-transformadores-elevadores-es","oil_type-transformadores-para-fines-especiales","oil_type-transformadores-reductores","process_type-deshidratacion"],"acf":[],"language":"es","_links":{"self":[{"href":"https:\/\/globecore.com\/es\/wp-json\/wp\/v2\/pages\/146367","targetHints":{"allow":["GET"]}}],"collection":[{"href":"https:\/\/globecore.com\/es\/wp-json\/wp\/v2\/pages"}],"about":[{"href":"https:\/\/globecore.com\/es\/wp-json\/wp\/v2\/types\/page"}],"author":[{"embeddable":true,"href":"https:\/\/globecore.com\/es\/wp-json\/wp\/v2\/users\/7"}],"replies":[{"embeddable":true,"href":"https:\/\/globecore.com\/es\/wp-json\/wp\/v2\/comments?post=146367"}],"version-history":[{"count":2,"href":"https:\/\/globecore.com\/es\/wp-json\/wp\/v2\/pages\/146367\/revisions"}],"predecessor-version":[{"id":336141,"href":"https:\/\/globecore.com\/es\/wp-json\/wp\/v2\/pages\/146367\/revisions\/336141"}],"up":[{"embeddable":true,"href":"https:\/\/globecore.com\/es\/wp-json\/wp\/v2\/pages\/112734"}],"wp:featuredmedia":[{"embeddable":true,"href":"https:\/\/globecore.com\/es\/wp-json\/wp\/v2\/media\/108811"}],"wp:attachment":[{"href":"https:\/\/globecore.com\/es\/wp-json\/wp\/v2\/media?parent=146367"}],"wp:term":[{"taxonomy":"category","embeddable":true,"href":"https:\/\/globecore.com\/es\/wp-json\/wp\/v2\/categories?post=146367"}],"curies":[{"name":"wp","href":"https:\/\/api.w.org\/{rel}","templated":true}]}}