{"id":146372,"date":"2021-05-24T06:35:19","date_gmt":"2021-05-24T06:35:19","guid":{"rendered":"https:\/\/globecore.com\/products\/transformer-maintenance\/transformer-evacuation-systems-bv\/"},"modified":"2026-03-06T10:00:11","modified_gmt":"2026-03-06T10:00:11","slug":"transformer-evacuation-systems-bv","status":"publish","type":"page","link":"https:\/\/globecore.com\/es\/products\/transformer-maintenance\/transformer-evacuation-systems-bv\/","title":{"rendered":"BV-3000 Sistema de evacuaci\u00f3n de transformadores"},"content":{"rendered":"","protected":false},"excerpt":{"rendered":"<p>El sistema de evacuaci\u00f3n de transformadores BV-3000 est\u00e1 dise\u00f1ado para crear el vac\u00edo necesario para evacuar los tanques de transformadores. Se utiliza durante el montaje, mantenimiento y operaci\u00f3n de equipos llenos de aceite, incluidos transformadores de potencia y interruptores de alta tensi\u00f3n, hasta 1.150\u202fkV. La unidad es adecuada para la evacuaci\u00f3n y secado de transformadores y es ideal para empresas de instalaci\u00f3n, reparaci\u00f3n y mantenimiento que trabajan con el tratamiento de aceite de transformadores y el servicio de transformadores.<\/p>\n","protected":false},"author":59,"featured_media":36866,"parent":112734,"menu_order":0,"comment_status":"closed","ping_status":"closed","template":"templates\/single-product.php","meta":{"_acf_changed":false,"_bbp_topic_count":0,"_bbp_reply_count":0,"_bbp_total_topic_count":0,"_bbp_total_reply_count":0,"_bbp_voice_count":0,"_bbp_anonymous_reply_count":0,"_bbp_topic_count_hidden":0,"_bbp_reply_count_hidden":0,"_bbp_forum_subforum_count":0,"footnotes":""},"categories":[2478],"class_list":["post-146372","page","type-page","status-publish","has-post-thumbnail","hentry","category-mantenimiento-de-transformadores","oil_type-transformadores-de-distribucion","oil_type-transformadores-elevadores-es","oil_type-transformadores-para-fines-especiales","oil_type-transformadores-reductores","process_type-deshidratacion"],"acf":[],"language":"es","_links":{"self":[{"href":"https:\/\/globecore.com\/es\/wp-json\/wp\/v2\/pages\/146372","targetHints":{"allow":["GET"]}}],"collection":[{"href":"https:\/\/globecore.com\/es\/wp-json\/wp\/v2\/pages"}],"about":[{"href":"https:\/\/globecore.com\/es\/wp-json\/wp\/v2\/types\/page"}],"author":[{"embeddable":true,"href":"https:\/\/globecore.com\/es\/wp-json\/wp\/v2\/users\/59"}],"replies":[{"embeddable":true,"href":"https:\/\/globecore.com\/es\/wp-json\/wp\/v2\/comments?post=146372"}],"version-history":[{"count":2,"href":"https:\/\/globecore.com\/es\/wp-json\/wp\/v2\/pages\/146372\/revisions"}],"predecessor-version":[{"id":336132,"href":"https:\/\/globecore.com\/es\/wp-json\/wp\/v2\/pages\/146372\/revisions\/336132"}],"up":[{"embeddable":true,"href":"https:\/\/globecore.com\/es\/wp-json\/wp\/v2\/pages\/112734"}],"wp:featuredmedia":[{"embeddable":true,"href":"https:\/\/globecore.com\/es\/wp-json\/wp\/v2\/media\/36866"}],"wp:attachment":[{"href":"https:\/\/globecore.com\/es\/wp-json\/wp\/v2\/media?parent=146372"}],"wp:term":[{"taxonomy":"category","embeddable":true,"href":"https:\/\/globecore.com\/es\/wp-json\/wp\/v2\/categories?post=146372"}],"curies":[{"name":"wp","href":"https:\/\/api.w.org\/{rel}","templated":true}]}}